{"id":12421,"date":"2024-12-11T03:21:10","date_gmt":"2024-12-11T03:21:10","guid":{"rendered":"https:\/\/www.aungwinter.com\/?post_type=product&#038;p=12421"},"modified":"2025-09-01T01:28:03","modified_gmt":"2025-09-01T01:28:03","slug":"individuell-gestaltete-bunt-gemusterte-winter-bucket-hat-aus-gestricktem-kunstfell","status":"publish","type":"product","link":"https:\/\/www.aungwinter.com\/de\/product\/custom-variegated-knitted-faux-fur-winter-bucket-hat\/","title":{"rendered":"Individuell gestaltete, bunt gestrickte Winter-Bucket-Hat aus Kunstfell"},"content":{"rendered":"<table width=\"538\">\n<tbody>\n<tr>\n<td width=\"211\">Modellnummer<\/td>\n<td width=\"327\">Wwbh2410-013<\/td>\n<\/tr>\n<tr>\n<td>Altersgruppe<\/td>\n<td width=\"327\">\u00a0Erwachsener<\/td>\n<\/tr>\n<tr>\n<td>Stil<\/td>\n<td width=\"327\">L\u00e4ssig &amp; modisch<\/td>\n<\/tr>\n<tr>\n<td>Mindestbestellmenge<\/td>\n<td width=\"327\">25 St\u00fcck\/Modell\/Farbe<\/td>\n<\/tr>\n<tr>\n<td>Farbe<\/td>\n<td width=\"327\">Mehrfarbig<\/td>\n<\/tr>\n<tr>\n<td>Material<\/td>\n<td width=\"327\">Strickstoff, Kunstfell<\/td>\n<\/tr>\n<tr>\n<td>Logo-Gestaltung<\/td>\n<td width=\"327\">Etikett<\/td>\n<\/tr>\n<tr>\n<td>Beispielzeit<\/td>\n<td width=\"327\">3-7 Tage f\u00fcr klassische oder Standardausf\u00fchrung<\/td>\n<\/tr>\n<tr>\n<td>7 Tage Lieferzeit f\u00fcr Musterbestellungen<\/td>\n<td width=\"327\">Unterst\u00fctzung<\/td>\n<\/tr>\n<tr>\n<td>Herkunftsort<\/td>\n<td width=\"327\">Shenzhen, China<\/td>\n<\/tr>\n<tr>\n<td>Gendor<\/td>\n<td width=\"327\">Unix<\/td>\n<\/tr>\n<tr>\n<td>Markenname<\/td>\n<td width=\"327\">Aungwinter<\/td>\n<\/tr>\n<\/tbody>\n<\/table>","protected":false},"excerpt":{"rendered":"<p>Dieser ma\u00dfgeschneiderte Bucket Hat kombiniert einen strukturierten, melierten Strickstoff mit weichem Kunstfell f\u00fcr W\u00e4rme, w\u00e4hrend das Label-Logo einen pers\u00f6nlichen und stilvollen Branding-Touch verleiht.<\/p>","protected":false},"featured_media":12416,"template":"","meta":{"_seopress_robots_primary_cat":"none","_seopress_titles_title":"","_seopress_titles_desc":"","_seopress_robots_index":"","_gspb_post_css":"","_jf_limit_responses":"","_jet_sm_ready_style":"","_jet_sm_style":"","_jet_sm_controls_values":"","_jet_sm_fonts_collection":"","_jet_sm_fonts_links":""},"product_brand":[],"product_cat":[68],"product_tag":[],"hf_cat_product":[],"class_list":{"0":"post-12421","1":"product","2":"type-product","3":"status-publish","4":"has-post-thumbnail","6":"product_cat-winter-bucket-hats","8":"first","9":"instock","10":"shipping-taxable","11":"product-type-simple"},"_links":{"self":[{"href":"https:\/\/www.aungwinter.com\/de\/wp-json\/wp\/v2\/product\/12421","targetHints":{"allow":["GET"]}}],"collection":[{"href":"https:\/\/www.aungwinter.com\/de\/wp-json\/wp\/v2\/product"}],"about":[{"href":"https:\/\/www.aungwinter.com\/de\/wp-json\/wp\/v2\/types\/product"}],"wp:featuredmedia":[{"embeddable":true,"href":"https:\/\/www.aungwinter.com\/de\/wp-json\/wp\/v2\/media\/12416"}],"wp:attachment":[{"href":"https:\/\/www.aungwinter.com\/de\/wp-json\/wp\/v2\/media?parent=12421"}],"wp:term":[{"taxonomy":"product_brand","embeddable":true,"href":"https:\/\/www.aungwinter.com\/de\/wp-json\/wp\/v2\/product_brand?post=12421"},{"taxonomy":"product_cat","embeddable":true,"href":"https:\/\/www.aungwinter.com\/de\/wp-json\/wp\/v2\/product_cat?post=12421"},{"taxonomy":"product_tag","embeddable":true,"href":"https:\/\/www.aungwinter.com\/de\/wp-json\/wp\/v2\/product_tag?post=12421"},{"taxonomy":"hf_cat_product","embeddable":true,"href":"https:\/\/www.aungwinter.com\/de\/wp-json\/wp\/v2\/hf_cat_product?post=12421"}],"curies":[{"name":"wp","href":"https:\/\/api.w.org\/{rel}","templated":true}]}}