{"id":12460,"date":"2024-12-13T03:22:33","date_gmt":"2024-12-13T03:22:33","guid":{"rendered":"https:\/\/www.aungwinter.com\/?post_type=product&#038;p=12460"},"modified":"2025-08-23T01:07:11","modified_gmt":"2025-08-23T01:07:11","slug":"kinder-niedliche-hasen-barenohren-sturmhauben-wk2410-03","status":"publish","type":"product","link":"https:\/\/www.aungwinter.com\/de\/product\/kids-adorable-rabbit-bear-ears-balaclavas-wk2410-03\/","title":{"rendered":"Entz\u00fcckende Balaclavas mit Hasen-\/B\u00e4renohren f\u00fcr Kinder Wk2410-03"},"content":{"rendered":"<table width=\"608\">\n<tbody>\n<tr>\n<td width=\"233\">ID:<\/td>\n<td width=\"375\">Woche 2410-03<\/td>\n<\/tr>\n<tr>\n<td>Gr\u00f6\u00dfe:<\/td>\n<td>\u00a0Kinder<\/td>\n<\/tr>\n<tr>\n<td>Stil:<\/td>\n<td>L\u00e4ssig &amp; modisch<\/td>\n<\/tr>\n<tr>\n<td>Mindestbestellmenge:<\/td>\n<td>25 St\u00fcck\/Modell\/Farbe<\/td>\n<\/tr>\n<tr>\n<td>Farbe:<\/td>\n<td>Mehrfarbig<\/td>\n<\/tr>\n<tr>\n<td>Material:<\/td>\n<td>Merinowolle und Polyester<\/td>\n<\/tr>\n<tr>\n<td>Logo-Gestaltung:<\/td>\n<td>Etikett oder benutzerdefiniert<\/td>\n<\/tr>\n<tr>\n<td>Beispielzeit:<\/td>\n<td>\u00a03-7 Tage f\u00fcr klassische oder Standardausf\u00fchrung<\/td>\n<\/tr>\n<tr>\n<td>Markenname<\/td>\n<td>Aungwinter<\/td>\n<\/tr>\n<tr>\n<td>Herkunft<\/td>\n<td>Shenzhen, China<\/td>\n<\/tr>\n<\/tbody>\n<\/table>","protected":false},"excerpt":{"rendered":"<p>Diese entz\u00fcckenden Kinder-Sturmhauben mit niedlichen Hasen- oder B\u00e4renohren aus weichem, kuscheligem Stoff sorgen f\u00fcr W\u00e4rme und Komfort und verleihen jedem Winteroutfit eine verspielte Note.<\/p>","protected":false},"featured_media":12454,"template":"","meta":{"_seopress_robots_primary_cat":"none","_seopress_titles_title":"","_seopress_titles_desc":"","_seopress_robots_index":"","_gspb_post_css":"","_jf_limit_responses":"","_jet_sm_ready_style":"","_jet_sm_style":"","_jet_sm_controls_values":"","_jet_sm_fonts_collection":"","_jet_sm_fonts_links":""},"product_brand":[],"product_cat":[86],"product_tag":[],"hf_cat_product":[],"class_list":{"0":"post-12460","1":"product","2":"type-product","3":"status-publish","4":"has-post-thumbnail","6":"product_cat-kids-winter-accessories","8":"first","9":"instock","10":"shipping-taxable","11":"product-type-simple"},"_links":{"self":[{"href":"https:\/\/www.aungwinter.com\/de\/wp-json\/wp\/v2\/product\/12460","targetHints":{"allow":["GET"]}}],"collection":[{"href":"https:\/\/www.aungwinter.com\/de\/wp-json\/wp\/v2\/product"}],"about":[{"href":"https:\/\/www.aungwinter.com\/de\/wp-json\/wp\/v2\/types\/product"}],"wp:featuredmedia":[{"embeddable":true,"href":"https:\/\/www.aungwinter.com\/de\/wp-json\/wp\/v2\/media\/12454"}],"wp:attachment":[{"href":"https:\/\/www.aungwinter.com\/de\/wp-json\/wp\/v2\/media?parent=12460"}],"wp:term":[{"taxonomy":"product_brand","embeddable":true,"href":"https:\/\/www.aungwinter.com\/de\/wp-json\/wp\/v2\/product_brand?post=12460"},{"taxonomy":"product_cat","embeddable":true,"href":"https:\/\/www.aungwinter.com\/de\/wp-json\/wp\/v2\/product_cat?post=12460"},{"taxonomy":"product_tag","embeddable":true,"href":"https:\/\/www.aungwinter.com\/de\/wp-json\/wp\/v2\/product_tag?post=12460"},{"taxonomy":"hf_cat_product","embeddable":true,"href":"https:\/\/www.aungwinter.com\/de\/wp-json\/wp\/v2\/hf_cat_product?post=12460"}],"curies":[{"name":"wp","href":"https:\/\/api.w.org\/{rel}","templated":true}]}}