{"id":12483,"date":"2024-12-17T07:08:15","date_gmt":"2024-12-17T07:08:15","guid":{"rendered":"https:\/\/www.aungwinter.com\/?post_type=product&#038;p=12483"},"modified":"2025-09-01T08:00:11","modified_gmt":"2025-09-01T08:00:11","slug":"individuell-bestickbare-winter-baseballkappe-aus-polyester-mit-ohrenklappen","status":"publish","type":"product","link":"https:\/\/www.aungwinter.com\/de\/product\/custom-polyester-embroidery-earflap-winter-baseball-cap\/","title":{"rendered":"Individuell gestaltete Winter-Baseballkappe aus Polyester mit Stickerei und Ohrenklappen"},"content":{"rendered":"<table width=\"538\">\n<tbody>\n<tr>\n<td width=\"211\">ID:<\/td>\n<td width=\"327\">Wir2410-4<\/td>\n<\/tr>\n<tr>\n<td>Gr\u00f6\u00dfe:<\/td>\n<td width=\"327\">Erwachsene<\/td>\n<\/tr>\n<tr>\n<td>Stil:<\/td>\n<td width=\"327\">\u00a0L\u00e4ssig &amp; modisch<\/td>\n<\/tr>\n<tr>\n<td>Mindestbestellmenge:<\/td>\n<td width=\"327\">25 St\u00fcck\/Modell\/Farbe<\/td>\n<\/tr>\n<tr>\n<td>Farbe:<\/td>\n<td width=\"327\">Braun und Schwarz<\/td>\n<\/tr>\n<tr>\n<td>Material:<\/td>\n<td width=\"327\">Polyester, recyceltes PET, Pl\u00fcsch und Nylon<\/td>\n<\/tr>\n<tr>\n<td>Logo-Gestaltung:<\/td>\n<td width=\"327\">\u00a0Stickerei oder Sonderanfertigung<\/td>\n<\/tr>\n<tr>\n<td>Beispielzeit:<\/td>\n<td width=\"327\">3-7 Tage f\u00fcr klassische oder Standardausf\u00fchrung<\/td>\n<\/tr>\n<tr>\n<td>Markenname<\/td>\n<td width=\"327\">Aungwinter<\/td>\n<\/tr>\n<tr>\n<td>Herkunft<\/td>\n<td width=\"327\">Guangdong, China<\/td>\n<\/tr>\n<\/tbody>\n<\/table>","protected":false},"excerpt":{"rendered":"<p>Die Winter-Baseballkappe mit Ohrenklappen besteht aus warmem Polyester, verf\u00fcgt \u00fcber praktische Ohrenklappen zum Schutz vor K\u00e4lte und ist mit detaillierten Stickereien versehen, die f\u00fcr einen stilvollen und individuellen Wintersport-Look sorgen.<\/p>","protected":false},"featured_media":12498,"template":"","meta":{"_seopress_robots_primary_cat":"none","_seopress_titles_title":"","_seopress_titles_desc":"","_seopress_robots_index":"","_gspb_post_css":"","_jf_limit_responses":"","_jet_sm_ready_style":"","_jet_sm_style":"","_jet_sm_controls_values":"","_jet_sm_fonts_collection":"","_jet_sm_fonts_links":""},"product_brand":[],"product_cat":[31],"product_tag":[],"hf_cat_product":[],"class_list":{"0":"post-12483","1":"product","2":"type-product","3":"status-publish","4":"has-post-thumbnail","6":"product_cat-earflap-hats","8":"first","9":"instock","10":"shipping-taxable","11":"product-type-simple"},"_links":{"self":[{"href":"https:\/\/www.aungwinter.com\/de\/wp-json\/wp\/v2\/product\/12483","targetHints":{"allow":["GET"]}}],"collection":[{"href":"https:\/\/www.aungwinter.com\/de\/wp-json\/wp\/v2\/product"}],"about":[{"href":"https:\/\/www.aungwinter.com\/de\/wp-json\/wp\/v2\/types\/product"}],"wp:featuredmedia":[{"embeddable":true,"href":"https:\/\/www.aungwinter.com\/de\/wp-json\/wp\/v2\/media\/12498"}],"wp:attachment":[{"href":"https:\/\/www.aungwinter.com\/de\/wp-json\/wp\/v2\/media?parent=12483"}],"wp:term":[{"taxonomy":"product_brand","embeddable":true,"href":"https:\/\/www.aungwinter.com\/de\/wp-json\/wp\/v2\/product_brand?post=12483"},{"taxonomy":"product_cat","embeddable":true,"href":"https:\/\/www.aungwinter.com\/de\/wp-json\/wp\/v2\/product_cat?post=12483"},{"taxonomy":"product_tag","embeddable":true,"href":"https:\/\/www.aungwinter.com\/de\/wp-json\/wp\/v2\/product_tag?post=12483"},{"taxonomy":"hf_cat_product","embeddable":true,"href":"https:\/\/www.aungwinter.com\/de\/wp-json\/wp\/v2\/hf_cat_product?post=12483"}],"curies":[{"name":"wp","href":"https:\/\/api.w.org\/{rel}","templated":true}]}}