{"id":12701,"date":"2024-12-31T02:35:40","date_gmt":"2024-12-31T02:35:40","guid":{"rendered":"https:\/\/www.aungwinter.com\/?post_type=product&#038;p=12701"},"modified":"2024-12-31T02:35:40","modified_gmt":"2024-12-31T02:35:40","slug":"masgefertigte-acryl-jacquard-mutze-ohne-umschlag-mit-stern-logo-fur-sportler","status":"publish","type":"product","link":"https:\/\/www.aungwinter.com\/de\/product\/custom-cuffless-custom-acrylic-jacquard-logo-star-beanie-for-sports\/","title":{"rendered":"Ma\u00dfgeschneiderte, manschettenlose Acryl-Jacquard-M\u00fctze mit Stern-Logo f\u00fcr Sportler"},"content":{"rendered":"<table style=\"border-collapse: collapse; width: 585.02pt;\" border=\"0\" width=\"780\" cellspacing=\"0\" cellpadding=\"0\">\n<tbody>\n<tr style=\"height: 33.00pt;\">\n<td class=\"et3\" style=\"height: 33.00pt; width: 204.00pt;\" width=\"272\" height=\"44\">Material<\/td>\n<td class=\"et4\" style=\"width: 381.00pt;\" width=\"508\">100% Acryl<\/td>\n<\/tr>\n<tr style=\"height: 33.00pt;\">\n<td class=\"et3\" style=\"height: 33.00pt;\" height=\"44\">Techniken<\/td>\n<td class=\"et4\" style=\"width: 381.00pt;\" width=\"508\">Siebdruck, Thermotransferdruck, Maschinenstickerei, Handstickerei, 3D-Stickerei<\/td>\n<\/tr>\n<tr style=\"height: 33.00pt;\">\n<td class=\"et3\" style=\"height: 33.00pt;\" height=\"44\">Herkunftsort<\/td>\n<td class=\"et4\" style=\"width: 381.00pt;\" width=\"508\">Guangdong, China<\/td>\n<\/tr>\n<tr style=\"height: 33.00pt;\">\n<td class=\"et3\" style=\"height: 33.00pt;\" height=\"44\">Druckverfahren<\/td>\n<td class=\"et4\" style=\"width: 381.00pt;\" width=\"508\">Sublimationstransferdruck, Digitaldruck, Pr\u00e4gung, Erhabener Gummidruck, Puffdruck<\/td>\n<\/tr>\n<tr style=\"height: 33.00pt;\">\n<td class=\"et3\" style=\"height: 33.00pt;\" height=\"44\">Geschlecht<\/td>\n<td class=\"et4\" style=\"width: 381.00pt;\" width=\"508\">Unisex<\/td>\n<\/tr>\n<tr style=\"height: 34.00pt;\">\n<td class=\"et3\" style=\"height: 34.00pt;\" height=\"45\">Mustertyp<\/td>\n<td class=\"et4\" style=\"width: 381.00pt;\" width=\"508\">Tier, Cartoon, Figur, DOT, Blatt, Leopard, Sonstiges, Einfarbig, Gestreift<\/td>\n<\/tr>\n<tr style=\"height: 33.00pt;\">\n<td class=\"et3\" style=\"height: 33.00pt;\" height=\"44\">Anwendbare Szene<\/td>\n<td class=\"et4\" style=\"width: 381.00pt;\" width=\"508\">Sport, Reisen, Outdoor, Alltag, Freizeit, Party, Strand, Gesch\u00e4ft, Einkaufen, Reisen, Heimgebrauch<\/td>\n<\/tr>\n<tr style=\"height: 33.00pt;\">\n<td class=\"et3\" style=\"height: 33.00pt;\" height=\"44\">Markenname<\/td>\n<td class=\"et4\" style=\"width: 381.00pt;\" width=\"508\">Aungwinter<\/td>\n<\/tr>\n<tr style=\"height: 33.00pt;\">\n<td class=\"et3\" style=\"height: 33.00pt;\" height=\"44\">Modellnummer<\/td>\n<td class=\"et4\" style=\"width: 381.00pt;\" width=\"508\">AWB202309250132<\/td>\n<\/tr>\n<tr style=\"height: 33.00pt;\">\n<td class=\"et3\" style=\"height: 33.00pt;\" height=\"44\">Stoffmerkmale<\/td>\n<td class=\"et4\" style=\"width: 381.00pt;\" width=\"508\">GEMEINSAM<\/td>\n<\/tr>\n<tr style=\"height: 33.00pt;\">\n<td class=\"et3\" style=\"height: 33.00pt;\" height=\"44\">Gr\u00f6\u00dfe<\/td>\n<td class=\"et4\" style=\"width: 381.00pt;\" width=\"508\">23 x 23 cm<\/td>\n<\/tr>\n<tr style=\"height: 33.00pt;\">\n<td class=\"et3\" style=\"height: 33.00pt;\" height=\"44\">Altersgruppe<\/td>\n<td class=\"et4\" style=\"width: 381.00pt;\" width=\"508\">Erwachsene<\/td>\n<\/tr>\n<tr style=\"height: 33.00pt;\">\n<td class=\"et3\" style=\"height: 33.00pt;\" height=\"44\">Stil<\/td>\n<td class=\"et4\" style=\"width: 381.00pt;\" width=\"508\">Y2K<\/td>\n<\/tr>\n<tr style=\"height: 33.00pt;\">\n<td class=\"et3\" style=\"height: 33.00pt;\" height=\"44\">Produktname<\/td>\n<td class=\"et4\" style=\"width: 381.00pt;\" width=\"508\">Stern-M\u00fctze<\/td>\n<\/tr>\n<tr style=\"height: 33.00pt;\">\n<td class=\"et3\" style=\"height: 33.00pt;\" height=\"44\">Logo<\/td>\n<td class=\"et4\" style=\"width: 381.00pt;\" width=\"508\">Individuelles Logo akzeptieren<\/td>\n<\/tr>\n<tr style=\"height: 33.00pt;\">\n<td style=\"height: 33.00pt;\" height=\"44\">Mindestbestellmenge<\/td>\n<td class=\"et2\">50 St\u00fcck<\/td>\n<\/tr>\n<\/tbody>\n<\/table>","protected":false},"excerpt":{"rendered":"<p>Die Star Beanie f\u00fcr Sport zeichnet sich durch ein elegantes Design ohne Umschlag, weiches und strapazierf\u00e4higes Acrylmaterial, ein stilvolles Jacquard-Sternmuster und ein individuell gestaltbares Logo aus und ist damit die perfekte Mischung aus Komfort, Leistung und sportlicher Mode.<\/p>","protected":false},"featured_media":12706,"template":"","meta":{"_seopress_robots_primary_cat":"","_seopress_titles_title":"","_seopress_titles_desc":"","_seopress_robots_index":"","_gspb_post_css":"","_jf_limit_responses":"","_jet_sm_ready_style":"","_jet_sm_style":"","_jet_sm_controls_values":"","_jet_sm_fonts_collection":"","_jet_sm_fonts_links":""},"product_brand":[],"product_cat":[23],"product_tag":[],"hf_cat_product":[],"class_list":{"0":"post-12701","1":"product","2":"type-product","3":"status-publish","4":"has-post-thumbnail","6":"product_cat-cuffless-beanies","8":"first","9":"instock","10":"shipping-taxable","11":"product-type-simple"},"_links":{"self":[{"href":"https:\/\/www.aungwinter.com\/de\/wp-json\/wp\/v2\/product\/12701","targetHints":{"allow":["GET"]}}],"collection":[{"href":"https:\/\/www.aungwinter.com\/de\/wp-json\/wp\/v2\/product"}],"about":[{"href":"https:\/\/www.aungwinter.com\/de\/wp-json\/wp\/v2\/types\/product"}],"wp:featuredmedia":[{"embeddable":true,"href":"https:\/\/www.aungwinter.com\/de\/wp-json\/wp\/v2\/media\/12706"}],"wp:attachment":[{"href":"https:\/\/www.aungwinter.com\/de\/wp-json\/wp\/v2\/media?parent=12701"}],"wp:term":[{"taxonomy":"product_brand","embeddable":true,"href":"https:\/\/www.aungwinter.com\/de\/wp-json\/wp\/v2\/product_brand?post=12701"},{"taxonomy":"product_cat","embeddable":true,"href":"https:\/\/www.aungwinter.com\/de\/wp-json\/wp\/v2\/product_cat?post=12701"},{"taxonomy":"product_tag","embeddable":true,"href":"https:\/\/www.aungwinter.com\/de\/wp-json\/wp\/v2\/product_tag?post=12701"},{"taxonomy":"hf_cat_product","embeddable":true,"href":"https:\/\/www.aungwinter.com\/de\/wp-json\/wp\/v2\/hf_cat_product?post=12701"}],"curies":[{"name":"wp","href":"https:\/\/api.w.org\/{rel}","templated":true}]}}