{"id":12713,"date":"2025-01-03T04:14:42","date_gmt":"2025-01-03T04:14:42","guid":{"rendered":"https:\/\/www.aungwinter.com\/?post_type=product&#038;p=12713"},"modified":"2025-07-25T01:17:28","modified_gmt":"2025-07-25T01:17:28","slug":"wintermutze-aus-acryl-jacquard-mit-pompon-und-gesticktem-logo","status":"publish","type":"product","link":"https:\/\/www.aungwinter.com\/de\/product\/winter-acrylic-jacquard-custom-pom-pom-beanie-with-embroidery-logo\/","title":{"rendered":"Winter-Acryl-Jacquard-M\u00fctze mit Pompon und gesticktem Logo"},"content":{"rendered":"<table class=\"alignleft\" style=\"border-collapse: collapse; width: 585.02pt;\" border=\"0\" width=\"780\" cellspacing=\"0\" cellpadding=\"0\">\n<tbody>\n<tr style=\"height: 33.00pt;\">\n<td class=\"et2\" style=\"height: 33.00pt; width: 204.00pt;\" width=\"272\" height=\"44\">Material<\/td>\n<td class=\"et3\" style=\"width: 381.00pt;\" width=\"508\">100% Acryl<\/td>\n<\/tr>\n<tr style=\"height: 33.00pt;\">\n<td class=\"et2\" style=\"height: 33.00pt;\" height=\"44\">Techniken<\/td>\n<td class=\"et3\" style=\"width: 381.00pt;\" width=\"508\">Maschinenstickerei<\/td>\n<\/tr>\n<tr style=\"height: 33.00pt;\">\n<td class=\"et2\" style=\"height: 33.00pt;\" height=\"44\">Herkunftsort<\/td>\n<td class=\"et3\" style=\"width: 381.00pt;\" width=\"508\">Shenzhen, China<\/td>\n<\/tr>\n<tr style=\"height: 33.00pt;\">\n<td class=\"et2\" style=\"height: 33.00pt;\" height=\"44\">Druckverfahren<\/td>\n<td class=\"et3\" style=\"width: 381.00pt;\" width=\"508\">Keine<\/td>\n<\/tr>\n<tr style=\"height: 33.00pt;\">\n<td class=\"et2\" style=\"height: 33.00pt;\" height=\"44\">Geschlecht<\/td>\n<td class=\"et3\" style=\"width: 381.00pt;\" width=\"508\">Unisex<\/td>\n<\/tr>\n<tr style=\"height: 33.00pt;\">\n<td class=\"et2\" style=\"height: 33.00pt;\" height=\"44\">Anwendbare Szene<\/td>\n<td class=\"et3\" style=\"width: 381.00pt;\" width=\"508\">Outdoor, Sport, Einkaufen gehen, Skifahren, T\u00e4glich, Reisen<\/td>\n<\/tr>\n<tr style=\"height: 33.00pt;\">\n<td class=\"et2\" style=\"height: 33.00pt;\" height=\"44\">Markenname<\/td>\n<td class=\"et3\" style=\"width: 381.00pt;\" width=\"508\">Aungwinter<\/td>\n<\/tr>\n<tr style=\"height: 33.00pt;\">\n<td class=\"et2\" style=\"height: 33.00pt;\" height=\"44\">Modellnummer<\/td>\n<td class=\"et3\" style=\"width: 381.00pt;\" width=\"508\">AW20230520-4<\/td>\n<\/tr>\n<tr style=\"height: 33.00pt;\">\n<td class=\"et2\" style=\"height: 33.00pt;\" height=\"44\">Stoffmerkmale<\/td>\n<td class=\"et3\" style=\"width: 381.00pt;\" width=\"508\">GEMEINSAM<\/td>\n<\/tr>\n<tr style=\"height: 33.00pt;\">\n<td class=\"et2\" style=\"height: 33.00pt;\" height=\"44\">Gr\u00f6\u00dfe<\/td>\n<td class=\"et3\" style=\"width: 381.00pt;\" width=\"508\">Erwachsenengr\u00f6\u00dfe<\/td>\n<\/tr>\n<tr style=\"height: 33.00pt;\">\n<td class=\"et2\" style=\"height: 33.00pt;\" height=\"44\">Altersgruppe<\/td>\n<td class=\"et3\" style=\"width: 381.00pt;\" width=\"508\">Erwachsene<\/td>\n<\/tr>\n<tr style=\"height: 33.00pt;\">\n<td class=\"et2\" style=\"height: 33.00pt;\" height=\"44\">Stil<\/td>\n<td class=\"et3\" style=\"width: 381.00pt;\" width=\"508\">Dobby<\/td>\n<\/tr>\n<tr style=\"height: 33.00pt;\">\n<td class=\"et2\" style=\"height: 33.00pt;\" height=\"44\">Produktionszeit<\/td>\n<td class=\"et3\" style=\"width: 381.00pt;\" width=\"508\">2\u20133 Wochen nach Ihrer Bestellung<\/td>\n<\/tr>\n<tr style=\"height: 33.00pt;\">\n<td class=\"et2\" style=\"height: 33.00pt;\" height=\"44\">Individuelles Design<\/td>\n<td class=\"et3\" style=\"width: 381.00pt;\" width=\"508\">Jacquard, Stickerei, Druck &amp; OEM<\/td>\n<\/tr>\n<tr style=\"height: 33.00pt;\">\n<td class=\"et2\" style=\"height: 33.00pt;\" height=\"44\">Stil<\/td>\n<td class=\"et3\" style=\"width: 381.00pt;\" width=\"508\">Neueste Mode<\/td>\n<\/tr>\n<tr style=\"height: 33.00pt;\">\n<td class=\"et2\" style=\"height: 33.00pt;\" height=\"44\">Mindestbestellmenge<\/td>\n<td class=\"et3\" style=\"width: 381.00pt;\" width=\"508\">50 St\u00fcck, 1 St\u00fcck Probe zur Qualit\u00e4tspr\u00fcfung akzeptiert<\/td>\n<\/tr>\n<tr style=\"height: 33.00pt;\">\n<td class=\"et2\" style=\"height: 33.00pt;\" height=\"44\">Probengeb\u00fchr<\/td>\n<td class=\"et3\" style=\"width: 381.00pt;\" width=\"508\">kann zu Ihnen zur\u00fcckkehren, wenn Sie eine Bestellung bei uns aufgeben<\/td>\n<\/tr>\n<tr style=\"height: 33.00pt;\">\n<td class=\"et2\" style=\"height: 33.00pt;\" height=\"44\">Verwendung<\/td>\n<td class=\"et3\" style=\"width: 381.00pt;\" width=\"508\">Aktivit\u00e4ten im Freien<\/td>\n<\/tr>\n<tr style=\"height: 33.00pt;\">\n<td class=\"et2\" style=\"height: 33.00pt;\" height=\"44\">Design<\/td>\n<td class=\"et3\" style=\"width: 381.00pt;\" width=\"508\">Individuelles Logo, Farbe, Gr\u00f6\u00dfe<\/td>\n<\/tr>\n<tr style=\"height: 33.00pt;\">\n<td style=\"height: 33.00pt;\" height=\"44\">Dienstleistung<\/td>\n<td>OEM ODM Kundenspezifisch<\/td>\n<\/tr>\n<tr style=\"height: 33.00pt;\">\n<td style=\"height: 33.00pt;\" height=\"44\">Lieferzeit<\/td>\n<td>7\u201320 Tage<\/td>\n<\/tr>\n<tr style=\"height: 33.00pt;\">\n<td style=\"height: 33.00pt;\" height=\"44\">Muster<\/td>\n<td>gestrickt<\/td>\n<\/tr>\n<\/tbody>\n<\/table>","protected":false},"excerpt":{"rendered":"<p>Diese individuell gestaltbare Pompon-M\u00fctze besteht aus kuscheligem Acrylstrick mit stilvollem Jacquardmuster, ist mit einem lustigen Pompon verziert und kann individuell bestickt werden. Damit ist sie sowohl ein modisches als auch ein funktionales Winteraccessoire.<\/p>","protected":false},"featured_media":12716,"template":"","meta":{"_seopress_robots_primary_cat":"none","_seopress_titles_title":"","_seopress_titles_desc":"","_seopress_robots_index":"","_gspb_post_css":"","_jf_limit_responses":"","_jet_sm_ready_style":"","_jet_sm_style":"","_jet_sm_controls_values":"","_jet_sm_fonts_collection":"","_jet_sm_fonts_links":""},"product_brand":[],"product_cat":[25],"product_tag":[],"hf_cat_product":[],"class_list":{"0":"post-12713","1":"product","2":"type-product","3":"status-publish","4":"has-post-thumbnail","6":"product_cat-pompom-beanies","8":"first","9":"instock","10":"shipping-taxable","11":"product-type-simple"},"_links":{"self":[{"href":"https:\/\/www.aungwinter.com\/de\/wp-json\/wp\/v2\/product\/12713","targetHints":{"allow":["GET"]}}],"collection":[{"href":"https:\/\/www.aungwinter.com\/de\/wp-json\/wp\/v2\/product"}],"about":[{"href":"https:\/\/www.aungwinter.com\/de\/wp-json\/wp\/v2\/types\/product"}],"wp:featuredmedia":[{"embeddable":true,"href":"https:\/\/www.aungwinter.com\/de\/wp-json\/wp\/v2\/media\/12716"}],"wp:attachment":[{"href":"https:\/\/www.aungwinter.com\/de\/wp-json\/wp\/v2\/media?parent=12713"}],"wp:term":[{"taxonomy":"product_brand","embeddable":true,"href":"https:\/\/www.aungwinter.com\/de\/wp-json\/wp\/v2\/product_brand?post=12713"},{"taxonomy":"product_cat","embeddable":true,"href":"https:\/\/www.aungwinter.com\/de\/wp-json\/wp\/v2\/product_cat?post=12713"},{"taxonomy":"product_tag","embeddable":true,"href":"https:\/\/www.aungwinter.com\/de\/wp-json\/wp\/v2\/product_tag?post=12713"},{"taxonomy":"hf_cat_product","embeddable":true,"href":"https:\/\/www.aungwinter.com\/de\/wp-json\/wp\/v2\/hf_cat_product?post=12713"}],"curies":[{"name":"wp","href":"https:\/\/api.w.org\/{rel}","templated":true}]}}