{"id":12770,"date":"2025-01-13T03:04:26","date_gmt":"2025-01-13T03:04:26","guid":{"rendered":"https:\/\/www.aungwinter.com\/?post_type=product&#038;p=12770"},"modified":"2025-09-01T09:00:46","modified_gmt":"2025-09-01T09:00:46","slug":"masgefertigte-wintermutze-aus-schlichter-wolle-und-polyester-mit-verstellbaren-ohrenklappen","status":"publish","type":"product","link":"https:\/\/www.aungwinter.com\/de\/product\/custom-plain-wool-polyester-adjustable-earflap-winter-hat\/","title":{"rendered":"Ma\u00dfgeschneiderte Winterm\u00fctze aus reiner Wolle und Polyester mit verstellbaren Ohrenklappen"},"content":{"rendered":"<table width=\"538\">\n<tbody>\n<tr>\n<td width=\"211\">Modellnummer<\/td>\n<td width=\"327\">Wir2410-8<\/td>\n<\/tr>\n<tr>\n<td>Altersgruppe<\/td>\n<td width=\"327\">\u00a0Erwachsener<\/td>\n<\/tr>\n<tr>\n<td>Stil<\/td>\n<td width=\"327\">L\u00e4ssig &amp; modisch<\/td>\n<\/tr>\n<tr>\n<td>Mindestbestellmenge<\/td>\n<td width=\"327\">25 St\u00fcck\/Modell\/Farbe<\/td>\n<\/tr>\n<tr>\n<td>Farbe<\/td>\n<td width=\"327\">Schwarz, Beige und Kaffeefarben<\/td>\n<\/tr>\n<tr>\n<td>Material<\/td>\n<td width=\"327\">30% Wolle und 70% Polyester<\/td>\n<\/tr>\n<tr>\n<td>Logo-Gestaltung<\/td>\n<td width=\"327\">Kundenspezifisch<\/td>\n<\/tr>\n<tr>\n<td>Beispielzeit<\/td>\n<td width=\"327\">3-7 Tage f\u00fcr klassische oder Standardausf\u00fchrung<\/td>\n<\/tr>\n<tr>\n<td>7 Tage Lieferzeit f\u00fcr Musterbestellungen<\/td>\n<td width=\"327\">Unterst\u00fctzung<\/td>\n<\/tr>\n<tr>\n<td>Herkunftsort<\/td>\n<td width=\"327\">Shenzhen, China<\/td>\n<\/tr>\n<tr>\n<td>Gendor<\/td>\n<td width=\"327\">Unix<\/td>\n<\/tr>\n<tr>\n<td>Markenname<\/td>\n<td width=\"327\">Aungwinter<\/td>\n<\/tr>\n<\/tbody>\n<\/table>","protected":false},"excerpt":{"rendered":"<p>Die Winterm\u00fctze kombiniert warme Wolle und strapazierf\u00e4higes Polyester f\u00fcr kuschelige Winterkleidung, verf\u00fcgt \u00fcber verstellbare Ohrenklappen f\u00fcr eine individuelle Passform und Schutz und ein schlichtes, einfarbiges Design f\u00fcr einen vielseitigen Stil.<\/p>","protected":false},"featured_media":12776,"template":"","meta":{"_seopress_robots_primary_cat":"none","_seopress_titles_title":"","_seopress_titles_desc":"","_seopress_robots_index":"","_gspb_post_css":"","_jf_limit_responses":"","_jet_sm_ready_style":"","_jet_sm_style":"","_jet_sm_controls_values":"","_jet_sm_fonts_collection":"","_jet_sm_fonts_links":""},"product_brand":[],"product_cat":[31],"product_tag":[],"hf_cat_product":[],"class_list":{"0":"post-12770","1":"product","2":"type-product","3":"status-publish","4":"has-post-thumbnail","6":"product_cat-earflap-hats","8":"first","9":"instock","10":"shipping-taxable","11":"product-type-simple"},"_links":{"self":[{"href":"https:\/\/www.aungwinter.com\/de\/wp-json\/wp\/v2\/product\/12770","targetHints":{"allow":["GET"]}}],"collection":[{"href":"https:\/\/www.aungwinter.com\/de\/wp-json\/wp\/v2\/product"}],"about":[{"href":"https:\/\/www.aungwinter.com\/de\/wp-json\/wp\/v2\/types\/product"}],"wp:featuredmedia":[{"embeddable":true,"href":"https:\/\/www.aungwinter.com\/de\/wp-json\/wp\/v2\/media\/12776"}],"wp:attachment":[{"href":"https:\/\/www.aungwinter.com\/de\/wp-json\/wp\/v2\/media?parent=12770"}],"wp:term":[{"taxonomy":"product_brand","embeddable":true,"href":"https:\/\/www.aungwinter.com\/de\/wp-json\/wp\/v2\/product_brand?post=12770"},{"taxonomy":"product_cat","embeddable":true,"href":"https:\/\/www.aungwinter.com\/de\/wp-json\/wp\/v2\/product_cat?post=12770"},{"taxonomy":"product_tag","embeddable":true,"href":"https:\/\/www.aungwinter.com\/de\/wp-json\/wp\/v2\/product_tag?post=12770"},{"taxonomy":"hf_cat_product","embeddable":true,"href":"https:\/\/www.aungwinter.com\/de\/wp-json\/wp\/v2\/hf_cat_product?post=12770"}],"curies":[{"name":"wp","href":"https:\/\/api.w.org\/{rel}","templated":true}]}}