{"id":12808,"date":"2025-01-14T03:29:28","date_gmt":"2025-01-14T03:29:28","guid":{"rendered":"https:\/\/www.aungwinter.com\/?post_type=product&#038;p=12808"},"modified":"2025-01-15T07:18:34","modified_gmt":"2025-01-15T07:18:34","slug":"unisex-mutze-aus-acryl-jacquard-mit-allover-print-und-individuellem-logo-ohne-umschlag","status":"publish","type":"product","link":"https:\/\/www.aungwinter.com\/de\/product\/custom-logo-cuffless-all-over-print-unisex-acrylic-jacquard-beanie\/","title":{"rendered":"Unisex-Acryl-Jacquard-M\u00fctze mit Allover-Print und individuellem Logo ohne Umschlag"},"content":{"rendered":"<table style=\"border-collapse: collapse; width: 585.02pt;\" border=\"0\" width=\"780\" cellspacing=\"0\" cellpadding=\"0\">\n<tbody>\n<tr style=\"height: 33.00pt;\">\n<td class=\"et2\" style=\"height: 33.00pt; width: 204.00pt;\" width=\"272\" height=\"44\">Material<\/td>\n<td class=\"et3\" style=\"width: 381.00pt;\" width=\"508\">100% Acryl<\/td>\n<\/tr>\n<tr style=\"height: 33.00pt;\">\n<td class=\"et2\" style=\"height: 33.00pt;\" height=\"44\">Techniken<\/td>\n<td class=\"et3\" style=\"width: 381.00pt;\" width=\"508\">Siebdruck, Thermotransferdruck<\/td>\n<\/tr>\n<tr style=\"height: 33.00pt;\">\n<td class=\"et2\" style=\"height: 33.00pt;\" height=\"44\">Herkunftsort<\/td>\n<td class=\"et3\" style=\"width: 381.00pt;\" width=\"508\">Guangdong, China<\/td>\n<\/tr>\n<tr style=\"height: 33.00pt;\">\n<td class=\"et2\" style=\"height: 33.00pt;\" height=\"44\">Druckverfahren<\/td>\n<td class=\"et3\" style=\"width: 381.00pt;\" width=\"508\">Sublimationstransfertransferdruck, Digitaldruck<\/td>\n<\/tr>\n<tr style=\"height: 33.00pt;\">\n<td class=\"et2\" style=\"height: 33.00pt;\" height=\"44\">Geschlecht<\/td>\n<td class=\"et3\" style=\"width: 381.00pt;\" width=\"508\">Unisex<\/td>\n<\/tr>\n<tr style=\"height: 33.00pt;\">\n<td class=\"et2\" style=\"height: 33.00pt;\" height=\"44\">Mustertyp<\/td>\n<td class=\"et3\" style=\"width: 381.00pt;\" width=\"508\">Charakter, Farbblockierung, Buchstabe, Gestreift<\/td>\n<\/tr>\n<tr style=\"height: 33.00pt;\">\n<td class=\"et2\" style=\"height: 33.00pt;\" height=\"44\">Anwendbare Szene<\/td>\n<td class=\"et3\" style=\"width: 381.00pt;\" width=\"508\">Strand, Freizeit, Outdoor, Reisen, Sport, Radfahren, Einkaufen, Party, Business, Angeln, Skifahren, Heimgebrauch, Alltag, Reisen<\/td>\n<\/tr>\n<tr style=\"height: 33.00pt;\">\n<td class=\"et2\" style=\"height: 33.00pt;\" height=\"44\">Markenname<\/td>\n<td class=\"et3\" style=\"width: 381.00pt;\" width=\"508\">Aungwinter<\/td>\n<\/tr>\n<tr style=\"height: 33.00pt;\">\n<td class=\"et2\" style=\"height: 33.00pt;\" height=\"44\">Modellnummer<\/td>\n<td class=\"et3\" style=\"width: 381.00pt;\" width=\"508\">SFA-220923-09<\/td>\n<\/tr>\n<tr style=\"height: 33.00pt;\">\n<td class=\"et2\" style=\"height: 33.00pt;\" height=\"44\">Stoffmerkmale<\/td>\n<td class=\"et3\" style=\"width: 381.00pt;\" width=\"508\">GEMEINSAM<\/td>\n<\/tr>\n<tr style=\"height: 33.00pt;\">\n<td class=\"et2\" style=\"height: 33.00pt;\" height=\"44\">Gr\u00f6\u00dfe<\/td>\n<td class=\"et3\" style=\"width: 381.00pt;\" width=\"508\">Anpassbar<\/td>\n<\/tr>\n<tr style=\"height: 33.00pt;\">\n<td class=\"et2\" style=\"height: 33.00pt;\" height=\"44\">Altersgruppe<\/td>\n<td class=\"et3\" style=\"width: 381.00pt;\" width=\"508\">Erwachsene<\/td>\n<\/tr>\n<tr style=\"height: 33.00pt;\">\n<td class=\"et2\" style=\"height: 33.00pt;\" height=\"44\">Stil<\/td>\n<td class=\"et3\" style=\"width: 381.00pt;\" width=\"508\">Charakter<\/td>\n<\/tr>\n<tr style=\"height: 33.00pt;\">\n<td class=\"et2\" style=\"height: 33.00pt;\" height=\"44\">Verwendung<\/td>\n<td class=\"et3\" style=\"width: 381.00pt;\" width=\"508\">Warm bleiben<\/td>\n<\/tr>\n<tr style=\"height: 33.00pt;\">\n<td class=\"et2\" style=\"height: 33.00pt;\" height=\"44\">Design<\/td>\n<td class=\"et3\" style=\"width: 381.00pt;\" width=\"508\">Ma\u00dfgeschneiderte Designs<\/td>\n<\/tr>\n<tr style=\"height: 33.00pt;\">\n<td class=\"et2\" style=\"height: 33.00pt;\" height=\"44\">Zertifikate<\/td>\n<td class=\"et3\" style=\"width: 381.00pt;\" width=\"508\">BSCI, Intertek, SGS, T\u00dcV, GRS<\/td>\n<\/tr>\n<tr style=\"height: 33.00pt;\">\n<td class=\"et2\" style=\"height: 33.00pt;\" height=\"44\">Fabrikgeschichte<\/td>\n<td class=\"et3\" style=\"width: 381.00pt;\" width=\"508\">18 Jahre Geschichte<\/td>\n<\/tr>\n<tr style=\"height: 33.00pt;\">\n<td class=\"et2\" style=\"height: 33.00pt;\" height=\"44\">Logo<\/td>\n<td class=\"et3\" style=\"width: 381.00pt;\" width=\"508\">Individuelles Logo akzeptieren<\/td>\n<\/tr>\n<tr style=\"height: 33.00pt;\">\n<td class=\"et2\" style=\"height: 33.00pt;\" height=\"44\">Dienstleistung<\/td>\n<td class=\"et3\" style=\"width: 381.00pt;\" width=\"508\">OEM\/ODM, Design<\/td>\n<\/tr>\n<tr style=\"height: 33.00pt;\">\n<td style=\"height: 33.00pt;\" height=\"44\">Preis<\/td>\n<td>Wettbewerbsf\u00e4higer Fabrikpreis<\/td>\n<\/tr>\n<tr style=\"height: 33.00pt;\">\n<td style=\"height: 33.00pt;\" height=\"44\">Probenahmezeit<\/td>\n<td>3\u20137 Tage<\/td>\n<\/tr>\n<\/tbody>\n<\/table>","protected":false},"excerpt":{"rendered":"<p>Diese ma\u00dfgeschneiderte Jacquard-M\u00fctze ist aus weichem, strapazierf\u00e4higem Acryl gefertigt und verf\u00fcgt \u00fcber ein durchgehendes Druckdesign ohne Umschlag. Sie bietet eine bequeme Passform und die M\u00f6glichkeit einer individuellen Logostickerei, was sie zu einem stilvollen und vielseitigen Accessoire f\u00fcr Damen und Herren macht.<\/p>","protected":false},"featured_media":12811,"template":"","meta":{"_seopress_robots_primary_cat":"none","_seopress_titles_title":"","_seopress_titles_desc":"","_seopress_robots_index":"","_gspb_post_css":"","_jf_limit_responses":"","_jet_sm_ready_style":"","_jet_sm_style":"","_jet_sm_controls_values":"","_jet_sm_fonts_collection":"","_jet_sm_fonts_links":""},"product_brand":[],"product_cat":[23],"product_tag":[],"hf_cat_product":[],"class_list":{"0":"post-12808","1":"product","2":"type-product","3":"status-publish","4":"has-post-thumbnail","6":"product_cat-cuffless-beanies","8":"first","9":"instock","10":"shipping-taxable","11":"product-type-simple"},"_links":{"self":[{"href":"https:\/\/www.aungwinter.com\/de\/wp-json\/wp\/v2\/product\/12808","targetHints":{"allow":["GET"]}}],"collection":[{"href":"https:\/\/www.aungwinter.com\/de\/wp-json\/wp\/v2\/product"}],"about":[{"href":"https:\/\/www.aungwinter.com\/de\/wp-json\/wp\/v2\/types\/product"}],"wp:featuredmedia":[{"embeddable":true,"href":"https:\/\/www.aungwinter.com\/de\/wp-json\/wp\/v2\/media\/12811"}],"wp:attachment":[{"href":"https:\/\/www.aungwinter.com\/de\/wp-json\/wp\/v2\/media?parent=12808"}],"wp:term":[{"taxonomy":"product_brand","embeddable":true,"href":"https:\/\/www.aungwinter.com\/de\/wp-json\/wp\/v2\/product_brand?post=12808"},{"taxonomy":"product_cat","embeddable":true,"href":"https:\/\/www.aungwinter.com\/de\/wp-json\/wp\/v2\/product_cat?post=12808"},{"taxonomy":"product_tag","embeddable":true,"href":"https:\/\/www.aungwinter.com\/de\/wp-json\/wp\/v2\/product_tag?post=12808"},{"taxonomy":"hf_cat_product","embeddable":true,"href":"https:\/\/www.aungwinter.com\/de\/wp-json\/wp\/v2\/hf_cat_product?post=12808"}],"curies":[{"name":"wp","href":"https:\/\/api.w.org\/{rel}","templated":true}]}}