{"id":12893,"date":"2025-01-18T04:13:25","date_gmt":"2025-01-18T04:13:25","guid":{"rendered":"https:\/\/www.aungwinter.com\/?post_type=product&#038;p=12893"},"modified":"2025-01-18T04:14:04","modified_gmt":"2025-01-18T04:14:04","slug":"individuell-gestaltete-unisex-wintermutze-fur-kinder-aus-acryl-mit-flockdruck-und-stickerei","status":"publish","type":"product","link":"https:\/\/www.aungwinter.com\/de\/product\/custom-acrylic-unisex-flocking-embroidery-kids-winter-beanie-hat\/","title":{"rendered":"Individuell gestaltete Unisex-Winterm\u00fctze f\u00fcr Kinder aus Acryl mit Flockdruck und Stickerei"},"content":{"rendered":"<table width=\"780\">\n<tbody>\n<tr>\n<td width=\"272\">Material<\/td>\n<td width=\"508\">100% Acryl<\/td>\n<\/tr>\n<tr>\n<td>Techniken<\/td>\n<td width=\"508\">Flockstickerei<\/td>\n<\/tr>\n<tr>\n<td>Herkunftsort<\/td>\n<td width=\"508\">Guangdong, China<\/td>\n<\/tr>\n<tr>\n<td>Druckverfahren<\/td>\n<td width=\"508\">Gepr\u00e4gt<\/td>\n<\/tr>\n<tr>\n<td>Geschlecht<\/td>\n<td width=\"508\">Unisex<\/td>\n<\/tr>\n<tr>\n<td>Mustertyp<\/td>\n<td width=\"508\">Andere<\/td>\n<\/tr>\n<tr>\n<td>Anwendbare Szene<\/td>\n<td width=\"508\">Sport, Reisen, Outdoor, Party, Gesch\u00e4ftliches, Einkaufen gehen, Reisen<\/td>\n<\/tr>\n<tr>\n<td>Markenname<\/td>\n<td width=\"508\">Aungwinter<\/td>\n<\/tr>\n<tr>\n<td>Stoffmerkmale<\/td>\n<td width=\"508\">GEMEINSAM<\/td>\n<\/tr>\n<tr>\n<td>Altersgruppe<\/td>\n<td width=\"508\">Kinder<\/td>\n<\/tr>\n<tr>\n<td>Stil<\/td>\n<td width=\"508\">Charakter<\/td>\n<\/tr>\n<tr>\n<td>Produktname<\/td>\n<td width=\"508\">Kinder-M\u00fctze<\/td>\n<\/tr>\n<tr>\n<td>Farbe<\/td>\n<td width=\"508\">Benutzerdefinierte Farbe<\/td>\n<\/tr>\n<tr>\n<td>Logo<\/td>\n<td width=\"508\">Individuelles Logo akzeptieren<\/td>\n<\/tr>\n<tr>\n<td>Verwendung<\/td>\n<td width=\"508\">Warm bleiben<\/td>\n<\/tr>\n<tr>\n<td>Mindestbestellmenge<\/td>\n<td>50 St\u00fcck<\/td>\n<\/tr>\n<tr>\n<td>Design<\/td>\n<td>ODM-Designs<\/td>\n<\/tr>\n<tr>\n<td>Probenahmezeit<\/td>\n<td>5\u20137 Tage<\/td>\n<\/tr>\n<\/tbody>\n<\/table>","protected":false},"excerpt":{"rendered":"<p>Diese bestickte Winterm\u00fctze f\u00fcr Kinder besteht aus weichem, kuscheligem Acrylgewebe mit einem stilvollen Flockstickmuster und bietet Kindern W\u00e4rme und Komfort bei kaltem Wetter. Mit individuellen Gestaltungsm\u00f6glichkeiten sorgt sie f\u00fcr eine pers\u00f6nliche Note.<\/p>","protected":false},"featured_media":12897,"template":"","meta":{"_seopress_robots_primary_cat":"none","_seopress_titles_title":"","_seopress_titles_desc":"","_seopress_robots_index":"","_gspb_post_css":"","_jf_limit_responses":"","_jet_sm_ready_style":"","_jet_sm_style":"","_jet_sm_controls_values":"","_jet_sm_fonts_collection":"","_jet_sm_fonts_links":""},"product_brand":[],"product_cat":[85],"product_tag":[],"hf_cat_product":[],"class_list":{"0":"post-12893","1":"product","2":"type-product","3":"status-publish","4":"has-post-thumbnail","6":"product_cat-kids-winter-hats","8":"first","9":"instock","10":"shipping-taxable","11":"product-type-simple"},"_links":{"self":[{"href":"https:\/\/www.aungwinter.com\/de\/wp-json\/wp\/v2\/product\/12893","targetHints":{"allow":["GET"]}}],"collection":[{"href":"https:\/\/www.aungwinter.com\/de\/wp-json\/wp\/v2\/product"}],"about":[{"href":"https:\/\/www.aungwinter.com\/de\/wp-json\/wp\/v2\/types\/product"}],"wp:featuredmedia":[{"embeddable":true,"href":"https:\/\/www.aungwinter.com\/de\/wp-json\/wp\/v2\/media\/12897"}],"wp:attachment":[{"href":"https:\/\/www.aungwinter.com\/de\/wp-json\/wp\/v2\/media?parent=12893"}],"wp:term":[{"taxonomy":"product_brand","embeddable":true,"href":"https:\/\/www.aungwinter.com\/de\/wp-json\/wp\/v2\/product_brand?post=12893"},{"taxonomy":"product_cat","embeddable":true,"href":"https:\/\/www.aungwinter.com\/de\/wp-json\/wp\/v2\/product_cat?post=12893"},{"taxonomy":"product_tag","embeddable":true,"href":"https:\/\/www.aungwinter.com\/de\/wp-json\/wp\/v2\/product_tag?post=12893"},{"taxonomy":"hf_cat_product","embeddable":true,"href":"https:\/\/www.aungwinter.com\/de\/wp-json\/wp\/v2\/hf_cat_product?post=12893"}],"curies":[{"name":"wp","href":"https:\/\/api.w.org\/{rel}","templated":true}]}}