{"id":12925,"date":"2025-01-20T02:06:07","date_gmt":"2025-01-20T02:06:07","guid":{"rendered":"https:\/\/www.aungwinter.com\/?post_type=product&#038;p=12925"},"modified":"2025-01-20T02:09:58","modified_gmt":"2025-01-20T02:09:58","slug":"masgeschneiderte-verdickte-ausfuhrung-mehrfarbig-weich-gestrickte-winter-trapper-mutze","status":"publish","type":"product","link":"https:\/\/www.aungwinter.com\/de\/product\/custom-thickened-design-multi-color-soft-knit-winter-trapper-hat\/","title":{"rendered":"Ma\u00dfgeschneiderte, verdickte Ausf\u00fchrung, mehrfarbige, weiche Strickm\u00fctze f\u00fcr den Winter"},"content":{"rendered":"<table style=\"border-collapse: collapse; width: 585.02pt;\" border=\"0\" width=\"780\" cellspacing=\"0\" cellpadding=\"0\">\n<tbody>\n<tr style=\"height: 33.00pt;\">\n<td class=\"et3\" style=\"height: 33.00pt; width: 204.00pt;\" width=\"272\" height=\"44\">Material<\/td>\n<td class=\"et4\" style=\"width: 381.00pt;\" width=\"508\">Kunstfell<\/td>\n<\/tr>\n<tr style=\"height: 75.00pt;\">\n<td class=\"et3\" style=\"height: 75.00pt;\" height=\"100\">Techniken<\/td>\n<td class=\"et4\" style=\"width: 381.00pt;\" width=\"508\">Jacquard, Maschinenstickerei\/Automatisierte Stickerei, Space Dyed, Computergestrickt, Flachgestrickt, Handgestrickt, Siebdruck, Thermotransferdruck, Maschinenstickerei, Handstickerei, Aufgesetzte Stoffstickerei, Paillettenstickerei, 3D-Stickerei, Nagelperlenstickerei, Flockstickerei<\/td>\n<\/tr>\n<tr style=\"height: 33.00pt;\">\n<td class=\"et3\" style=\"height: 33.00pt;\" height=\"44\">Kopfumfang<\/td>\n<td class=\"et4\" style=\"width: 381.00pt;\" width=\"508\">56\u201358 cm, 58\u201360 cm<\/td>\n<\/tr>\n<tr style=\"height: 33.00pt;\">\n<td class=\"et3\" style=\"height: 33.00pt;\" height=\"44\">Herkunftsort<\/td>\n<td class=\"et4\" style=\"width: 381.00pt;\" width=\"508\">Hebei, China<\/td>\n<\/tr>\n<tr style=\"height: 33.00pt;\">\n<td class=\"et3\" style=\"height: 33.00pt;\" height=\"44\">Druckverfahren<\/td>\n<td class=\"et4\" style=\"width: 381.00pt;\" width=\"508\">Sublimationstransferdruck, Digitaldruck, Pr\u00e4gung, Erhabener Gummidruck, Flockdruck, Puffdruck, \u00c4tzdruck, Foliendruck, Glitzerdruck, Leuchtdruck, Handgezeichnet, Keine, Sonstiges<\/td>\n<\/tr>\n<tr style=\"height: 24.00pt;\">\n<td class=\"et3\" style=\"height: 24.00pt;\" height=\"32\">Geschlecht<\/td>\n<td class=\"et4\" style=\"width: 381.00pt;\" width=\"508\">Unisex<\/td>\n<\/tr>\n<tr style=\"height: 53.00pt;\">\n<td class=\"et3\" style=\"height: 53.00pt;\" height=\"70\">Mustertyp<\/td>\n<td class=\"et4\" style=\"width: 381.00pt;\" width=\"508\">Tier, Argyle, Schleifen, Camouflage, Cartoon, Charakter, Kariert, Color Blocking, DOT, Blumen, Obst, Geometrisch, Handbemalt, Blatt, Leopard, Buchstabe, Keine, Sonstiges, Kariert, Polka Dot, Einfarbig, Gestreift, Tropisch<\/td>\n<\/tr>\n<tr style=\"height: 44.00pt;\">\n<td class=\"et3\" style=\"height: 44.00pt;\" height=\"58\">Anwendbare Szene<\/td>\n<td class=\"et4\" style=\"width: 381.00pt;\" width=\"508\">Sport, SKI, Reisen, Outdoor, Alltag, Freizeit, Party, Strand, Business, Angeln, Radfahren, Einkaufen, Reisen, Heimgebrauch<\/td>\n<\/tr>\n<tr style=\"height: 33.00pt;\">\n<td class=\"et3\" style=\"height: 33.00pt;\" height=\"44\">Dekoration<\/td>\n<td class=\"et4\" style=\"width: 381.00pt;\" width=\"508\">Knopf, Niete, Schleife, Zerrissen, GEWASCHEN, Taschen, Pailletten, \u00d6sen, Ketten, Mit Pailletten, Sonstiges, Keine, Strass, Stickerei, Fake-Rei\u00dfverschl\u00fcsse, Kontrastfarbe, Applikationen<\/td>\n<\/tr>\n<tr style=\"height: 33.00pt;\">\n<td class=\"et3\" style=\"height: 33.00pt;\" height=\"44\">Markenname<\/td>\n<td class=\"et4\" style=\"width: 381.00pt;\" width=\"508\">Aungwinter<\/td>\n<\/tr>\n<tr style=\"height: 33.00pt;\">\n<td class=\"et3\" style=\"height: 33.00pt;\" height=\"44\">Modellnummer<\/td>\n<td class=\"et4\" style=\"width: 381.00pt;\" width=\"508\">AWT-39-L<\/td>\n<\/tr>\n<tr style=\"height: 33.00pt;\">\n<td class=\"et3\" style=\"height: 33.00pt;\" height=\"44\">Stoffmerkmale<\/td>\n<td class=\"et4\" style=\"width: 381.00pt;\" width=\"508\">GEMEINSAM<\/td>\n<\/tr>\n<tr style=\"height: 33.00pt;\">\n<td class=\"et3\" style=\"height: 33.00pt;\" height=\"44\">Altersgruppe<\/td>\n<td class=\"et4\" style=\"width: 381.00pt;\" width=\"508\">Erwachsene<\/td>\n<\/tr>\n<tr style=\"height: 33.00pt;\">\n<td class=\"et3\" style=\"height: 33.00pt;\" height=\"44\">Stil<\/td>\n<td class=\"et4\" style=\"width: 381.00pt;\" width=\"508\">Charakter<\/td>\n<\/tr>\n<tr style=\"height: 33.00pt;\">\n<td class=\"et3\" style=\"height: 33.00pt;\" height=\"44\">Verkaufseinheiten:<\/td>\n<td class=\"et4\" style=\"width: 381.00pt;\" width=\"508\">Einzelartikel<\/td>\n<\/tr>\n<tr style=\"height: 33.00pt;\">\n<td class=\"et3\" style=\"height: 33.00pt;\" height=\"44\">Einzelverpackungsgr\u00f6\u00dfe:<\/td>\n<td class=\"et4\" style=\"width: 381.00pt;\" width=\"508\">20 x 29 x 10 cm<\/td>\n<\/tr>\n<tr style=\"height: 33.00pt;\">\n<td class=\"et3\" style=\"height: 33.00pt;\" height=\"44\">Einzelbruttogewicht:<\/td>\n<td class=\"et4\" style=\"width: 381.00pt;\" width=\"508\">0,250 kg<\/td>\n<\/tr>\n<\/tbody>\n<\/table>","protected":false},"excerpt":{"rendered":"<p>Diese gestrickte Winter-Trapper-M\u00fctze zeichnet sich durch ein kuscheliges, dickes Strickmaterial f\u00fcr verbesserte W\u00e4rme, ein stilvolles mehrfarbiges Muster und Ohrenklappen f\u00fcr zus\u00e4tzlichen Schutz vor K\u00e4lte aus und ist damit eine perfekte Mischung aus Komfort, W\u00e4rme und individueller Mode f\u00fcr den Winter.<\/p>","protected":false},"featured_media":12933,"template":"","meta":{"_seopress_robots_primary_cat":"none","_seopress_titles_title":"","_seopress_titles_desc":"","_seopress_robots_index":"","_gspb_post_css":"","_jf_limit_responses":"","_jet_sm_ready_style":"","_jet_sm_style":"","_jet_sm_controls_values":"","_jet_sm_fonts_collection":"","_jet_sm_fonts_links":""},"product_brand":[],"product_cat":[66],"product_tag":[],"hf_cat_product":[],"class_list":{"0":"post-12925","1":"product","2":"type-product","3":"status-publish","4":"has-post-thumbnail","6":"product_cat-earflap-beanies","8":"first","9":"instock","10":"shipping-taxable","11":"product-type-simple"},"_links":{"self":[{"href":"https:\/\/www.aungwinter.com\/de\/wp-json\/wp\/v2\/product\/12925","targetHints":{"allow":["GET"]}}],"collection":[{"href":"https:\/\/www.aungwinter.com\/de\/wp-json\/wp\/v2\/product"}],"about":[{"href":"https:\/\/www.aungwinter.com\/de\/wp-json\/wp\/v2\/types\/product"}],"wp:featuredmedia":[{"embeddable":true,"href":"https:\/\/www.aungwinter.com\/de\/wp-json\/wp\/v2\/media\/12933"}],"wp:attachment":[{"href":"https:\/\/www.aungwinter.com\/de\/wp-json\/wp\/v2\/media?parent=12925"}],"wp:term":[{"taxonomy":"product_brand","embeddable":true,"href":"https:\/\/www.aungwinter.com\/de\/wp-json\/wp\/v2\/product_brand?post=12925"},{"taxonomy":"product_cat","embeddable":true,"href":"https:\/\/www.aungwinter.com\/de\/wp-json\/wp\/v2\/product_cat?post=12925"},{"taxonomy":"product_tag","embeddable":true,"href":"https:\/\/www.aungwinter.com\/de\/wp-json\/wp\/v2\/product_tag?post=12925"},{"taxonomy":"hf_cat_product","embeddable":true,"href":"https:\/\/www.aungwinter.com\/de\/wp-json\/wp\/v2\/hf_cat_product?post=12925"}],"curies":[{"name":"wp","href":"https:\/\/api.w.org\/{rel}","templated":true}]}}