{"id":12935,"date":"2025-01-20T02:13:28","date_gmt":"2025-01-20T02:13:28","guid":{"rendered":"https:\/\/www.aungwinter.com\/?post_type=product&#038;p=12935"},"modified":"2025-01-20T02:21:45","modified_gmt":"2025-01-20T02:21:45","slug":"polyester-baumwoll-winter-fahrradmutze-fur-frauen-mit-ohrenschutz","status":"publish","type":"product","link":"https:\/\/www.aungwinter.com\/de\/product\/polyester-cotton-winter-women-ear-covering-cycling-hat\/","title":{"rendered":"Winter-Fahrradm\u00fctze f\u00fcr Damen aus Polyester\/Baumwolle mit Ohrenschutz"},"content":{"rendered":"<table style=\"border-collapse: collapse; width: 585.02pt;\" border=\"0\" width=\"780\" cellspacing=\"0\" cellpadding=\"0\">\n<tbody>\n<tr style=\"height: 33.00pt;\">\n<td class=\"et3\" style=\"height: 33.00pt; width: 204.00pt;\" width=\"272\" height=\"44\">Material<\/td>\n<td class=\"et4\" style=\"width: 381.00pt;\" width=\"508\">Polyester\/Baumwolle<\/td>\n<\/tr>\n<tr style=\"height: 41.00pt;\">\n<td class=\"et3\" style=\"height: 41.00pt;\" height=\"54\">Techniken<\/td>\n<td class=\"et4\" style=\"width: 381.00pt;\" width=\"508\">Maschinelle Stickerei\/Automatisierte Stickerei, Handgestrickt<\/td>\n<\/tr>\n<tr style=\"height: 33.00pt;\">\n<td class=\"et3\" style=\"height: 33.00pt;\" height=\"44\">Kopfumfang<\/td>\n<td class=\"et4\" style=\"width: 381.00pt;\" width=\"508\">54\u201356 cm, 56\u201358 cm, 58\u201360 cm<\/td>\n<\/tr>\n<tr style=\"height: 33.00pt;\">\n<td class=\"et3\" style=\"height: 33.00pt;\" height=\"44\">Herkunftsort<\/td>\n<td class=\"et4\" style=\"width: 381.00pt;\" width=\"508\">Guangdong, China<\/td>\n<\/tr>\n<tr style=\"height: 33.00pt;\">\n<td class=\"et3\" style=\"height: 33.00pt;\" height=\"44\">Druckverfahren<\/td>\n<td class=\"et4\" style=\"width: 381.00pt;\" width=\"508\">Gepr\u00e4gt<\/td>\n<\/tr>\n<tr style=\"height: 24.00pt;\">\n<td class=\"et3\" style=\"height: 24.00pt;\" height=\"32\">Geschlecht<\/td>\n<td class=\"et4\" style=\"width: 381.00pt;\" width=\"508\">Unisex<\/td>\n<\/tr>\n<tr style=\"height: 36.00pt;\">\n<td class=\"et3\" style=\"height: 36.00pt;\" height=\"48\">Mustertyp<\/td>\n<td class=\"et4\" style=\"width: 381.00pt;\" width=\"508\">Tier<\/td>\n<\/tr>\n<tr style=\"height: 33.00pt;\">\n<td class=\"et3\" style=\"height: 33.00pt;\" height=\"44\">Anwendbare Szene<\/td>\n<td class=\"et4\" style=\"width: 381.00pt;\" width=\"508\">Outdoor, Radfahren, Einkaufen gehen, Heimgebrauch<\/td>\n<\/tr>\n<tr style=\"height: 33.00pt;\">\n<td class=\"et3\" style=\"height: 33.00pt;\" height=\"44\">Dekoration<\/td>\n<td class=\"et4\" style=\"width: 381.00pt;\" width=\"508\">Sonstiges<\/td>\n<\/tr>\n<tr style=\"height: 33.00pt;\">\n<td class=\"et3\" style=\"height: 33.00pt;\" height=\"44\">Markenname<\/td>\n<td class=\"et4\" style=\"width: 381.00pt;\" width=\"508\">Aungwinter<\/td>\n<\/tr>\n<tr style=\"height: 33.00pt;\">\n<td class=\"et3\" style=\"height: 33.00pt;\" height=\"44\">Modellnummer<\/td>\n<td class=\"et4\" style=\"width: 381.00pt;\" width=\"508\">AWZ221<\/td>\n<\/tr>\n<tr style=\"height: 33.00pt;\">\n<td class=\"et3\" style=\"height: 33.00pt;\" height=\"44\">Stoffmerkmale<\/td>\n<td class=\"et4\" style=\"width: 381.00pt;\" width=\"508\">Atmungsaktiv und wasserdicht<\/td>\n<\/tr>\n<tr style=\"height: 33.00pt;\">\n<td class=\"et3\" style=\"height: 33.00pt;\" height=\"44\">Altersgruppe<\/td>\n<td class=\"et4\" style=\"width: 381.00pt;\" width=\"508\">Erwachsene<\/td>\n<\/tr>\n<tr style=\"height: 33.00pt;\">\n<td class=\"et3\" style=\"height: 33.00pt;\" height=\"44\">Stil<\/td>\n<td class=\"et4\" style=\"width: 381.00pt;\" width=\"508\">Bild<\/td>\n<\/tr>\n<tr style=\"height: 33.00pt;\">\n<td class=\"et3\" style=\"height: 33.00pt;\" height=\"44\">Verkaufseinheiten:<\/td>\n<td class=\"et4\" style=\"width: 381.00pt;\" width=\"508\">Einzelartikel<\/td>\n<\/tr>\n<tr style=\"height: 33.00pt;\">\n<td class=\"et3\" style=\"height: 33.00pt;\" height=\"44\">Einzelverpackungsgr\u00f6\u00dfe:<\/td>\n<td class=\"et4\" style=\"width: 381.00pt;\" width=\"508\">30 x 25 x 10 cm<\/td>\n<\/tr>\n<tr style=\"height: 33.00pt;\">\n<td class=\"et3\" style=\"height: 33.00pt;\" height=\"44\">Einzelbruttogewicht:<\/td>\n<td class=\"et4\" style=\"width: 381.00pt;\" width=\"508\">0,300 kg<\/td>\n<\/tr>\n<\/tbody>\n<\/table>","protected":false},"excerpt":{"rendered":"<p>Diese Fahrradm\u00fctze besteht aus einer Mischung aus strapazierf\u00e4higem Polyester und Baumwolle f\u00fcr W\u00e4rme und Komfort, hat ein Design, das die Ohren bedeckt und zus\u00e4tzlichen Schutz bietet, eine leichte, atmungsaktive Struktur und ein stilvolles, funktionales Design, das ideal f\u00fcr Radtouren und Outdoor-Aktivit\u00e4ten bei kaltem Wetter ist.<\/p>","protected":false},"featured_media":12942,"template":"","meta":{"_seopress_robots_primary_cat":"none","_seopress_titles_title":"","_seopress_titles_desc":"","_seopress_robots_index":"","_gspb_post_css":"","_jf_limit_responses":"","_jet_sm_ready_style":"","_jet_sm_style":"","_jet_sm_controls_values":"","_jet_sm_fonts_collection":"","_jet_sm_fonts_links":""},"product_brand":[],"product_cat":[66],"product_tag":[],"hf_cat_product":[],"class_list":{"0":"post-12935","1":"product","2":"type-product","3":"status-publish","4":"has-post-thumbnail","6":"product_cat-earflap-beanies","8":"first","9":"instock","10":"shipping-taxable","11":"product-type-simple"},"_links":{"self":[{"href":"https:\/\/www.aungwinter.com\/de\/wp-json\/wp\/v2\/product\/12935","targetHints":{"allow":["GET"]}}],"collection":[{"href":"https:\/\/www.aungwinter.com\/de\/wp-json\/wp\/v2\/product"}],"about":[{"href":"https:\/\/www.aungwinter.com\/de\/wp-json\/wp\/v2\/types\/product"}],"wp:featuredmedia":[{"embeddable":true,"href":"https:\/\/www.aungwinter.com\/de\/wp-json\/wp\/v2\/media\/12942"}],"wp:attachment":[{"href":"https:\/\/www.aungwinter.com\/de\/wp-json\/wp\/v2\/media?parent=12935"}],"wp:term":[{"taxonomy":"product_brand","embeddable":true,"href":"https:\/\/www.aungwinter.com\/de\/wp-json\/wp\/v2\/product_brand?post=12935"},{"taxonomy":"product_cat","embeddable":true,"href":"https:\/\/www.aungwinter.com\/de\/wp-json\/wp\/v2\/product_cat?post=12935"},{"taxonomy":"product_tag","embeddable":true,"href":"https:\/\/www.aungwinter.com\/de\/wp-json\/wp\/v2\/product_tag?post=12935"},{"taxonomy":"hf_cat_product","embeddable":true,"href":"https:\/\/www.aungwinter.com\/de\/wp-json\/wp\/v2\/hf_cat_product?post=12935"}],"curies":[{"name":"wp","href":"https:\/\/api.w.org\/{rel}","templated":true}]}}