{"id":13128,"date":"2025-07-12T02:48:43","date_gmt":"2025-07-12T02:48:43","guid":{"rendered":"https:\/\/www.aungwinter.com\/?post_type=product&#038;p=13128"},"modified":"2025-09-03T01:53:03","modified_gmt":"2025-09-03T01:53:03","slug":"individuell-gestaltete-fischer-mutze-aus-acryl-mit-gewebtem-logo-etikett","status":"publish","type":"product","link":"https:\/\/www.aungwinter.com\/de\/product\/custom-acrylic-fisherman-beanie-with-woven-label-logo\/","title":{"rendered":"Individuell gestaltete Fischer-M\u00fctze aus Acryl mit  gewebtem Logo-Etikett"},"content":{"rendered":"<table width=\"651\">\n<tbody>\n<tr>\n<td width=\"234\">Artikelnummer<\/td>\n<td width=\"417\">BF-230915-01<\/td>\n<\/tr>\n<tr>\n<td>Gr\u00f6\u00dfe<\/td>\n<td width=\"417\">Erwachsene (B*H: 27 * 17 cm\/10,63 * 6,69 Zoll)<\/td>\n<\/tr>\n<tr>\n<td>Stil<\/td>\n<td width=\"417\">L\u00e4ssig &amp; modisch<\/td>\n<\/tr>\n<tr>\n<td>Mindestbestellmenge<\/td>\n<td width=\"417\">25 St\u00fcck\/Modell\/Farbe<\/td>\n<\/tr>\n<tr>\n<td>Farbe<\/td>\n<td width=\"417\">Orange, Gelb, Armeegr\u00fcn, Schwarz<\/td>\n<\/tr>\n<tr>\n<td>Material:<\/td>\n<td width=\"417\">100% Acryl<\/td>\n<\/tr>\n<tr>\n<td>Logo-Gestaltung:<\/td>\n<td width=\"417\">Gewebtes Etikett oder individuell gestaltet<\/td>\n<\/tr>\n<tr>\n<td>Beispielzeit<\/td>\n<td width=\"417\">3-7 Tage f\u00fcr klassische oder Standardausf\u00fchrung<\/td>\n<\/tr>\n<tr>\n<td>Markenname<\/td>\n<td width=\"417\">Aungwinter<\/td>\n<\/tr>\n<tr>\n<td>Logo<\/td>\n<td width=\"417\">Individuelles Logo<\/td>\n<\/tr>\n<tr>\n<td>Probenahmezeit<\/td>\n<td width=\"417\">5\u20137 Tage<\/td>\n<\/tr>\n<tr>\n<td>Zahlung<\/td>\n<td width=\"417\">30 Tonnen\/Tonne<\/td>\n<\/tr>\n<tr>\n<td>Herkunft<\/td>\n<td width=\"417\">Shenzhen, China<\/td>\n<\/tr>\n<tr>\n<td>Muster<\/td>\n<td width=\"417\">stricken<\/td>\n<\/tr>\n<\/tbody>\n<\/table>","protected":false},"excerpt":{"rendered":"<p>Die M\u00fctze zeichnet sich durch eine bequeme Fischerpassform, strapazierf\u00e4higes Acrylgewebe und ein individuell gestaltbares Webetikett f\u00fcr eine pers\u00f6nliche Note aus.<\/p>","protected":false},"featured_media":13143,"template":"","meta":{"_seopress_robots_primary_cat":"none","_seopress_titles_title":"","_seopress_titles_desc":"","_seopress_robots_index":"","_gspb_post_css":"","_jf_limit_responses":"","_jet_sm_ready_style":"","_jet_sm_style":"","_jet_sm_controls_values":"","_jet_sm_fonts_collection":"","_jet_sm_fonts_links":""},"product_brand":[],"product_cat":[65],"product_tag":[],"hf_cat_product":[],"class_list":{"0":"post-13128","1":"product","2":"type-product","3":"status-publish","4":"has-post-thumbnail","6":"product_cat-cuffed-beanies","8":"first","9":"instock","10":"shipping-taxable","11":"product-type-simple"},"_links":{"self":[{"href":"https:\/\/www.aungwinter.com\/de\/wp-json\/wp\/v2\/product\/13128","targetHints":{"allow":["GET"]}}],"collection":[{"href":"https:\/\/www.aungwinter.com\/de\/wp-json\/wp\/v2\/product"}],"about":[{"href":"https:\/\/www.aungwinter.com\/de\/wp-json\/wp\/v2\/types\/product"}],"wp:featuredmedia":[{"embeddable":true,"href":"https:\/\/www.aungwinter.com\/de\/wp-json\/wp\/v2\/media\/13143"}],"wp:attachment":[{"href":"https:\/\/www.aungwinter.com\/de\/wp-json\/wp\/v2\/media?parent=13128"}],"wp:term":[{"taxonomy":"product_brand","embeddable":true,"href":"https:\/\/www.aungwinter.com\/de\/wp-json\/wp\/v2\/product_brand?post=13128"},{"taxonomy":"product_cat","embeddable":true,"href":"https:\/\/www.aungwinter.com\/de\/wp-json\/wp\/v2\/product_cat?post=13128"},{"taxonomy":"product_tag","embeddable":true,"href":"https:\/\/www.aungwinter.com\/de\/wp-json\/wp\/v2\/product_tag?post=13128"},{"taxonomy":"hf_cat_product","embeddable":true,"href":"https:\/\/www.aungwinter.com\/de\/wp-json\/wp\/v2\/hf_cat_product?post=13128"}],"curies":[{"name":"wp","href":"https:\/\/api.w.org\/{rel}","templated":true}]}}