{"id":13136,"date":"2025-02-12T03:38:01","date_gmt":"2025-02-12T03:38:01","guid":{"rendered":"https:\/\/www.aungwinter.com\/?post_type=product&#038;p=13136"},"modified":"2025-09-03T01:36:03","modified_gmt":"2025-09-03T01:36:03","slug":"masgefertigte-acryl-mutze-mit-grobem-strickmuster","status":"publish","type":"product","link":"https:\/\/www.aungwinter.com\/de\/product\/custom-acrylic-plain-coarse-knitted-beanie\/","title":{"rendered":"Ma\u00dfgefertigte Acryl-M\u00fctze mit grobem Strickmuster"},"content":{"rendered":"<table style=\"border-collapse: collapse; width: 488.27pt;\" border=\"0\" width=\"651\" cellspacing=\"0\" cellpadding=\"0\">\n<tbody>\n<tr style=\"height: 33.00pt;\">\n<td class=\"et3\" style=\"height: 33.00pt; width: 175.50pt;\" width=\"234\" height=\"44\">Artikelnummer<\/td>\n<td class=\"et2\" style=\"width: 312.75pt;\" width=\"417\">BF-231017-1<\/td>\n<\/tr>\n<tr style=\"height: 33.00pt;\">\n<td class=\"et3\" style=\"height: 33.00pt;\" height=\"44\">Gr\u00f6\u00dfe<\/td>\n<td class=\"et2\" style=\"width: 312.75pt;\" width=\"417\">Erwachsene (B*H: 22 * 14 cm\/8,66 * 5,51 Zoll)<\/td>\n<\/tr>\n<tr style=\"height: 33.00pt;\">\n<td class=\"et3\" style=\"height: 33.00pt;\" height=\"44\">Stil<\/td>\n<td class=\"et2\" style=\"width: 312.75pt;\" width=\"417\">L\u00e4ssig &amp; modisch<\/td>\n<\/tr>\n<tr style=\"height: 33.00pt;\">\n<td class=\"et3\" style=\"height: 33.00pt;\" height=\"44\">Mindestbestellmenge<\/td>\n<td class=\"et2\" style=\"width: 312.75pt;\" width=\"417\">25 St\u00fcck\/Modell\/Farbe<\/td>\n<\/tr>\n<tr style=\"height: 33.00pt;\">\n<td class=\"et3\" style=\"height: 33.00pt;\" height=\"44\">Farbe<\/td>\n<td class=\"et2\" style=\"width: 312.75pt;\" width=\"417\">Gr\u00fcn, Dunkelgr\u00fcn, Orange<\/td>\n<\/tr>\n<tr style=\"height: 33.00pt;\">\n<td class=\"et3\" style=\"height: 33.00pt;\" height=\"44\">Material<\/td>\n<td class=\"et2\" style=\"width: 312.75pt;\" width=\"417\">100% Acryl<\/td>\n<\/tr>\n<tr style=\"height: 33.00pt;\">\n<td class=\"et3\" style=\"height: 33.00pt;\" height=\"44\">Logo-Gestaltung<\/td>\n<td class=\"et2\" style=\"width: 312.75pt;\" width=\"417\">Kundenspezifisch<\/td>\n<\/tr>\n<tr style=\"height: 33.00pt;\">\n<td class=\"et3\" style=\"height: 33.00pt;\" height=\"44\">Beispielzeit<\/td>\n<td class=\"et2\" style=\"width: 312.75pt;\" width=\"417\">3-7 Tage f\u00fcr klassische oder Standardausf\u00fchrung<\/td>\n<\/tr>\n<tr style=\"height: 33.00pt;\">\n<td style=\"height: 33.00pt;\" height=\"44\">Markenname<\/td>\n<td class=\"et2\" style=\"width: 312.75pt;\" width=\"417\">Aungwinter<\/td>\n<\/tr>\n<tr style=\"height: 33.00pt;\">\n<td style=\"height: 33.00pt;\" height=\"44\">Probenahmezeit<\/td>\n<td class=\"et2\" style=\"width: 312.75pt;\" width=\"417\">5\u20137 Tage<\/td>\n<\/tr>\n<tr style=\"height: 33.00pt;\">\n<td style=\"height: 33.00pt;\" height=\"44\">Zahlung<\/td>\n<td class=\"et2\" style=\"width: 312.75pt;\" width=\"417\">30 Tonnen\/Tonne<\/td>\n<\/tr>\n<tr style=\"height: 33.00pt;\">\n<td style=\"height: 33.00pt;\" height=\"44\">Herkunft<\/td>\n<td class=\"et2\" style=\"width: 312.75pt;\" width=\"417\">Shenzhen, China<\/td>\n<\/tr>\n<tr style=\"height: 33.00pt;\">\n<td style=\"height: 33.00pt;\" height=\"44\">Muster<\/td>\n<td class=\"et2\" style=\"width: 312.75pt;\" width=\"417\">gestrickt<\/td>\n<\/tr>\n<\/tbody>\n<\/table>","protected":false},"excerpt":{"rendered":"<p>Die Strickm\u00fctze besteht aus strapazierf\u00e4higem Acryl und hat ein grobes Strickdesign, das f\u00fcr W\u00e4rme sorgt und einen klassischen, minimalistischen Stil bietet.<\/p>","protected":false},"featured_media":13147,"template":"","meta":{"_seopress_robots_primary_cat":"none","_seopress_titles_title":"","_seopress_titles_desc":"","_seopress_robots_index":"","_gspb_post_css":"","_jf_limit_responses":"","_jet_sm_ready_style":"","_jet_sm_style":"","_jet_sm_controls_values":"","_jet_sm_fonts_collection":"","_jet_sm_fonts_links":""},"product_brand":[],"product_cat":[65],"product_tag":[],"hf_cat_product":[],"class_list":{"0":"post-13136","1":"product","2":"type-product","3":"status-publish","4":"has-post-thumbnail","6":"product_cat-cuffed-beanies","8":"first","9":"instock","10":"shipping-taxable","11":"product-type-simple"},"_links":{"self":[{"href":"https:\/\/www.aungwinter.com\/de\/wp-json\/wp\/v2\/product\/13136","targetHints":{"allow":["GET"]}}],"collection":[{"href":"https:\/\/www.aungwinter.com\/de\/wp-json\/wp\/v2\/product"}],"about":[{"href":"https:\/\/www.aungwinter.com\/de\/wp-json\/wp\/v2\/types\/product"}],"wp:featuredmedia":[{"embeddable":true,"href":"https:\/\/www.aungwinter.com\/de\/wp-json\/wp\/v2\/media\/13147"}],"wp:attachment":[{"href":"https:\/\/www.aungwinter.com\/de\/wp-json\/wp\/v2\/media?parent=13136"}],"wp:term":[{"taxonomy":"product_brand","embeddable":true,"href":"https:\/\/www.aungwinter.com\/de\/wp-json\/wp\/v2\/product_brand?post=13136"},{"taxonomy":"product_cat","embeddable":true,"href":"https:\/\/www.aungwinter.com\/de\/wp-json\/wp\/v2\/product_cat?post=13136"},{"taxonomy":"product_tag","embeddable":true,"href":"https:\/\/www.aungwinter.com\/de\/wp-json\/wp\/v2\/product_tag?post=13136"},{"taxonomy":"hf_cat_product","embeddable":true,"href":"https:\/\/www.aungwinter.com\/de\/wp-json\/wp\/v2\/hf_cat_product?post=13136"}],"curies":[{"name":"wp","href":"https:\/\/api.w.org\/{rel}","templated":true}]}}