{"id":13270,"date":"2025-02-14T08:17:40","date_gmt":"2025-02-14T08:17:40","guid":{"rendered":"https:\/\/www.aungwinter.com\/?post_type=product&#038;p=13270"},"modified":"2025-02-14T08:25:17","modified_gmt":"2025-02-14T08:25:17","slug":"mode-herbst-winter-warme-strickmutze-fur-frauen-im-fischerstil","status":"publish","type":"product","link":"https:\/\/www.aungwinter.com\/de\/product\/fashion-autumn-winter-warm-knitted-women-fisherman-hat\/","title":{"rendered":"Mode Herbst Winter Warme Strickm\u00fctze f\u00fcr Damen im Fischer-Stil"},"content":{"rendered":"<table width=\"780\">\n<tbody>\n<tr>\n<td width=\"272\">Techniken<\/td>\n<td width=\"508\">Maschinenstickerei<\/td>\n<\/tr>\n<tr>\n<td>Kopfumfang<\/td>\n<td width=\"508\">56\u201358 cm<\/td>\n<\/tr>\n<tr>\n<td>Material<\/td>\n<td width=\"508\">\u00a0Acrylfaser<\/td>\n<\/tr>\n<tr>\n<td>Druckverfahren<\/td>\n<td width=\"508\">Keine<\/td>\n<\/tr>\n<tr>\n<td>Mustertyp<\/td>\n<td width=\"508\">Fest<\/td>\n<\/tr>\n<tr>\n<td>Stoffart<\/td>\n<td width=\"508\">Kammgarn<\/td>\n<\/tr>\n<tr>\n<td>Logo-Position<\/td>\n<td width=\"508\">R\u00fcckenteil<\/td>\n<\/tr>\n<tr>\n<td>Stil<\/td>\n<td width=\"508\">Mode<\/td>\n<\/tr>\n<tr>\n<td>Herkunftsort<\/td>\n<td width=\"508\">Guangdong, China<\/td>\n<\/tr>\n<tr>\n<td>G\u00fcltige Saison<\/td>\n<td width=\"508\">Fr\u00fchling und Herbst<\/td>\n<\/tr>\n<tr>\n<td>Dekoration<\/td>\n<td width=\"508\">SONSTIGES<\/td>\n<\/tr>\n<tr>\n<td>Anwendbare Szene<\/td>\n<td width=\"508\">Strand, Freizeit, Outdoor, Reisen, Sport, Radfahren, Einkaufen gehen<\/td>\n<\/tr>\n<tr>\n<td>Altersgruppe<\/td>\n<td width=\"508\">Erwachsene<\/td>\n<\/tr>\n<tr>\n<td>Geschlecht<\/td>\n<td>Weiblich<\/td>\n<\/tr>\n<tr>\n<td>Markenname<\/td>\n<td>Aungwinter<\/td>\n<\/tr>\n<tr>\n<td>Modellnummer<\/td>\n<td>AWB12<\/td>\n<\/tr>\n<tr>\n<td>Funktion<\/td>\n<td>Warm halten<\/td>\n<\/tr>\n<tr>\n<td>Verkaufseinheiten<\/td>\n<td>Einzelartikel<\/td>\n<\/tr>\n<tr>\n<td>Einzelverpackungsgr\u00f6\u00dfe<\/td>\n<td>27 x 27 x 16 cm<\/td>\n<\/tr>\n<tr>\n<td>Einzelbruttogewicht<\/td>\n<td>0,150 kg<\/td>\n<\/tr>\n<\/tbody>\n<\/table>","protected":false},"excerpt":{"rendered":"<p>Diese Fischerhut f\u00fcr Damen hat ein gem\u00fctliches Strickdesign, das in den k\u00e4lteren Monaten f\u00fcr W\u00e4rme und Komfort sorgt, und eine stylische Fischerhutform, die super zu l\u00e4ssigen Outfits und Winterlooks passt.<\/p>","protected":false},"featured_media":13278,"template":"","meta":{"_seopress_robots_primary_cat":"none","_seopress_titles_title":"","_seopress_titles_desc":"","_seopress_robots_index":"","_gspb_post_css":"","_jf_limit_responses":"","_jet_sm_ready_style":"","_jet_sm_style":"","_jet_sm_controls_values":"","_jet_sm_fonts_collection":"","_jet_sm_fonts_links":""},"product_brand":[],"product_cat":[29],"product_tag":[],"hf_cat_product":[],"class_list":{"0":"post-13270","1":"product","2":"type-product","3":"status-publish","4":"has-post-thumbnail","6":"product_cat-knit-bucket-hats","8":"first","9":"instock","10":"shipping-taxable","11":"product-type-simple"},"_links":{"self":[{"href":"https:\/\/www.aungwinter.com\/de\/wp-json\/wp\/v2\/product\/13270","targetHints":{"allow":["GET"]}}],"collection":[{"href":"https:\/\/www.aungwinter.com\/de\/wp-json\/wp\/v2\/product"}],"about":[{"href":"https:\/\/www.aungwinter.com\/de\/wp-json\/wp\/v2\/types\/product"}],"wp:featuredmedia":[{"embeddable":true,"href":"https:\/\/www.aungwinter.com\/de\/wp-json\/wp\/v2\/media\/13278"}],"wp:attachment":[{"href":"https:\/\/www.aungwinter.com\/de\/wp-json\/wp\/v2\/media?parent=13270"}],"wp:term":[{"taxonomy":"product_brand","embeddable":true,"href":"https:\/\/www.aungwinter.com\/de\/wp-json\/wp\/v2\/product_brand?post=13270"},{"taxonomy":"product_cat","embeddable":true,"href":"https:\/\/www.aungwinter.com\/de\/wp-json\/wp\/v2\/product_cat?post=13270"},{"taxonomy":"product_tag","embeddable":true,"href":"https:\/\/www.aungwinter.com\/de\/wp-json\/wp\/v2\/product_tag?post=13270"},{"taxonomy":"hf_cat_product","embeddable":true,"href":"https:\/\/www.aungwinter.com\/de\/wp-json\/wp\/v2\/hf_cat_product?post=13270"}],"curies":[{"name":"wp","href":"https:\/\/api.w.org\/{rel}","templated":true}]}}