{"id":13293,"date":"2025-02-17T02:44:54","date_gmt":"2025-02-17T02:44:54","guid":{"rendered":"https:\/\/www.aungwinter.com\/?post_type=product&#038;p=13293"},"modified":"2025-08-29T02:41:50","modified_gmt":"2025-08-29T02:41:50","slug":"masgeschneiderte-outdoor-mutze-fur-erwachsene-aus-gewebtem-rpet-material","status":"publish","type":"product","link":"https:\/\/www.aungwinter.com\/de\/product\/customized-outdoor-adult-rpet-woven-label-knit-beanie\/","title":{"rendered":"Ma\u00dfgeschneiderte Outdoor-Strickm\u00fctze f\u00fcr Erwachsene mit gewebtem rPET-Etikett"},"content":{"rendered":"<table style=\"border-collapse: collapse; width: 403.52pt;\" border=\"0\" width=\"538\" cellspacing=\"0\" cellpadding=\"0\">\n<tbody>\n<tr style=\"height: 39.00pt;\">\n<td style=\"height: 39.00pt; width: 158.25pt;\" width=\"211\" height=\"52\">Modellnummer<\/td>\n<td class=\"et2\" style=\"width: 245.25pt;\" width=\"327\">PB-FA0005<\/td>\n<\/tr>\n<tr style=\"height: 37.00pt;\">\n<td style=\"height: 37.00pt;\" height=\"49\">Stil<\/td>\n<td class=\"et2\" style=\"width: 245.25pt;\" width=\"327\">L\u00e4ssig &amp; modisch<\/td>\n<\/tr>\n<tr style=\"height: 37.00pt;\">\n<td style=\"height: 37.00pt;\" height=\"49\">Mindestbestellmenge<\/td>\n<td class=\"et2\" style=\"width: 245.25pt;\" width=\"327\">25 St\u00fcck\/Modell\/Farbe<\/td>\n<\/tr>\n<tr style=\"height: 37.00pt;\">\n<td style=\"height: 37.00pt;\" height=\"49\">Farbe<\/td>\n<td class=\"et2\" style=\"width: 245.25pt;\" width=\"327\">Rosa, Schwarz, Dunkelgr\u00fcn, Grau, Braun<\/td>\n<\/tr>\n<tr style=\"height: 37.00pt;\">\n<td style=\"height: 37.00pt;\" height=\"49\">Material<\/td>\n<td class=\"et2\" style=\"width: 245.25pt;\" width=\"327\">100% rPET (recyceltes Polyester)<\/td>\n<\/tr>\n<tr style=\"height: 35.00pt;\">\n<td style=\"height: 35.00pt;\" height=\"46\">Logo-Gestaltung<\/td>\n<td class=\"et2\" style=\"width: 245.25pt;\" width=\"327\">Gewebtes Etikett<\/td>\n<\/tr>\n<tr style=\"height: 37.00pt;\">\n<td style=\"height: 37.00pt;\" height=\"49\">Beispielzeit<\/td>\n<td class=\"et2\" style=\"width: 245.25pt;\" width=\"327\">3-7 Tage f\u00fcr klassische oder Standardausf\u00fchrung<\/td>\n<\/tr>\n<tr style=\"height: 30.00pt;\">\n<td style=\"height: 30.00pt;\" height=\"40\">7 Tage Lieferzeit f\u00fcr Musterbestellungen<\/td>\n<td class=\"et2\" style=\"width: 245.25pt;\" width=\"327\">Unterst\u00fctzung<\/td>\n<\/tr>\n<tr style=\"height: 37.00pt;\">\n<td style=\"height: 37.00pt;\" height=\"49\">Herkunftsort<\/td>\n<td class=\"et2\" style=\"width: 245.25pt;\" width=\"327\">Guangdong, China<\/td>\n<\/tr>\n<tr style=\"height: 37.00pt;\">\n<td style=\"height: 37.00pt;\" height=\"49\">Markenname<\/td>\n<td class=\"et2\" style=\"width: 245.25pt;\" width=\"327\">Aungwinter<\/td>\n<\/tr>\n<tr style=\"height: 37.00pt;\">\n<td style=\"height: 37.00pt;\" height=\"49\">Altersgruppe<\/td>\n<td class=\"et2\" style=\"width: 245.25pt;\" width=\"327\">Erwachsene<\/td>\n<\/tr>\n<tr style=\"height: 37.00pt;\">\n<td style=\"height: 37.00pt;\" height=\"49\">Geschlecht<\/td>\n<td class=\"et2\" style=\"width: 245.25pt;\" width=\"327\">Unisex<\/td>\n<\/tr>\n<\/tbody>\n<\/table>","protected":false},"excerpt":{"rendered":"<p>Die Strickm\u00fctze ist aus nachhaltigem rPET-Material gefertigt und zeichnet sich durch ein warmes Strickdesign, ein strapazierf\u00e4higes gewebtes Etikett und eine bequeme Passform aus, die ideal f\u00fcr Outdoor-Aktivit\u00e4ten ist.<\/p>","protected":false},"featured_media":13301,"template":"","meta":{"_seopress_robots_primary_cat":"none","_seopress_titles_title":"","_seopress_titles_desc":"","_seopress_robots_index":"","_gspb_post_css":"","_jf_limit_responses":"","_jet_sm_ready_style":"","_jet_sm_style":"","_jet_sm_controls_values":"","_jet_sm_fonts_collection":"","_jet_sm_fonts_links":""},"product_brand":[],"product_cat":[65],"product_tag":[],"hf_cat_product":[],"class_list":{"0":"post-13293","1":"product","2":"type-product","3":"status-publish","4":"has-post-thumbnail","6":"product_cat-cuffed-beanies","8":"first","9":"instock","10":"shipping-taxable","11":"product-type-simple"},"_links":{"self":[{"href":"https:\/\/www.aungwinter.com\/de\/wp-json\/wp\/v2\/product\/13293","targetHints":{"allow":["GET"]}}],"collection":[{"href":"https:\/\/www.aungwinter.com\/de\/wp-json\/wp\/v2\/product"}],"about":[{"href":"https:\/\/www.aungwinter.com\/de\/wp-json\/wp\/v2\/types\/product"}],"wp:featuredmedia":[{"embeddable":true,"href":"https:\/\/www.aungwinter.com\/de\/wp-json\/wp\/v2\/media\/13301"}],"wp:attachment":[{"href":"https:\/\/www.aungwinter.com\/de\/wp-json\/wp\/v2\/media?parent=13293"}],"wp:term":[{"taxonomy":"product_brand","embeddable":true,"href":"https:\/\/www.aungwinter.com\/de\/wp-json\/wp\/v2\/product_brand?post=13293"},{"taxonomy":"product_cat","embeddable":true,"href":"https:\/\/www.aungwinter.com\/de\/wp-json\/wp\/v2\/product_cat?post=13293"},{"taxonomy":"product_tag","embeddable":true,"href":"https:\/\/www.aungwinter.com\/de\/wp-json\/wp\/v2\/product_tag?post=13293"},{"taxonomy":"hf_cat_product","embeddable":true,"href":"https:\/\/www.aungwinter.com\/de\/wp-json\/wp\/v2\/hf_cat_product?post=13293"}],"curies":[{"name":"wp","href":"https:\/\/api.w.org\/{rel}","templated":true}]}}