{"id":13398,"date":"2025-02-18T06:34:01","date_gmt":"2025-02-18T06:34:01","guid":{"rendered":"https:\/\/www.aungwinter.com\/?post_type=product&#038;p=13398"},"modified":"2025-02-18T06:38:28","modified_gmt":"2025-02-18T06:38:28","slug":"individuell-gestaltete-baby-strickmutze-mit-niedlichem-tiermuster","status":"publish","type":"product","link":"https:\/\/www.aungwinter.com\/de\/product\/custom-cute-animal-pattern-baby-knit-beanie\/","title":{"rendered":"Individuell gestaltete Baby-Strickm\u00fctze mit niedlichem Tiermotiv"},"content":{"rendered":"<table width=\"780\">\n<tbody>\n<tr>\n<td width=\"272\">Material<\/td>\n<td width=\"508\">Acryl<\/td>\n<\/tr>\n<tr>\n<td>Techniken<\/td>\n<td width=\"508\">Siebdruck, Thermotransferdruck, Maschinenstickerei, Handstickerei, Aufgestickte Stoffstickerei, Paillettenstickerei, 3D-Stickerei, Nagelperlenstickerei, Sonderanfertigungen<\/td>\n<\/tr>\n<tr>\n<td>Kopfumfang<\/td>\n<td width=\"508\">52\u201354 cm, 54\u201356 cm<\/td>\n<\/tr>\n<tr>\n<td>Herkunftsort<\/td>\n<td width=\"508\">Guangdong, China<\/td>\n<\/tr>\n<tr>\n<td>Druckverfahren<\/td>\n<td width=\"508\">Sublimationstransferdruck, Digitaldruck, Pr\u00e4gung, Erhabener Gummidruck, Flockdruck, Puffdruck, \u00c4tzdruck, Foliendruck, Glitzerdruck, Leuchtdruck, Individuell<\/td>\n<\/tr>\n<tr>\n<td>Geschlecht<\/td>\n<td width=\"508\">Unisex<\/td>\n<\/tr>\n<tr>\n<td>Mustertyp<\/td>\n<td width=\"508\">Tier<\/td>\n<\/tr>\n<tr>\n<td>Anwendbare Szene<\/td>\n<td width=\"508\">Sport, SKI, Reisen, Outdoor, Alltag, Freizeit, Einkaufen, Reisen, Heimgebrauch<\/td>\n<\/tr>\n<tr>\n<td>Markenname<\/td>\n<td width=\"508\">Aungwinter<\/td>\n<\/tr>\n<tr>\n<td>Modellnummer<\/td>\n<td width=\"508\">Kinder-Winterm\u00fctze<\/td>\n<\/tr>\n<tr>\n<td>Stoffmerkmale<\/td>\n<td>GEMEINSAM<\/td>\n<\/tr>\n<tr>\n<td>Altersgruppe<\/td>\n<td>Kinder<\/td>\n<\/tr>\n<tr>\n<td>Stil<\/td>\n<td>Bild<\/td>\n<\/tr>\n<tr>\n<td>Kopfgr\u00f6\u00dfe<\/td>\n<td>44\u201350 cm f\u00fcr Kinder<\/td>\n<\/tr>\n<tr>\n<td>Kundenspezifisch<\/td>\n<td>Kann nach Ihrem Entwurf hergestellt werden<\/td>\n<\/tr>\n<tr>\n<td>Logo<\/td>\n<td>Gew\u00f6hnliche Stickerei, Stickerei, Leder, gewebtes Etikett, Seidendruck\u2026.<\/td>\n<\/tr>\n<tr>\n<td>Beispielzeit<\/td>\n<td>5-7 Werktage, wenn Sie Ihr Logo individuell gestalten m\u00f6chten<\/td>\n<\/tr>\n<tr>\n<td>Material<\/td>\n<td>100% Acryl, 100% Hypoallergen, Polyester, Polyester-Baumwolle, Baumwolle\u2026.<\/td>\n<\/tr>\n<tr>\n<td>Gr\u00f6\u00dfe<\/td>\n<td>Die Gr\u00f6\u00dfe des Kindes oder Erwachsenen, je nach Ihren Bed\u00fcrfnissen<\/td>\n<\/tr>\n<tr>\n<td>Farben<\/td>\n<td>Standardfarben sind verf\u00fcgbar und k\u00f6nnen nach Ihren Anforderungen angepasst werden.<\/td>\n<\/tr>\n<tr>\n<td>Beispielkosten<\/td>\n<td>Kostenlose Probe f\u00fcr Ihr Logo nach Zahlungseingang<\/td>\n<\/tr>\n<\/tbody>\n<\/table>","protected":false},"excerpt":{"rendered":"<p>Diese Strickm\u00fctze ist eine weiche, warme M\u00fctze mit niedlichen Tiermotiven, die auf Komfort und Stil ausgelegt ist und sich perfekt eignet, um Babys warm zu halten und modisch aussehen zu lassen.<\/p>","protected":false},"featured_media":13403,"template":"","meta":{"_seopress_robots_primary_cat":"none","_seopress_titles_title":"","_seopress_titles_desc":"","_seopress_robots_index":"","_gspb_post_css":"","_jf_limit_responses":"","_jet_sm_ready_style":"","_jet_sm_style":"","_jet_sm_controls_values":"","_jet_sm_fonts_collection":"","_jet_sm_fonts_links":""},"product_brand":[],"product_cat":[85],"product_tag":[],"hf_cat_product":[],"class_list":{"0":"post-13398","1":"product","2":"type-product","3":"status-publish","4":"has-post-thumbnail","6":"product_cat-kids-winter-hats","8":"first","9":"instock","10":"shipping-taxable","11":"product-type-simple"},"_links":{"self":[{"href":"https:\/\/www.aungwinter.com\/de\/wp-json\/wp\/v2\/product\/13398","targetHints":{"allow":["GET"]}}],"collection":[{"href":"https:\/\/www.aungwinter.com\/de\/wp-json\/wp\/v2\/product"}],"about":[{"href":"https:\/\/www.aungwinter.com\/de\/wp-json\/wp\/v2\/types\/product"}],"wp:featuredmedia":[{"embeddable":true,"href":"https:\/\/www.aungwinter.com\/de\/wp-json\/wp\/v2\/media\/13403"}],"wp:attachment":[{"href":"https:\/\/www.aungwinter.com\/de\/wp-json\/wp\/v2\/media?parent=13398"}],"wp:term":[{"taxonomy":"product_brand","embeddable":true,"href":"https:\/\/www.aungwinter.com\/de\/wp-json\/wp\/v2\/product_brand?post=13398"},{"taxonomy":"product_cat","embeddable":true,"href":"https:\/\/www.aungwinter.com\/de\/wp-json\/wp\/v2\/product_cat?post=13398"},{"taxonomy":"product_tag","embeddable":true,"href":"https:\/\/www.aungwinter.com\/de\/wp-json\/wp\/v2\/product_tag?post=13398"},{"taxonomy":"hf_cat_product","embeddable":true,"href":"https:\/\/www.aungwinter.com\/de\/wp-json\/wp\/v2\/hf_cat_product?post=13398"}],"curies":[{"name":"wp","href":"https:\/\/api.w.org\/{rel}","templated":true}]}}