{"id":13422,"date":"2025-02-19T03:56:46","date_gmt":"2025-02-19T03:56:46","guid":{"rendered":"https:\/\/www.aungwinter.com\/?post_type=product&#038;p=13422"},"modified":"2025-09-02T01:11:59","modified_gmt":"2025-09-02T01:11:59","slug":"masgefertigte-flexible-ohrenklappenmutze-aus-polyester-mit-kordelzug","status":"publish","type":"product","link":"https:\/\/www.aungwinter.com\/de\/product\/custom-polyester-plain-flexible-drawstring-earflap-hat\/","title":{"rendered":"Ma\u00dfgefertigte flexible Ohrenklappenm\u00fctze aus Polyester mit Kordelzug"},"content":{"rendered":"<table style=\"border-collapse: collapse; width: 403.52pt;\" border=\"0\" width=\"538\" cellspacing=\"0\" cellpadding=\"0\">\n<tbody>\n<tr style=\"height: 36.00pt;\">\n<td style=\"height: 36.00pt; width: 158.25pt;\" width=\"211\" height=\"48\">Modellnummer<\/td>\n<td class=\"et2\" style=\"width: 245.25pt;\" width=\"327\">Wir2410-13<\/td>\n<\/tr>\n<tr style=\"height: 37.00pt;\">\n<td style=\"height: 37.00pt;\" height=\"49\">Anwendbare Szenen<\/td>\n<td class=\"et2\" style=\"width: 245.25pt;\" width=\"327\">Outdoor, Sport<\/td>\n<\/tr>\n<tr style=\"height: 37.00pt;\">\n<td style=\"height: 37.00pt;\" height=\"49\">Material<\/td>\n<td class=\"et2\" style=\"width: 245.25pt;\" width=\"327\">Polyester<\/td>\n<\/tr>\n<tr style=\"height: 37.00pt;\">\n<td style=\"height: 37.00pt;\" height=\"49\">Farbe<\/td>\n<td class=\"et2\" style=\"width: 245.25pt;\" width=\"327\">Khaki, Marineblau, Beige, Wei\u00df, Armeegr\u00fcn<\/td>\n<\/tr>\n<tr style=\"height: 35.00pt;\">\n<td style=\"height: 35.00pt;\" height=\"46\">Mindestbestellmenge<\/td>\n<td class=\"et2\" style=\"width: 245.25pt;\" width=\"327\">25 St\u00fcck\/Modell\/Farbe<\/td>\n<\/tr>\n<tr style=\"height: 37.00pt;\">\n<td style=\"height: 37.00pt;\" height=\"49\">Beispielzeit<\/td>\n<td class=\"et2\" style=\"width: 245.25pt;\" width=\"327\">3-7 Tage f\u00fcr klassische oder Standardausf\u00fchrung<\/td>\n<\/tr>\n<tr style=\"height: 30.00pt;\">\n<td style=\"height: 30.00pt;\" height=\"40\">Altersgruppe<\/td>\n<td class=\"et2\" style=\"width: 245.25pt;\" width=\"327\">Erwachsener<\/td>\n<\/tr>\n<tr style=\"height: 37.00pt;\">\n<td style=\"height: 37.00pt;\" height=\"49\">Geschlecht<\/td>\n<td class=\"et2\" style=\"width: 245.25pt;\" width=\"327\">Unisex<\/td>\n<\/tr>\n<tr style=\"height: 37.00pt;\">\n<td style=\"height: 37.00pt;\" height=\"49\">Logo-Gestaltung<\/td>\n<td class=\"et2\" style=\"width: 245.25pt;\" width=\"327\">Drucken<\/td>\n<\/tr>\n<tr style=\"height: 37.00pt;\">\n<td style=\"height: 37.00pt;\" height=\"49\">Herkunftsort<\/td>\n<td class=\"et2\" style=\"width: 245.25pt;\" width=\"327\">Shenzhen, China<\/td>\n<\/tr>\n<tr style=\"height: 37.00pt;\">\n<td style=\"height: 37.00pt;\" height=\"49\">Markenname<\/td>\n<td class=\"et2\" style=\"width: 245.25pt;\" width=\"327\">Aungwinter<\/td>\n<\/tr>\n<tr style=\"height: 37.00pt;\">\n<td style=\"height: 37.00pt;\" height=\"49\">Verkaufseinheiten<\/td>\n<td class=\"et2\" style=\"width: 245.25pt;\" width=\"327\">Einzelartikel<\/td>\n<\/tr>\n<tr style=\"height: 37.00pt;\">\n<td style=\"height: 37.00pt;\" height=\"49\">Einzelverpackungsgr\u00f6\u00dfe<\/td>\n<td class=\"et2\" style=\"width: 245.25pt;\" width=\"327\">20 x 20 x 10 cm<\/td>\n<\/tr>\n<tr style=\"height: 37.00pt;\">\n<td style=\"height: 37.00pt;\" height=\"49\">Einzelbruttogewicht<\/td>\n<td class=\"et2\" style=\"width: 245.25pt;\" width=\"327\">1.000 kg<\/td>\n<\/tr>\n<\/tbody>\n<\/table>","protected":false},"excerpt":{"rendered":"<p>Diese ma\u00dfgeschneiderte Ohrenklappenm\u00fctze bietet leichte W\u00e4rme, verstellbaren Komfort und ein schlichtes, aber vielseitiges Design, das sich perfekt f\u00fcr kaltes Wetter eignet.<\/p>","protected":false},"featured_media":13426,"template":"","meta":{"_seopress_robots_primary_cat":"none","_seopress_titles_title":"","_seopress_titles_desc":"","_seopress_robots_index":"","_gspb_post_css":"","_jf_limit_responses":"","_jet_sm_ready_style":"","_jet_sm_style":"","_jet_sm_controls_values":"","_jet_sm_fonts_collection":"","_jet_sm_fonts_links":""},"product_brand":[],"product_cat":[31],"product_tag":[],"hf_cat_product":[],"class_list":{"0":"post-13422","1":"product","2":"type-product","3":"status-publish","4":"has-post-thumbnail","6":"product_cat-earflap-hats","8":"first","9":"instock","10":"shipping-taxable","11":"product-type-simple"},"_links":{"self":[{"href":"https:\/\/www.aungwinter.com\/de\/wp-json\/wp\/v2\/product\/13422","targetHints":{"allow":["GET"]}}],"collection":[{"href":"https:\/\/www.aungwinter.com\/de\/wp-json\/wp\/v2\/product"}],"about":[{"href":"https:\/\/www.aungwinter.com\/de\/wp-json\/wp\/v2\/types\/product"}],"wp:featuredmedia":[{"embeddable":true,"href":"https:\/\/www.aungwinter.com\/de\/wp-json\/wp\/v2\/media\/13426"}],"wp:attachment":[{"href":"https:\/\/www.aungwinter.com\/de\/wp-json\/wp\/v2\/media?parent=13422"}],"wp:term":[{"taxonomy":"product_brand","embeddable":true,"href":"https:\/\/www.aungwinter.com\/de\/wp-json\/wp\/v2\/product_brand?post=13422"},{"taxonomy":"product_cat","embeddable":true,"href":"https:\/\/www.aungwinter.com\/de\/wp-json\/wp\/v2\/product_cat?post=13422"},{"taxonomy":"product_tag","embeddable":true,"href":"https:\/\/www.aungwinter.com\/de\/wp-json\/wp\/v2\/product_tag?post=13422"},{"taxonomy":"hf_cat_product","embeddable":true,"href":"https:\/\/www.aungwinter.com\/de\/wp-json\/wp\/v2\/hf_cat_product?post=13422"}],"curies":[{"name":"wp","href":"https:\/\/api.w.org\/{rel}","templated":true}]}}