{"id":13489,"date":"2025-09-05T02:59:23","date_gmt":"2025-09-05T02:59:23","guid":{"rendered":"https:\/\/www.aungwinter.com\/?post_type=product&#038;p=13489"},"modified":"2025-12-06T15:01:38","modified_gmt":"2025-12-06T15:01:38","slug":"masgefertigte-baumwoll-acryl-jacquard-pomponmutze-fur-kleine-kinder","status":"publish","type":"product","link":"https:\/\/www.aungwinter.com\/de\/product\/custom-cotton-acrylic-jacquard-pom-beanie-for-little-kids\/","title":{"rendered":"Ma\u00dfgeschneiderte Baumwoll-Acryl-Jacquard-Pomponm\u00fctze f\u00fcr kleine Kinder"},"content":{"rendered":"<table class=\"aligncenter\" width=\"538\">\n<tbody>\n<tr>\n<td width=\"211\">Modellnummer<\/td>\n<td width=\"327\">Wk2410-013<\/td>\n<\/tr>\n<tr>\n<td>Altersgruppe<\/td>\n<td width=\"327\">Kinder<\/td>\n<\/tr>\n<tr>\n<td>Anwendbare Szene<\/td>\n<td width=\"327\">Reisen, Outdoor, Sport usw.<\/td>\n<\/tr>\n<tr>\n<td>Stil<\/td>\n<td width=\"327\">L\u00e4ssig &amp; modisch<\/td>\n<\/tr>\n<tr>\n<td>Mindestbestellmenge<\/td>\n<td width=\"327\">25 St\u00fcck\/Modell\/Farbe<\/td>\n<\/tr>\n<tr>\n<td>Farbe<\/td>\n<td width=\"327\">Blau, gr\u00fcn<\/td>\n<\/tr>\n<tr>\n<td>Geschlecht<\/td>\n<td width=\"327\">Unisex<\/td>\n<\/tr>\n<tr>\n<td>Material<\/td>\n<td width=\"327\">Baumwolle, Acryl<\/td>\n<\/tr>\n<tr>\n<td>Logo-Gestaltung<\/td>\n<td width=\"327\">Jacquard oder Sonderanfertigung<\/td>\n<\/tr>\n<tr>\n<td>Beispielzeit<\/td>\n<td width=\"327\">3-7 Tage f\u00fcr klassische oder Standardausf\u00fchrung<\/td>\n<\/tr>\n<tr>\n<td>Herkunftsort<\/td>\n<td width=\"327\">Shenzhen, China<\/td>\n<\/tr>\n<tr>\n<td>Markenname<\/td>\n<td width=\"327\">Aungwinter<\/td>\n<\/tr>\n<tr>\n<td>Saison<\/td>\n<td width=\"327\">Winter, Herbst, Fr\u00fchling<\/td>\n<\/tr>\n<tr>\n<td>Dienstleistung<\/td>\n<td width=\"327\">Kundenspezifische OEM- und ODM-Produkte<\/td>\n<\/tr>\n<tr>\n<td>Verpackung<\/td>\n<td width=\"327\">1 St\u00fcck\/Opp-Beutel<\/td>\n<\/tr>\n<tr>\n<td>Etikett<\/td>\n<td width=\"327\">Eigenmarke<\/td>\n<\/tr>\n<\/tbody>\n<\/table>","protected":false},"excerpt":{"rendered":"<p>Diese M\u00fctze f\u00fcr kleine Kinder bietet W\u00e4rme, Weichheit und ein niedliches, verspieltes Design f\u00fcr Komfort im Winter.<\/p>","protected":false},"featured_media":13493,"template":"","meta":{"_seopress_robots_primary_cat":"none","_seopress_titles_title":"","_seopress_titles_desc":"","_seopress_robots_index":"","_gspb_post_css":"","_jf_limit_responses":"","_jet_sm_ready_style":"","_jet_sm_style":"","_jet_sm_controls_values":"","_jet_sm_fonts_collection":"","_jet_sm_fonts_links":""},"product_brand":[],"product_cat":[85],"product_tag":[],"hf_cat_product":[],"class_list":{"0":"post-13489","1":"product","2":"type-product","3":"status-publish","4":"has-post-thumbnail","6":"product_cat-kids-winter-hats","8":"first","9":"instock","10":"shipping-taxable","11":"product-type-simple"},"_links":{"self":[{"href":"https:\/\/www.aungwinter.com\/de\/wp-json\/wp\/v2\/product\/13489","targetHints":{"allow":["GET"]}}],"collection":[{"href":"https:\/\/www.aungwinter.com\/de\/wp-json\/wp\/v2\/product"}],"about":[{"href":"https:\/\/www.aungwinter.com\/de\/wp-json\/wp\/v2\/types\/product"}],"wp:featuredmedia":[{"embeddable":true,"href":"https:\/\/www.aungwinter.com\/de\/wp-json\/wp\/v2\/media\/13493"}],"wp:attachment":[{"href":"https:\/\/www.aungwinter.com\/de\/wp-json\/wp\/v2\/media?parent=13489"}],"wp:term":[{"taxonomy":"product_brand","embeddable":true,"href":"https:\/\/www.aungwinter.com\/de\/wp-json\/wp\/v2\/product_brand?post=13489"},{"taxonomy":"product_cat","embeddable":true,"href":"https:\/\/www.aungwinter.com\/de\/wp-json\/wp\/v2\/product_cat?post=13489"},{"taxonomy":"product_tag","embeddable":true,"href":"https:\/\/www.aungwinter.com\/de\/wp-json\/wp\/v2\/product_tag?post=13489"},{"taxonomy":"hf_cat_product","embeddable":true,"href":"https:\/\/www.aungwinter.com\/de\/wp-json\/wp\/v2\/hf_cat_product?post=13489"}],"curies":[{"name":"wp","href":"https:\/\/api.w.org\/{rel}","templated":true}]}}