{"id":13805,"date":"2025-03-17T03:39:57","date_gmt":"2025-03-17T03:39:57","guid":{"rendered":"https:\/\/www.aungwinter.com\/?post_type=product&#038;p=13805"},"modified":"2025-03-31T17:57:06","modified_gmt":"2025-03-31T17:57:06","slug":"modische-winter-baseballkappe-aus-baumwolle-mit-6-segmenten-und-stickerei","status":"publish","type":"product","link":"https:\/\/www.aungwinter.com\/de\/product\/fashion-cotton-6-panel-embroidery-winter-baseball-cap\/","title":{"rendered":"Modische Winter-Baseballkappe aus Baumwolle mit 6 Segmenten und Stickerei"},"content":{"rendered":"<table style=\"border-collapse: collapse; width: 585.02pt;\" border=\"0\" width=\"780\" cellspacing=\"0\" cellpadding=\"0\">\n<tbody>\n<tr style=\"height: 33.00pt;\">\n<td class=\"et2\" style=\"height: 33.00pt; width: 204.00pt;\" width=\"272\" height=\"44\">Panel-Stil<\/td>\n<td class=\"et3\" style=\"width: 381.00pt;\" width=\"508\">6-Panel-Kappe<\/td>\n<\/tr>\n<tr style=\"height: 33.00pt;\">\n<td class=\"et2\" style=\"height: 33.00pt;\" height=\"44\">Material<\/td>\n<td class=\"et3\" style=\"width: 381.00pt;\" width=\"508\">100% Baumwolle<\/td>\n<\/tr>\n<tr style=\"height: 33.00pt;\">\n<td class=\"et2\" style=\"height: 33.00pt;\" height=\"44\">Kopfumfang<\/td>\n<td class=\"et3\" style=\"width: 381.00pt;\" width=\"508\">48\u201350 cm, 50\u201352 cm, 52\u201354 cm, 54\u201356 cm, 56\u201358 cm, 58\u201360 cm, 60\u201362 cm, &gt;62 cm, verstellbar<\/td>\n<\/tr>\n<tr style=\"height: 32.00pt;\">\n<td class=\"et2\" style=\"height: 32.00pt;\" height=\"42\">Herkunftsort<\/td>\n<td class=\"et3\" style=\"width: 381.00pt;\" width=\"508\">Shenzhen, China<\/td>\n<\/tr>\n<tr style=\"height: 33.00pt;\">\n<td class=\"et2\" style=\"height: 33.00pt;\" height=\"44\">Druckverfahren<\/td>\n<td class=\"et3\" style=\"width: 381.00pt;\" width=\"508\">Sublimationstransferdruck, Digitaldruck, Pr\u00e4gung, Erhabener Gummidruck, Flockdruck, Puffdruck, \u00c4tzdruck, Foliendruck, Glitzerdruck, Leuchtdruck, Handgezeichnet, Digitaldruck, Siebdruck, Thermotransferdruck, Direkt-Thermotransferdruck auf Konfektionskleidung, Direkt-Digitaldruck auf Konfektionskleidung<\/td>\n<\/tr>\n<tr style=\"height: 33.00pt;\">\n<td class=\"et2\" style=\"height: 33.00pt;\" height=\"44\">Techniken<\/td>\n<td class=\"et3\" style=\"width: 381.00pt;\" width=\"508\">Siebdruck, Thermotransferdruck, Maschinenstickerei, Handstickerei, Aufgestickte Stoffstickerei, 3D-Stickerei, Nagelperlenstickerei, Flockstickerei<\/td>\n<\/tr>\n<tr style=\"height: 33.00pt;\">\n<td class=\"et2\" style=\"height: 33.00pt;\" height=\"44\">Stil<\/td>\n<td class=\"et3\" style=\"width: 381.00pt;\" width=\"508\">Mode, Sportlich, Formell, L\u00e4ssig, Hip Hop, Y2K<\/td>\n<\/tr>\n<tr style=\"height: 33.00pt;\">\n<td class=\"et2\" style=\"height: 33.00pt;\" height=\"44\">Mustertyp<\/td>\n<td class=\"et3\" style=\"width: 381.00pt;\" width=\"508\">Tier, Argyle, Schleifen, Camouflage, Cartoon, Figur, Kariert, Color Blocking, DOT, Blumen, Obst<\/td>\n<\/tr>\n<tr style=\"height: 33.00pt;\">\n<td class=\"et2\" style=\"height: 33.00pt;\" height=\"44\">G\u00fcltige Saison<\/td>\n<td class=\"et3\" style=\"width: 381.00pt;\" width=\"508\">Winter, Sommer, Fr\u00fchling und Sommer, Fr\u00fchling und Herbst, vier Jahreszeiten<\/td>\n<\/tr>\n<tr style=\"height: 33.00pt;\">\n<td class=\"et2\" style=\"height: 33.00pt;\" height=\"44\">Stoffart<\/td>\n<td class=\"et3\" style=\"width: 381.00pt;\" width=\"508\">Leinwand, Velours, Denim, Cord, Fischgr\u00e4tmuster, Oxford<\/td>\n<\/tr>\n<tr style=\"height: 33.00pt;\">\n<td class=\"et2\" style=\"height: 33.00pt;\" height=\"44\">Anwendbare Szene<\/td>\n<td class=\"et3\" style=\"width: 381.00pt;\" width=\"508\">Sport, SKI, Reisen, Outdoor, Freizeit, Party, Strand, LEISTUNG, GESCHENK, Angeln, Radfahren, Einkaufen<\/td>\n<\/tr>\n<tr style=\"height: 33.00pt;\">\n<td class=\"et2\" style=\"height: 33.00pt;\" height=\"44\">Logo-Position<\/td>\n<td class=\"et3\" style=\"width: 381.00pt;\" width=\"508\">Krempe\/Schirm, Vorderteil, linkes Teil, rechtes Teil, hinterer gebogener Teil<\/td>\n<\/tr>\n<tr style=\"height: 33.00pt;\">\n<td class=\"et2\" style=\"height: 33.00pt;\" height=\"44\">R\u00fcckenschluss<\/td>\n<td class=\"et3\" style=\"width: 381.00pt;\" width=\"508\">Gold-Kupfer-Schnalle<\/td>\n<\/tr>\n<tr style=\"height: 33.00pt;\">\n<td class=\"et2\" style=\"height: 33.00pt;\" height=\"44\">Dekoration<\/td>\n<td class=\"et3\" style=\"width: 381.00pt;\" width=\"508\">Perle, Knopf, Spitze, Niete, Schleife, zerrissen<\/td>\n<\/tr>\n<tr style=\"height: 33.00pt;\">\n<td class=\"et2\" style=\"height: 33.00pt;\" height=\"44\">Markenname<\/td>\n<td class=\"et3\" style=\"width: 381.00pt;\" width=\"508\">OEM\/ODM<\/td>\n<\/tr>\n<tr style=\"height: 33.00pt;\">\n<td class=\"et2\" style=\"height: 33.00pt;\" height=\"44\">Modellnummer<\/td>\n<td class=\"et3\" style=\"width: 381.00pt;\" width=\"508\">AWB072<\/td>\n<\/tr>\n<tr style=\"height: 33.00pt;\">\n<td style=\"height: 33.00pt;\" height=\"44\">Nadelerkennung<\/td>\n<td>Ja<\/td>\n<\/tr>\n<tr style=\"height: 33.00pt;\">\n<td style=\"height: 33.00pt;\" height=\"44\">Verkaufseinheiten:<\/td>\n<td>Einzelartikel<\/td>\n<\/tr>\n<tr style=\"height: 33.00pt;\">\n<td style=\"height: 33.00pt;\" height=\"44\">Einzelverpackungsgr\u00f6\u00dfe:<\/td>\n<td>35 x 20 x 18 cm<\/td>\n<\/tr>\n<\/tbody>\n<\/table>","protected":false},"excerpt":{"rendered":"<p>Diese Winter-Baseballkappe kombiniert ein stilvolles 6-Panel-Design mit aufwendigen Stickereien. Sie ist aus weicher Baumwolle gefertigt, um in den k\u00e4lteren Monaten W\u00e4rme und Komfort zu bieten, und verf\u00fcgt \u00fcber eine verstellbare Passform f\u00fcr ein individuelles Tragegef\u00fchl.<\/p>","protected":false},"featured_media":13808,"template":"","meta":{"_seopress_robots_primary_cat":"none","_seopress_titles_title":"","_seopress_titles_desc":"","_seopress_robots_index":"","_gspb_post_css":"","_jf_limit_responses":"","_jet_sm_ready_style":"","_jet_sm_style":"","_jet_sm_controls_values":"","_jet_sm_fonts_collection":"","_jet_sm_fonts_links":""},"product_brand":[],"product_cat":[69],"product_tag":[],"hf_cat_product":[],"class_list":{"0":"post-13805","1":"product","2":"type-product","3":"status-publish","4":"has-post-thumbnail","6":"product_cat-winter-baseabll-hats","8":"first","9":"instock","10":"shipping-taxable","11":"product-type-simple"},"_links":{"self":[{"href":"https:\/\/www.aungwinter.com\/de\/wp-json\/wp\/v2\/product\/13805","targetHints":{"allow":["GET"]}}],"collection":[{"href":"https:\/\/www.aungwinter.com\/de\/wp-json\/wp\/v2\/product"}],"about":[{"href":"https:\/\/www.aungwinter.com\/de\/wp-json\/wp\/v2\/types\/product"}],"wp:featuredmedia":[{"embeddable":true,"href":"https:\/\/www.aungwinter.com\/de\/wp-json\/wp\/v2\/media\/13808"}],"wp:attachment":[{"href":"https:\/\/www.aungwinter.com\/de\/wp-json\/wp\/v2\/media?parent=13805"}],"wp:term":[{"taxonomy":"product_brand","embeddable":true,"href":"https:\/\/www.aungwinter.com\/de\/wp-json\/wp\/v2\/product_brand?post=13805"},{"taxonomy":"product_cat","embeddable":true,"href":"https:\/\/www.aungwinter.com\/de\/wp-json\/wp\/v2\/product_cat?post=13805"},{"taxonomy":"product_tag","embeddable":true,"href":"https:\/\/www.aungwinter.com\/de\/wp-json\/wp\/v2\/product_tag?post=13805"},{"taxonomy":"hf_cat_product","embeddable":true,"href":"https:\/\/www.aungwinter.com\/de\/wp-json\/wp\/v2\/hf_cat_product?post=13805"}],"curies":[{"name":"wp","href":"https:\/\/api.w.org\/{rel}","templated":true}]}}