{"id":14167,"date":"2025-03-27T03:13:22","date_gmt":"2025-03-27T03:13:22","guid":{"rendered":"https:\/\/www.aungwinter.com\/?post_type=product&#038;p=14167"},"modified":"2025-03-27T03:22:17","modified_gmt":"2025-03-27T03:22:17","slug":"wintermode-samt-dicke-warme-weise-baseballkappe","status":"publish","type":"product","link":"https:\/\/www.aungwinter.com\/de\/product\/winter-fashion-velvet-thick-warm-white-baseball-cap\/","title":{"rendered":"Wintermode Samt Dicke Warme Wei\u00dfe Baseballkappe"},"content":{"rendered":"<table style=\"border-collapse: collapse; width: 585.02pt;\" border=\"0\" width=\"780\" cellspacing=\"0\" cellpadding=\"0\">\n<tbody>\n<tr style=\"height: 33.00pt;\">\n<td class=\"et2\" style=\"height: 33.00pt; width: 204.00pt;\" width=\"272\" height=\"44\">Panel-Stil<\/td>\n<td class=\"et3\" style=\"width: 381.00pt;\" width=\"508\">6-Panel-Kappe<\/td>\n<\/tr>\n<tr style=\"height: 33.00pt;\">\n<td class=\"et2\" style=\"height: 33.00pt;\" height=\"44\">Material<\/td>\n<td class=\"et3\" style=\"width: 381.00pt;\" width=\"508\">100% Polyester<\/td>\n<\/tr>\n<tr style=\"height: 33.00pt;\">\n<td class=\"et2\" style=\"height: 33.00pt;\" height=\"44\">Kopfumfang<\/td>\n<td class=\"et3\" style=\"width: 381.00pt;\" width=\"508\">56\u201358 cm<\/td>\n<\/tr>\n<tr style=\"height: 32.00pt;\">\n<td class=\"et2\" style=\"height: 32.00pt;\" height=\"42\">Herkunftsort<\/td>\n<td class=\"et3\" style=\"width: 381.00pt;\" width=\"508\">Guangdong, China<\/td>\n<\/tr>\n<tr style=\"height: 33.00pt;\">\n<td class=\"et2\" style=\"height: 33.00pt;\" height=\"44\">Druckverfahren<\/td>\n<td class=\"et3\" style=\"width: 381.00pt;\" width=\"508\">Digitaldruck, Reliefdruck, Flockdruck, Pr\u00e4gung, Sublimationstransferdruck, Puffdruck, \u00c4tzdruck, Foliendruck, Glitzerdruck, Handzeichnung, Leuchtdruck, Digitaldruck, Siebdruck, Thermotransferdruck, Direkt-Thermotransferdruck auf Konfektionskleidung, Sonstiges<\/td>\n<\/tr>\n<tr style=\"height: 33.00pt;\">\n<td class=\"et2\" style=\"height: 33.00pt;\" height=\"44\">Techniken<\/td>\n<td class=\"et3\" style=\"width: 381.00pt;\" width=\"508\">GEWASCHEN, Siebdruck, Thermotransferdruck, Aufgen\u00e4hte Stoffstickerei, Maschinenstickerei, Handstickerei, Paillettenstickerei, 3D-Stickerei, Nagelperlenstickerei, Flockstickerei<\/td>\n<\/tr>\n<tr style=\"height: 33.00pt;\">\n<td class=\"et2\" style=\"height: 33.00pt;\" height=\"44\">Stil<\/td>\n<td class=\"et3\" style=\"width: 381.00pt;\" width=\"508\">Mode, Vintage, Sportlich, L\u00e4ssig, Party, Hip Hop, Street Style<\/td>\n<\/tr>\n<tr style=\"height: 33.00pt;\">\n<td class=\"et2\" style=\"height: 33.00pt;\" height=\"44\">Mustertyp<\/td>\n<td class=\"et3\" style=\"width: 381.00pt;\" width=\"508\">Tier, Argyle, Cartoon, Schleifen, Camouflage, Kariert, Charakter, Color Blocking, DOT, Blumen, Obst, Geometrisch, Handbemalt, Blatt, Leopard, Buchstabe, Sonstiges, Plaid, Polka Dot, Einfarbig, Gestreift, Tropisch<\/td>\n<\/tr>\n<tr style=\"height: 33.00pt;\">\n<td class=\"et2\" style=\"height: 33.00pt;\" height=\"44\">G\u00fcltige Saison<\/td>\n<td class=\"et3\" style=\"width: 381.00pt;\" width=\"508\">Winter<\/td>\n<\/tr>\n<tr style=\"height: 33.00pt;\">\n<td class=\"et2\" style=\"height: 33.00pt;\" height=\"44\">Stoffart<\/td>\n<td class=\"et3\" style=\"width: 381.00pt;\" width=\"508\">TWILL, Velours<\/td>\n<\/tr>\n<tr style=\"height: 33.00pt;\">\n<td class=\"et2\" style=\"height: 33.00pt;\" height=\"44\">Anwendbare Szene<\/td>\n<td class=\"et3\" style=\"width: 381.00pt;\" width=\"508\">Sport, Reisen, Outdoor, Freizeit, Party, Strand, Angeln, Radfahren<\/td>\n<\/tr>\n<tr style=\"height: 33.00pt;\">\n<td class=\"et2\" style=\"height: 33.00pt;\" height=\"44\">Logo-Position<\/td>\n<td class=\"et3\" style=\"width: 381.00pt;\" width=\"508\">Krempe\/Schirm, Vorderteil, linkes Teil, hinterer gebogener Teil, rechtes Teil<\/td>\n<\/tr>\n<tr style=\"height: 33.00pt;\">\n<td class=\"et2\" style=\"height: 33.00pt;\" height=\"44\">R\u00fcckenschluss<\/td>\n<td class=\"et3\" style=\"width: 381.00pt;\" width=\"508\">METALLSCHNALLEN<\/td>\n<\/tr>\n<tr style=\"height: 33.00pt;\">\n<td class=\"et2\" style=\"height: 33.00pt;\" height=\"44\">Dekoration<\/td>\n<td class=\"et3\" style=\"width: 381.00pt;\" width=\"508\">Perle, Spitze, Niete, Schleife, Riss, GEWASCHEN, Pailletten, \u00d6se, Ketten, Paillettenbesetzt, SONSTIGES, Strass, Stickerei, Fake-Rei\u00dfverschl\u00fcsse, Kontrastfarbe, Applikationen<\/td>\n<\/tr>\n<tr style=\"height: 33.00pt;\">\n<td class=\"et2\" style=\"height: 33.00pt;\" height=\"44\">Markenname<\/td>\n<td class=\"et3\" style=\"width: 381.00pt;\" width=\"508\">Aungwinter<\/td>\n<\/tr>\n<tr style=\"height: 33.00pt;\">\n<td class=\"et2\" style=\"height: 33.00pt;\" height=\"44\">Modellnummer<\/td>\n<td class=\"et3\" style=\"width: 381.00pt;\" width=\"508\">AWB50110-001<\/td>\n<\/tr>\n<tr style=\"height: 33.00pt;\">\n<td style=\"height: 33.00pt;\" height=\"44\">Stoffmerkmale<\/td>\n<td>GEMEINSAM<\/td>\n<\/tr>\n<tr style=\"height: 33.00pt;\">\n<td style=\"height: 33.00pt;\" height=\"44\">Geschlecht<\/td>\n<td>Weiblich<\/td>\n<\/tr>\n<tr style=\"height: 33.00pt;\">\n<td style=\"height: 33.00pt;\" height=\"44\">Altersgruppe<\/td>\n<td>Erwachsene<\/td>\n<\/tr>\n<tr style=\"height: 33.00pt;\">\n<td style=\"height: 33.00pt;\" height=\"44\">Verkaufseinheiten:<\/td>\n<td>Einzelartikel<\/td>\n<\/tr>\n<tr style=\"height: 33.00pt;\">\n<td style=\"height: 33.00pt;\" height=\"44\">Einzelverpackungsgr\u00f6\u00dfe:<\/td>\n<td>60 x 20 x 20 cm<\/td>\n<\/tr>\n<tr style=\"height: 33.00pt;\">\n<td style=\"height: 33.00pt;\" height=\"44\">Einzelbruttogewicht:<\/td>\n<td>0,100 kg<\/td>\n<\/tr>\n<\/tbody>\n<\/table>","protected":false},"excerpt":{"rendered":"<p>Diese wei\u00dfe Baseballkappe bietet ein gem\u00fctliches, stilvolles Design mit weichem Samtstoff f\u00fcr W\u00e4rme und Komfort, perfekt f\u00fcr kaltes Wetter.<\/p>","protected":false},"featured_media":14171,"template":"","meta":{"_seopress_robots_primary_cat":"none","_seopress_titles_title":"","_seopress_titles_desc":"","_seopress_robots_index":"","_gspb_post_css":"","_jf_limit_responses":"","_jet_sm_ready_style":"","_jet_sm_style":"","_jet_sm_controls_values":"","_jet_sm_fonts_collection":"","_jet_sm_fonts_links":""},"product_brand":[],"product_cat":[69],"product_tag":[],"hf_cat_product":[],"class_list":{"0":"post-14167","1":"product","2":"type-product","3":"status-publish","4":"has-post-thumbnail","6":"product_cat-winter-baseabll-hats","8":"first","9":"instock","10":"shipping-taxable","11":"product-type-simple"},"_links":{"self":[{"href":"https:\/\/www.aungwinter.com\/de\/wp-json\/wp\/v2\/product\/14167","targetHints":{"allow":["GET"]}}],"collection":[{"href":"https:\/\/www.aungwinter.com\/de\/wp-json\/wp\/v2\/product"}],"about":[{"href":"https:\/\/www.aungwinter.com\/de\/wp-json\/wp\/v2\/types\/product"}],"wp:featuredmedia":[{"embeddable":true,"href":"https:\/\/www.aungwinter.com\/de\/wp-json\/wp\/v2\/media\/14171"}],"wp:attachment":[{"href":"https:\/\/www.aungwinter.com\/de\/wp-json\/wp\/v2\/media?parent=14167"}],"wp:term":[{"taxonomy":"product_brand","embeddable":true,"href":"https:\/\/www.aungwinter.com\/de\/wp-json\/wp\/v2\/product_brand?post=14167"},{"taxonomy":"product_cat","embeddable":true,"href":"https:\/\/www.aungwinter.com\/de\/wp-json\/wp\/v2\/product_cat?post=14167"},{"taxonomy":"product_tag","embeddable":true,"href":"https:\/\/www.aungwinter.com\/de\/wp-json\/wp\/v2\/product_tag?post=14167"},{"taxonomy":"hf_cat_product","embeddable":true,"href":"https:\/\/www.aungwinter.com\/de\/wp-json\/wp\/v2\/hf_cat_product?post=14167"}],"curies":[{"name":"wp","href":"https:\/\/api.w.org\/{rel}","templated":true}]}}