{"id":14299,"date":"2025-04-07T03:16:04","date_gmt":"2025-04-07T03:16:04","guid":{"rendered":"https:\/\/www.aungwinter.com\/?post_type=product&#038;p=14299"},"modified":"2025-04-07T03:22:37","modified_gmt":"2025-04-07T03:22:37","slug":"nylon-schnell-trocknend-atmungsaktiv-sonnenschutz-winter-vollgesichtsmaske","status":"publish","type":"product","link":"https:\/\/www.aungwinter.com\/de\/product\/nylon-quick-drying-breathable-sunscreen-winter-full-face-mask\/","title":{"rendered":"Schnelltrocknende, atmungsaktive Sonnencreme-Winter-Vollgesichtsmaske aus Nylon"},"content":{"rendered":"<table width=\"780\">\n<tbody>\n<tr>\n<td width=\"272\">\u00a0Material<\/td>\n<td width=\"508\">Nylon<\/td>\n<\/tr>\n<tr>\n<td>Saison<\/td>\n<td width=\"508\">Winter<\/td>\n<\/tr>\n<tr>\n<td>Betroffene Personen<\/td>\n<td width=\"508\">Erwachsene<\/td>\n<\/tr>\n<tr>\n<td>Funktionen<\/td>\n<td width=\"508\">Atmungsaktiv<\/td>\n<\/tr>\n<tr>\n<td>Herkunftsort<\/td>\n<td width=\"508\">Guangdong, China<\/td>\n<\/tr>\n<tr>\n<td>Modellnummer<\/td>\n<td width=\"508\">AWB1265<\/td>\n<\/tr>\n<tr>\n<td>Anwendbare Szene<\/td>\n<td width=\"508\">Im Freien<\/td>\n<\/tr>\n<tr>\n<td>Marke<\/td>\n<td width=\"508\">Aungwinter<\/td>\n<\/tr>\n<\/tbody>\n<\/table>","protected":false},"excerpt":{"rendered":"<p>Die Gesichtsmaske bietet hervorragende Feuchtigkeitsableitung, Sonnenschutz und W\u00e4rme und ist somit ideal f\u00fcr Outdoor-Aktivit\u00e4ten im Winter, w\u00e4hrend sie gleichzeitig Komfort und Atmungsaktivit\u00e4t gew\u00e4hrleistet.<\/p>","protected":false},"featured_media":14307,"template":"","meta":{"_seopress_robots_primary_cat":"none","_seopress_titles_title":"","_seopress_titles_desc":"","_seopress_robots_index":"","_gspb_post_css":"","_jf_limit_responses":"","_jet_sm_ready_style":"","_jet_sm_style":"","_jet_sm_controls_values":"","_jet_sm_fonts_collection":"","_jet_sm_fonts_links":""},"product_brand":[],"product_cat":[24],"product_tag":[],"hf_cat_product":[],"class_list":{"0":"post-14299","1":"product","2":"type-product","3":"status-publish","4":"has-post-thumbnail","6":"product_cat-balaclavas","8":"first","9":"instock","10":"shipping-taxable","11":"product-type-simple"},"_links":{"self":[{"href":"https:\/\/www.aungwinter.com\/de\/wp-json\/wp\/v2\/product\/14299","targetHints":{"allow":["GET"]}}],"collection":[{"href":"https:\/\/www.aungwinter.com\/de\/wp-json\/wp\/v2\/product"}],"about":[{"href":"https:\/\/www.aungwinter.com\/de\/wp-json\/wp\/v2\/types\/product"}],"wp:featuredmedia":[{"embeddable":true,"href":"https:\/\/www.aungwinter.com\/de\/wp-json\/wp\/v2\/media\/14307"}],"wp:attachment":[{"href":"https:\/\/www.aungwinter.com\/de\/wp-json\/wp\/v2\/media?parent=14299"}],"wp:term":[{"taxonomy":"product_brand","embeddable":true,"href":"https:\/\/www.aungwinter.com\/de\/wp-json\/wp\/v2\/product_brand?post=14299"},{"taxonomy":"product_cat","embeddable":true,"href":"https:\/\/www.aungwinter.com\/de\/wp-json\/wp\/v2\/product_cat?post=14299"},{"taxonomy":"product_tag","embeddable":true,"href":"https:\/\/www.aungwinter.com\/de\/wp-json\/wp\/v2\/product_tag?post=14299"},{"taxonomy":"hf_cat_product","embeddable":true,"href":"https:\/\/www.aungwinter.com\/de\/wp-json\/wp\/v2\/hf_cat_product?post=14299"}],"curies":[{"name":"wp","href":"https:\/\/api.w.org\/{rel}","templated":true}]}}