{"id":14361,"date":"2025-04-09T08:55:47","date_gmt":"2025-04-09T08:55:47","guid":{"rendered":"https:\/\/www.aungwinter.com\/?post_type=product&#038;p=14361"},"modified":"2025-04-09T09:00:50","modified_gmt":"2025-04-09T09:00:50","slug":"groshandel-herren-skimaske-mit-3-lochern-und-individuellem-logo","status":"publish","type":"product","link":"https:\/\/www.aungwinter.com\/de\/product\/wholesale-mens-3-hole-ski-mask-with-custom-logo\/","title":{"rendered":"Gro\u00dfhandel Herren-Skimaske mit 3 L\u00f6chern und individuellem Logo"},"content":{"rendered":"<table style=\"border-collapse: collapse; width: 585.02pt;\" border=\"0\" width=\"780\" cellspacing=\"0\" cellpadding=\"0\">\n<tbody>\n<tr style=\"height: 33.00pt;\">\n<td class=\"et2\" style=\"height: 33.00pt; width: 204.00pt;\" width=\"272\" height=\"44\">Material<\/td>\n<td class=\"et3\" style=\"width: 381.00pt;\" width=\"508\">Polyester<\/td>\n<\/tr>\n<tr style=\"height: 33.00pt;\">\n<td class=\"et2\" style=\"height: 33.00pt;\" height=\"44\">Techniken<\/td>\n<td class=\"et3\" style=\"width: 381.00pt;\" width=\"508\">Thermotransferdruck, Maschinenstickerei, 3D-Stickerei<\/td>\n<\/tr>\n<tr style=\"height: 33.00pt;\">\n<td class=\"et2\" style=\"height: 33.00pt;\" height=\"44\">Kopfumfang<\/td>\n<td class=\"et3\" style=\"width: 381.00pt;\" width=\"508\">Einstellbar<\/td>\n<\/tr>\n<tr style=\"height: 33.00pt;\">\n<td class=\"et2\" style=\"height: 33.00pt;\" height=\"44\">Herkunftsort<\/td>\n<td class=\"et3\" style=\"width: 381.00pt;\" width=\"508\">Guangdong, China<\/td>\n<\/tr>\n<tr style=\"height: 33.00pt;\">\n<td class=\"et2\" style=\"height: 33.00pt;\" height=\"44\">Druckverfahren<\/td>\n<td class=\"et3\" style=\"width: 381.00pt;\" width=\"508\">Gepr\u00e4gt, Puffdruck, individuell<\/td>\n<\/tr>\n<tr style=\"height: 33.00pt;\">\n<td class=\"et2\" style=\"height: 33.00pt;\" height=\"44\">Anwendbare Szene<\/td>\n<td class=\"et3\" style=\"width: 381.00pt;\" width=\"508\">Sport, Outdoor, Alltag, Radfahren<\/td>\n<\/tr>\n<tr style=\"height: 33.00pt;\">\n<td class=\"et2\" style=\"height: 33.00pt;\" height=\"44\">Markenname<\/td>\n<td class=\"et3\" style=\"width: 381.00pt;\" width=\"508\">Aungwinter<\/td>\n<\/tr>\n<tr style=\"height: 33.00pt;\">\n<td class=\"et2\" style=\"height: 33.00pt;\" height=\"44\">Modellnummer<\/td>\n<td class=\"et3\" style=\"width: 381.00pt;\" width=\"508\">AWBL-007<\/td>\n<\/tr>\n<tr style=\"height: 33.00pt;\">\n<td class=\"et2\" style=\"height: 33.00pt;\" height=\"44\">Stoffmerkmale<\/td>\n<td class=\"et3\" style=\"width: 381.00pt;\" width=\"508\">GEMEINSAM<\/td>\n<\/tr>\n<tr style=\"height: 33.00pt;\">\n<td class=\"et2\" style=\"height: 33.00pt;\" height=\"44\">Geschlecht<\/td>\n<td class=\"et3\" style=\"width: 381.00pt;\" width=\"508\">Unisex<\/td>\n<\/tr>\n<tr style=\"height: 33.00pt;\">\n<td class=\"et2\" style=\"height: 33.00pt;\" height=\"44\">Altersgruppe<\/td>\n<td class=\"et3\" style=\"width: 381.00pt;\" width=\"508\">Erwachsene<\/td>\n<\/tr>\n<tr style=\"height: 33.00pt;\">\n<td style=\"height: 33.00pt;\" height=\"44\">Stil<\/td>\n<td>Bild<\/td>\n<\/tr>\n<tr style=\"height: 33.00pt;\">\n<td style=\"height: 33.00pt;\" height=\"44\">Produktname<\/td>\n<td>Sniper Gang Cap<\/td>\n<\/tr>\n<tr style=\"height: 33.00pt;\">\n<td style=\"height: 33.00pt;\" height=\"44\">Logo<\/td>\n<td>Individuelles Logo<\/td>\n<\/tr>\n<tr style=\"height: 33.00pt;\">\n<td style=\"height: 33.00pt;\" height=\"44\">Verwendung<\/td>\n<td>Warm bleiben<\/td>\n<\/tr>\n<tr style=\"height: 33.00pt;\">\n<td style=\"height: 33.00pt;\" height=\"44\">Mindestbestellmenge<\/td>\n<td>500 St\u00fcck<\/td>\n<\/tr>\n<tr style=\"height: 33.00pt;\">\n<td style=\"height: 33.00pt;\" height=\"44\">Zahlung<\/td>\n<td>T\/T<\/td>\n<\/tr>\n<tr style=\"height: 33.00pt;\">\n<td style=\"height: 33.00pt;\" height=\"44\">Design<\/td>\n<td>OEM-ODM-Designs<\/td>\n<\/tr>\n<tr style=\"height: 33.00pt;\">\n<td style=\"height: 33.00pt;\" height=\"44\">Probenahmezeit<\/td>\n<td>5\u20137 Tage<\/td>\n<\/tr>\n<tr style=\"height: 33.00pt;\">\n<td style=\"height: 33.00pt;\" height=\"44\">Typ<\/td>\n<td>Strickm\u00fctze<\/td>\n<\/tr>\n<\/tbody>\n<\/table>","protected":false},"excerpt":{"rendered":"<p>Die Skimaske ist aus strapazierf\u00e4higem Polyester gefertigt, verf\u00fcgt \u00fcber drei \u00d6ffnungen f\u00fcr bessere Sicht und Atmungsaktivit\u00e4t und bietet individuell anpassbare Logo-Optionen, wodurch sie sich perfekt f\u00fcr Skifahren und Outdoor-Aktivit\u00e4ten eignet.<\/p>","protected":false},"featured_media":14367,"template":"","meta":{"_seopress_robots_primary_cat":"none","_seopress_titles_title":"","_seopress_titles_desc":"","_seopress_robots_index":"","_gspb_post_css":"","_jf_limit_responses":"","_jet_sm_ready_style":"","_jet_sm_style":"","_jet_sm_controls_values":"","_jet_sm_fonts_collection":"","_jet_sm_fonts_links":""},"product_brand":[],"product_cat":[71],"product_tag":[],"hf_cat_product":[],"class_list":{"0":"post-14361","1":"product","2":"type-product","3":"status-publish","4":"has-post-thumbnail","6":"product_cat-ski-mask","8":"first","9":"instock","10":"shipping-taxable","11":"product-type-simple"},"_links":{"self":[{"href":"https:\/\/www.aungwinter.com\/de\/wp-json\/wp\/v2\/product\/14361","targetHints":{"allow":["GET"]}}],"collection":[{"href":"https:\/\/www.aungwinter.com\/de\/wp-json\/wp\/v2\/product"}],"about":[{"href":"https:\/\/www.aungwinter.com\/de\/wp-json\/wp\/v2\/types\/product"}],"wp:featuredmedia":[{"embeddable":true,"href":"https:\/\/www.aungwinter.com\/de\/wp-json\/wp\/v2\/media\/14367"}],"wp:attachment":[{"href":"https:\/\/www.aungwinter.com\/de\/wp-json\/wp\/v2\/media?parent=14361"}],"wp:term":[{"taxonomy":"product_brand","embeddable":true,"href":"https:\/\/www.aungwinter.com\/de\/wp-json\/wp\/v2\/product_brand?post=14361"},{"taxonomy":"product_cat","embeddable":true,"href":"https:\/\/www.aungwinter.com\/de\/wp-json\/wp\/v2\/product_cat?post=14361"},{"taxonomy":"product_tag","embeddable":true,"href":"https:\/\/www.aungwinter.com\/de\/wp-json\/wp\/v2\/product_tag?post=14361"},{"taxonomy":"hf_cat_product","embeddable":true,"href":"https:\/\/www.aungwinter.com\/de\/wp-json\/wp\/v2\/hf_cat_product?post=14361"}],"curies":[{"name":"wp","href":"https:\/\/api.w.org\/{rel}","templated":true}]}}