{"id":14398,"date":"2025-04-10T02:29:16","date_gmt":"2025-04-10T02:29:16","guid":{"rendered":"https:\/\/www.aungwinter.com\/?post_type=product&#038;p=14398"},"modified":"2025-04-10T02:33:12","modified_gmt":"2025-04-10T02:33:12","slug":"3-loch-gesichtsabdeckung-aus-polyester-winddichte-motorrad-und-skimaske","status":"publish","type":"product","link":"https:\/\/www.aungwinter.com\/de\/product\/3-hole-face-cover-polyester-windproof-motorcycle-riding-ski-mask\/","title":{"rendered":"3-Loch-Gesichtsbedeckung aus Polyester, winddichte Motorrad- und Skimaske"},"content":{"rendered":"<table style=\"border-collapse: collapse; width: 585.02pt;\" border=\"0\" width=\"780\" cellspacing=\"0\" cellpadding=\"0\">\n<tbody>\n<tr style=\"height: 33.00pt;\">\n<td class=\"et2\" style=\"height: 33.00pt; width: 204.00pt;\" width=\"272\" height=\"44\">Herkunftsort<\/td>\n<td class=\"et3\" style=\"width: 381.00pt;\" width=\"508\">Guangdong, China<\/td>\n<\/tr>\n<tr style=\"height: 33.00pt;\">\n<td class=\"et2\" style=\"height: 33.00pt;\" height=\"44\">Material<\/td>\n<td class=\"et3\" style=\"width: 381.00pt;\" width=\"508\">Polyester<\/td>\n<\/tr>\n<tr style=\"height: 33.00pt;\">\n<td class=\"et2\" style=\"height: 33.00pt;\" height=\"44\">Gilt f\u00fcr die Menge<\/td>\n<td class=\"et3\" style=\"width: 381.00pt;\" width=\"508\">Herren<\/td>\n<\/tr>\n<tr style=\"height: 33.00pt;\">\n<td class=\"et2\" style=\"height: 33.00pt;\" height=\"44\">Markenname<\/td>\n<td class=\"et3\" style=\"width: 381.00pt;\" width=\"508\">Audix-Industrie<\/td>\n<\/tr>\n<tr style=\"height: 33.00pt;\">\n<td class=\"et2\" style=\"height: 33.00pt;\" height=\"44\">Modellnummer<\/td>\n<td class=\"et3\" style=\"width: 381.00pt;\" width=\"508\">AWSKI-6113<\/td>\n<\/tr>\n<tr style=\"height: 33.00pt;\">\n<td class=\"et2\" style=\"height: 33.00pt;\" height=\"44\">Funktion<\/td>\n<td class=\"et3\" style=\"width: 381.00pt;\" width=\"508\">UV-Schutz, Stretch, leicht<\/td>\n<\/tr>\n<tr style=\"height: 33.00pt;\">\n<td class=\"et2\" style=\"height: 33.00pt;\" height=\"44\">Anwendbare Szene<\/td>\n<td class=\"et3\" style=\"width: 381.00pt;\" width=\"508\">Outdoor, Radfahren, Skifahren, Reisen, Angeln, Einkaufen, Alltag<\/td>\n<\/tr>\n<tr style=\"height: 33.00pt;\">\n<td class=\"et2\" style=\"height: 33.00pt;\" height=\"44\">Produktname<\/td>\n<td class=\"et3\" style=\"width: 381.00pt;\" width=\"508\">SKI-MASKE<\/td>\n<\/tr>\n<tr style=\"height: 33.00pt;\">\n<td class=\"et2\" style=\"height: 33.00pt;\" height=\"44\">Anpassung<\/td>\n<td class=\"et3\" style=\"width: 381.00pt;\" width=\"508\">Normale Passform<\/td>\n<\/tr>\n<tr style=\"height: 33.00pt;\">\n<td class=\"et2\" style=\"height: 33.00pt;\" height=\"44\">Logo<\/td>\n<td class=\"et3\" style=\"width: 381.00pt;\" width=\"508\">Ma\u00dfgeschneidert<\/td>\n<\/tr>\n<tr style=\"height: 33.00pt;\">\n<td style=\"height: 33.00pt;\" height=\"44\">Mindestbestellmenge<\/td>\n<td>30 St\u00fcck<\/td>\n<\/tr>\n<tr style=\"height: 33.00pt;\">\n<td style=\"height: 33.00pt;\" height=\"44\">Farbe<\/td>\n<td>Individuelle Farbe<\/td>\n<\/tr>\n<tr style=\"height: 33.00pt;\">\n<td style=\"height: 33.00pt;\" height=\"44\">Saison<\/td>\n<td>Fr\u00fchling, Sommer, Herbst, Winter<\/td>\n<\/tr>\n<tr style=\"height: 33.00pt;\">\n<td style=\"height: 33.00pt;\" height=\"44\">Stoff<\/td>\n<td>100% Polyester<\/td>\n<\/tr>\n<tr style=\"height: 33.00pt;\">\n<td style=\"height: 33.00pt;\" height=\"44\">Gr\u00f6\u00dfe<\/td>\n<td>Ma\u00dfgeschneiderte Gr\u00f6\u00dfe<\/td>\n<\/tr>\n<tr style=\"height: 33.00pt;\">\n<td style=\"height: 33.00pt;\" height=\"44\">Verwendung<\/td>\n<td>Im Freien<\/td>\n<\/tr>\n<\/tbody>\n<\/table>","protected":false},"excerpt":{"rendered":"<p>Die Skimaske besteht aus strapazierf\u00e4higem, winddichtem Polyester und verf\u00fcgt \u00fcber drei \u00d6ffnungen f\u00fcr mehr Komfort und bessere Sicht. Sie bietet Motorradfahrern und Skifahrern bei kalten, windigen Bedingungen umfassenden Gesichtsschutz.<\/p>","protected":false},"featured_media":14405,"template":"","meta":{"_seopress_robots_primary_cat":"none","_seopress_titles_title":"","_seopress_titles_desc":"","_seopress_robots_index":"","_gspb_post_css":"","_jf_limit_responses":"","_jet_sm_ready_style":"","_jet_sm_style":"","_jet_sm_controls_values":"","_jet_sm_fonts_collection":"","_jet_sm_fonts_links":""},"product_brand":[],"product_cat":[71],"product_tag":[],"hf_cat_product":[],"class_list":{"0":"post-14398","1":"product","2":"type-product","3":"status-publish","4":"has-post-thumbnail","6":"product_cat-ski-mask","8":"first","9":"instock","10":"shipping-taxable","11":"product-type-simple"},"_links":{"self":[{"href":"https:\/\/www.aungwinter.com\/de\/wp-json\/wp\/v2\/product\/14398","targetHints":{"allow":["GET"]}}],"collection":[{"href":"https:\/\/www.aungwinter.com\/de\/wp-json\/wp\/v2\/product"}],"about":[{"href":"https:\/\/www.aungwinter.com\/de\/wp-json\/wp\/v2\/types\/product"}],"wp:featuredmedia":[{"embeddable":true,"href":"https:\/\/www.aungwinter.com\/de\/wp-json\/wp\/v2\/media\/14405"}],"wp:attachment":[{"href":"https:\/\/www.aungwinter.com\/de\/wp-json\/wp\/v2\/media?parent=14398"}],"wp:term":[{"taxonomy":"product_brand","embeddable":true,"href":"https:\/\/www.aungwinter.com\/de\/wp-json\/wp\/v2\/product_brand?post=14398"},{"taxonomy":"product_cat","embeddable":true,"href":"https:\/\/www.aungwinter.com\/de\/wp-json\/wp\/v2\/product_cat?post=14398"},{"taxonomy":"product_tag","embeddable":true,"href":"https:\/\/www.aungwinter.com\/de\/wp-json\/wp\/v2\/product_tag?post=14398"},{"taxonomy":"hf_cat_product","embeddable":true,"href":"https:\/\/www.aungwinter.com\/de\/wp-json\/wp\/v2\/hf_cat_product?post=14398"}],"curies":[{"name":"wp","href":"https:\/\/api.w.org\/{rel}","templated":true}]}}