{"id":14691,"date":"2025-07-09T07:40:44","date_gmt":"2025-07-09T07:40:44","guid":{"rendered":"https:\/\/www.aungwinter.com\/?post_type=product&#038;p=14691"},"modified":"2025-07-09T07:40:45","modified_gmt":"2025-07-09T07:40:45","slug":"masgefertigte-acryl-skimaske-fur-den-outdoor-bereich-mit-3-offnungen","status":"publish","type":"product","link":"https:\/\/www.aungwinter.com\/de\/product\/custom-acrylic-fashion-warm-outdoor-3-hole-ski-mask\/","title":{"rendered":"Ma\u00dfgefertigte Acryl-Modemaske f\u00fcr den Outdoor-Bereich mit 3 \u00d6ffnungen"},"content":{"rendered":"<table style=\"border-collapse: collapse; width: 518.27pt;\" border=\"0\" width=\"691\" cellspacing=\"0\" cellpadding=\"0\">\n<tbody>\n<tr style=\"height: 38.00pt;\">\n<td style=\"height: 38.00pt; width: 216.00pt;\" width=\"288\" height=\"50\">Anwendbare Szene<\/td>\n<td style=\"width: 302.25pt;\" width=\"403\">L\u00e4ssig, Outdoor, Radfahren, Alltag<\/td>\n<\/tr>\n<tr style=\"height: 38.00pt;\">\n<td style=\"height: 38.00pt;\" height=\"50\">Geschlecht<\/td>\n<td>Unisex<\/td>\n<\/tr>\n<tr style=\"height: 38.00pt;\">\n<td style=\"height: 38.00pt;\" height=\"50\">Stoffmerkmale<\/td>\n<td>GEMEINSAM<\/td>\n<\/tr>\n<tr style=\"height: 38.00pt;\">\n<td style=\"height: 38.00pt;\" height=\"50\">Material<\/td>\n<td>BAUMWOLLE+ACRYL<\/td>\n<\/tr>\n<tr style=\"height: 38.00pt;\">\n<td style=\"height: 38.00pt;\" height=\"50\">Stil<\/td>\n<td>Dobby<\/td>\n<\/tr>\n<tr style=\"height: 38.00pt;\">\n<td style=\"height: 38.00pt;\" height=\"50\">Altersgruppe<\/td>\n<td>Erwachsene<\/td>\n<\/tr>\n<tr style=\"height: 38.00pt;\">\n<td style=\"height: 38.00pt;\" height=\"50\">Modellnummer<\/td>\n<td>AWS-2023122801B<\/td>\n<\/tr>\n<tr style=\"height: 38.00pt;\">\n<td style=\"height: 38.00pt;\" height=\"50\">Herkunftsort<\/td>\n<td>Shenzhen, China<\/td>\n<\/tr>\n<tr style=\"height: 38.00pt;\">\n<td style=\"height: 38.00pt;\" height=\"50\">Markenname<\/td>\n<td>Aungwinter<\/td>\n<\/tr>\n<tr style=\"height: 38.00pt;\">\n<td style=\"height: 38.00pt;\" height=\"50\">Gr\u00f6\u00dfe<\/td>\n<td>Einheitsgr\u00f6\u00dfe, 20 x 40 cm<\/td>\n<\/tr>\n<tr style=\"height: 38.00pt;\">\n<td style=\"height: 38.00pt;\" height=\"50\">Produktname<\/td>\n<td>3-Loch-Strickm\u00fctze f\u00fcr drau\u00dfen<\/td>\n<\/tr>\n<tr style=\"height: 38.00pt;\">\n<td style=\"height: 38.00pt;\" height=\"50\">Material<\/td>\n<td>100% Acryl<\/td>\n<\/tr>\n<tr style=\"height: 38.00pt;\">\n<td style=\"height: 38.00pt;\" height=\"50\">Farbe<\/td>\n<td>Bild zeigt<\/td>\n<\/tr>\n<tr style=\"height: 38.00pt;\">\n<td style=\"height: 38.00pt;\" height=\"50\">Logo<\/td>\n<td>Individuelles Logo akzeptieren<\/td>\n<\/tr>\n<tr style=\"height: 38.00pt;\">\n<td style=\"height: 38.00pt;\" height=\"50\">Verwendung<\/td>\n<td>Warm bleiben<\/td>\n<\/tr>\n<tr style=\"height: 38.00pt;\">\n<td style=\"height: 38.00pt;\" height=\"50\">Funktion<\/td>\n<td>H\u00e4kelm\u00fctzen f\u00fcr den Winter<\/td>\n<\/tr>\n<tr style=\"height: 38.00pt;\">\n<td style=\"height: 38.00pt;\" height=\"50\">Mindestbestellmenge<\/td>\n<td>50 St\u00fcck<\/td>\n<\/tr>\n<tr style=\"height: 38.00pt;\">\n<td style=\"height: 38.00pt;\" height=\"50\">Saison<\/td>\n<td>Fr\u00fchling Herbst Winter<\/td>\n<\/tr>\n<tr style=\"height: 38.00pt;\">\n<td style=\"height: 38.00pt;\" height=\"50\">Verpackung<\/td>\n<td>1 St\u00fcck\/Opp-Beutel<\/td>\n<\/tr>\n<tr style=\"height: 38.00pt;\">\n<td style=\"height: 38.00pt;\" height=\"50\">Dienstleistung<\/td>\n<td>24 Stunden online<\/td>\n<\/tr>\n<tr style=\"height: 38.00pt;\">\n<td style=\"height: 38.00pt;\" height=\"50\">Winterm\u00fctze Typ<\/td>\n<td>Strickm\u00fctze<\/td>\n<\/tr>\n<tr style=\"height: 38.00pt;\">\n<td style=\"height: 38.00pt;\" height=\"50\">Muster<\/td>\n<td>Einfarbig gef\u00e4rbt<\/td>\n<\/tr>\n<\/tbody>\n<\/table>","protected":false},"excerpt":{"rendered":"<p>Die Skimaske bietet hervorragende W\u00e4rme und Schutz mit ihrem stilvollen Design und verf\u00fcgt \u00fcber drei \u00d6ffnungen f\u00fcr Augen und Mund. Sie ist ideal f\u00fcr Skifahren bei kaltem Wetter oder Outdoor-Aktivit\u00e4ten.<\/p>","protected":false},"featured_media":14699,"template":"","meta":{"_seopress_robots_primary_cat":"","_seopress_titles_title":"","_seopress_titles_desc":"","_seopress_robots_index":"","_gspb_post_css":"","_jf_limit_responses":"","_jet_sm_ready_style":"","_jet_sm_style":"","_jet_sm_controls_values":"","_jet_sm_fonts_collection":"","_jet_sm_fonts_links":""},"product_brand":[],"product_cat":[71],"product_tag":[],"hf_cat_product":[],"class_list":{"0":"post-14691","1":"product","2":"type-product","3":"status-publish","4":"has-post-thumbnail","6":"product_cat-ski-mask","8":"first","9":"instock","10":"shipping-taxable","11":"product-type-simple"},"_links":{"self":[{"href":"https:\/\/www.aungwinter.com\/de\/wp-json\/wp\/v2\/product\/14691","targetHints":{"allow":["GET"]}}],"collection":[{"href":"https:\/\/www.aungwinter.com\/de\/wp-json\/wp\/v2\/product"}],"about":[{"href":"https:\/\/www.aungwinter.com\/de\/wp-json\/wp\/v2\/types\/product"}],"wp:featuredmedia":[{"embeddable":true,"href":"https:\/\/www.aungwinter.com\/de\/wp-json\/wp\/v2\/media\/14699"}],"wp:attachment":[{"href":"https:\/\/www.aungwinter.com\/de\/wp-json\/wp\/v2\/media?parent=14691"}],"wp:term":[{"taxonomy":"product_brand","embeddable":true,"href":"https:\/\/www.aungwinter.com\/de\/wp-json\/wp\/v2\/product_brand?post=14691"},{"taxonomy":"product_cat","embeddable":true,"href":"https:\/\/www.aungwinter.com\/de\/wp-json\/wp\/v2\/product_cat?post=14691"},{"taxonomy":"product_tag","embeddable":true,"href":"https:\/\/www.aungwinter.com\/de\/wp-json\/wp\/v2\/product_tag?post=14691"},{"taxonomy":"hf_cat_product","embeddable":true,"href":"https:\/\/www.aungwinter.com\/de\/wp-json\/wp\/v2\/hf_cat_product?post=14691"}],"curies":[{"name":"wp","href":"https:\/\/api.w.org\/{rel}","templated":true}]}}