{"id":14718,"date":"2025-07-11T09:30:14","date_gmt":"2025-07-11T09:30:14","guid":{"rendered":"https:\/\/www.aungwinter.com\/?post_type=product&#038;p=14718"},"modified":"2025-07-11T09:30:16","modified_gmt":"2025-07-11T09:30:16","slug":"oem-bequeme-stickerei-logo-3-loch-acryl-skimaske","status":"publish","type":"product","link":"https:\/\/www.aungwinter.com\/de\/product\/oem-comfortable-embroidery-logo-3-hole-acrylic-ski-mask\/","title":{"rendered":"OEM Komfortable Stickerei-Logo 3-Loch-Acryl-Skimaske"},"content":{"rendered":"<table style=\"border-collapse: collapse; width: 569.27pt;\" border=\"0\" width=\"759\" cellspacing=\"0\" cellpadding=\"0\">\n<tbody>\n<tr style=\"height: 39.00pt;\">\n<td style=\"height: 39.00pt; width: 243.75pt;\" width=\"325\" height=\"52\">Stil<\/td>\n<td class=\"et2\" style=\"width: 325.50pt;\" width=\"434\">Bild<\/td>\n<\/tr>\n<tr style=\"height: 39.00pt;\">\n<td style=\"height: 39.00pt;\" height=\"52\">Stoffmerkmale<\/td>\n<td class=\"et2\">GEMEINSAM<\/td>\n<\/tr>\n<tr style=\"height: 39.00pt;\">\n<td style=\"height: 39.00pt;\" height=\"52\">Geschlecht<\/td>\n<td class=\"et2\">Unisex<\/td>\n<\/tr>\n<tr style=\"height: 39.00pt;\">\n<td style=\"height: 39.00pt;\" height=\"52\">Altersgruppe<\/td>\n<td class=\"et2\">Erwachsene<\/td>\n<\/tr>\n<tr style=\"height: 39.00pt;\">\n<td style=\"height: 39.00pt;\" height=\"52\">Material<\/td>\n<td class=\"et2\">100% Acryl<\/td>\n<\/tr>\n<tr style=\"height: 39.00pt;\">\n<td style=\"height: 39.00pt;\" height=\"52\">Modellnummer<\/td>\n<td class=\"et2\">AC-031<\/td>\n<\/tr>\n<tr style=\"height: 39.00pt;\">\n<td style=\"height: 39.00pt;\" height=\"52\">Herkunftsort<\/td>\n<td class=\"et2\">Shenzhen, China<\/td>\n<\/tr>\n<tr style=\"height: 39.00pt;\">\n<td style=\"height: 39.00pt;\" height=\"52\">Anwendbare Szene<\/td>\n<td class=\"et2\">Outdoor, Reisen, Sport usw.<\/td>\n<\/tr>\n<tr style=\"height: 39.00pt;\">\n<td style=\"height: 39.00pt;\" height=\"52\">Markenname<\/td>\n<td class=\"et2\">Aungwinter<\/td>\n<\/tr>\n<tr style=\"height: 39.00pt;\">\n<td style=\"height: 39.00pt;\" height=\"52\">Gr\u00f6\u00dfe<\/td>\n<td class=\"et2\">Standardgr\u00f6\u00dfe oder nach Ihren Anforderungen<\/td>\n<\/tr>\n<tr style=\"height: 39.00pt;\">\n<td style=\"height: 39.00pt;\" height=\"52\">Produktname<\/td>\n<td class=\"et2\">Designer-Sturmhaube<\/td>\n<\/tr>\n<tr style=\"height: 39.00pt;\">\n<td style=\"height: 39.00pt;\" height=\"52\">Logo<\/td>\n<td class=\"et2\">Individuelles Logo<\/td>\n<\/tr>\n<tr style=\"height: 39.00pt;\">\n<td style=\"height: 39.00pt;\" height=\"52\">Verwendung<\/td>\n<td class=\"et2\">Warm bleiben<\/td>\n<\/tr>\n<tr style=\"height: 39.00pt;\">\n<td style=\"height: 39.00pt;\" height=\"52\">Mindestbestellmenge<\/td>\n<td class=\"et2\">500 St\u00fcck<\/td>\n<\/tr>\n<tr style=\"height: 39.00pt;\">\n<td style=\"height: 39.00pt;\" height=\"52\">Zahlung<\/td>\n<td class=\"et2\">T\/T<\/td>\n<\/tr>\n<tr style=\"height: 39.00pt;\">\n<td style=\"height: 39.00pt;\" height=\"52\">Name<\/td>\n<td class=\"et2\">Individuelle Skimaske<\/td>\n<\/tr>\n<tr style=\"height: 39.00pt;\">\n<td style=\"height: 39.00pt;\" height=\"52\">Design<\/td>\n<td class=\"et2\">OEM-ODM-Designs<\/td>\n<\/tr>\n<tr style=\"height: 39.00pt;\">\n<td style=\"height: 39.00pt;\" height=\"52\">Probenahmezeit<\/td>\n<td class=\"et2\">5\u20137 Tage<\/td>\n<\/tr>\n<\/tbody>\n<\/table>","protected":false},"excerpt":{"rendered":"<p>Die Skimaske bietet eine bequeme Passform mit atmungsaktivem Acrylgewebe, einem individuell anpassbaren gestickten Logo und drei L\u00f6chern f\u00fcr bessere Sichtbarkeit und Komfort bei Outdoor-Aktivit\u00e4ten bei kaltem Wetter.<\/p>","protected":false},"featured_media":14721,"template":"","meta":{"_seopress_robots_primary_cat":"","_seopress_titles_title":"","_seopress_titles_desc":"","_seopress_robots_index":"","_gspb_post_css":"","_jf_limit_responses":"","_jet_sm_ready_style":"","_jet_sm_style":"","_jet_sm_controls_values":"","_jet_sm_fonts_collection":"","_jet_sm_fonts_links":""},"product_brand":[],"product_cat":[71],"product_tag":[],"hf_cat_product":[],"class_list":{"0":"post-14718","1":"product","2":"type-product","3":"status-publish","4":"has-post-thumbnail","6":"product_cat-ski-mask","8":"first","9":"instock","10":"shipping-taxable","11":"product-type-simple"},"_links":{"self":[{"href":"https:\/\/www.aungwinter.com\/de\/wp-json\/wp\/v2\/product\/14718","targetHints":{"allow":["GET"]}}],"collection":[{"href":"https:\/\/www.aungwinter.com\/de\/wp-json\/wp\/v2\/product"}],"about":[{"href":"https:\/\/www.aungwinter.com\/de\/wp-json\/wp\/v2\/types\/product"}],"wp:featuredmedia":[{"embeddable":true,"href":"https:\/\/www.aungwinter.com\/de\/wp-json\/wp\/v2\/media\/14721"}],"wp:attachment":[{"href":"https:\/\/www.aungwinter.com\/de\/wp-json\/wp\/v2\/media?parent=14718"}],"wp:term":[{"taxonomy":"product_brand","embeddable":true,"href":"https:\/\/www.aungwinter.com\/de\/wp-json\/wp\/v2\/product_brand?post=14718"},{"taxonomy":"product_cat","embeddable":true,"href":"https:\/\/www.aungwinter.com\/de\/wp-json\/wp\/v2\/product_cat?post=14718"},{"taxonomy":"product_tag","embeddable":true,"href":"https:\/\/www.aungwinter.com\/de\/wp-json\/wp\/v2\/product_tag?post=14718"},{"taxonomy":"hf_cat_product","embeddable":true,"href":"https:\/\/www.aungwinter.com\/de\/wp-json\/wp\/v2\/hf_cat_product?post=14718"}],"curies":[{"name":"wp","href":"https:\/\/api.w.org\/{rel}","templated":true}]}}