{"id":14727,"date":"2025-07-11T12:06:03","date_gmt":"2025-07-11T12:06:03","guid":{"rendered":"https:\/\/www.aungwinter.com\/?post_type=product&#038;p=14727"},"modified":"2025-07-11T12:06:40","modified_gmt":"2025-07-11T12:06:40","slug":"individuell-besticktes-3d-logo-acryl-strick-skimaske","status":"publish","type":"product","link":"https:\/\/www.aungwinter.com\/de\/product\/custom3d-embroidery-logo-acrylic-knitted-ski-mask\/","title":{"rendered":"Custom3D Stickerei-Logo Acryl-Strick-Skimaske"},"content":{"rendered":"<table style=\"border-collapse: collapse; width: 569.27pt;\" border=\"0\" width=\"759\" cellspacing=\"0\" cellpadding=\"0\">\n<tbody>\n<tr style=\"height: 39.00pt;\">\n<td style=\"height: 39.00pt; width: 243.75pt;\" width=\"325\" height=\"52\">Anwendbare Szene<\/td>\n<td class=\"et2\" style=\"width: 325.50pt;\" width=\"434\">Outdoor, Sport usw.<\/td>\n<\/tr>\n<tr style=\"height: 39.00pt;\">\n<td style=\"height: 39.00pt;\" height=\"52\">Geschlecht<\/td>\n<td class=\"et2\">Unisex<\/td>\n<\/tr>\n<tr style=\"height: 39.00pt;\">\n<td style=\"height: 39.00pt;\" height=\"52\">Stoffmerkmale<\/td>\n<td class=\"et2\">GEMEINSAM<\/td>\n<\/tr>\n<tr style=\"height: 39.00pt;\">\n<td style=\"height: 39.00pt;\" height=\"52\">Kopfumfang<\/td>\n<td class=\"et2\">48\u201360 cm, verstellbar<\/td>\n<\/tr>\n<tr style=\"height: 39.00pt;\">\n<td style=\"height: 39.00pt;\" height=\"52\">Material<\/td>\n<td class=\"et2\">100% Acryl<\/td>\n<\/tr>\n<tr style=\"height: 39.00pt;\">\n<td style=\"height: 39.00pt;\" height=\"52\">Stil<\/td>\n<td class=\"et2\">Charakter<\/td>\n<\/tr>\n<tr style=\"height: 39.00pt;\">\n<td style=\"height: 39.00pt;\" height=\"52\">Altersgruppe<\/td>\n<td class=\"et2\">Erwachsene<\/td>\n<\/tr>\n<tr style=\"height: 39.00pt;\">\n<td style=\"height: 39.00pt;\" height=\"52\">Druckverfahren<\/td>\n<td class=\"et2\">Sublimationstransferdruck<\/td>\n<\/tr>\n<tr style=\"height: 39.00pt;\">\n<td style=\"height: 39.00pt;\" height=\"52\">Techniken<\/td>\n<td class=\"et2\">Maschinenstickerei, 3D-Stickerei<\/td>\n<\/tr>\n<tr style=\"height: 39.00pt;\">\n<td style=\"height: 39.00pt;\" height=\"52\">Herkunftsort<\/td>\n<td class=\"et2\">Shenzhen, China<\/td>\n<\/tr>\n<tr style=\"height: 39.00pt;\">\n<td style=\"height: 39.00pt;\" height=\"52\">Markenname<\/td>\n<td class=\"et2\">Aungwinter<\/td>\n<\/tr>\n<tr style=\"height: 39.00pt;\">\n<td style=\"height: 39.00pt;\" height=\"52\">Nadelerkennung<\/td>\n<td class=\"et2\">Ja<\/td>\n<\/tr>\n<\/tbody>\n<\/table>","protected":false},"excerpt":{"rendered":"<p>Die Skimaske bietet W\u00e4rme und Komfort dank ihres weichen Acrylstrickmaterials, verf\u00fcgt \u00fcber ein 3D-gesticktes Logo zur individuellen Gestaltung und wurde zum Schutz vor K\u00e4lte bei Outdoor-Aktivit\u00e4ten im Winter entwickelt.<\/p>","protected":false},"featured_media":14735,"template":"","meta":{"_seopress_robots_primary_cat":"none","_seopress_titles_title":"","_seopress_titles_desc":"","_seopress_robots_index":"","_gspb_post_css":"","_jf_limit_responses":"","_jet_sm_ready_style":"","_jet_sm_style":"","_jet_sm_controls_values":"","_jet_sm_fonts_collection":"","_jet_sm_fonts_links":""},"product_brand":[],"product_cat":[71],"product_tag":[],"hf_cat_product":[],"class_list":{"0":"post-14727","1":"product","2":"type-product","3":"status-publish","4":"has-post-thumbnail","6":"product_cat-ski-mask","8":"first","9":"instock","10":"shipping-taxable","11":"product-type-simple"},"_links":{"self":[{"href":"https:\/\/www.aungwinter.com\/de\/wp-json\/wp\/v2\/product\/14727","targetHints":{"allow":["GET"]}}],"collection":[{"href":"https:\/\/www.aungwinter.com\/de\/wp-json\/wp\/v2\/product"}],"about":[{"href":"https:\/\/www.aungwinter.com\/de\/wp-json\/wp\/v2\/types\/product"}],"wp:featuredmedia":[{"embeddable":true,"href":"https:\/\/www.aungwinter.com\/de\/wp-json\/wp\/v2\/media\/14735"}],"wp:attachment":[{"href":"https:\/\/www.aungwinter.com\/de\/wp-json\/wp\/v2\/media?parent=14727"}],"wp:term":[{"taxonomy":"product_brand","embeddable":true,"href":"https:\/\/www.aungwinter.com\/de\/wp-json\/wp\/v2\/product_brand?post=14727"},{"taxonomy":"product_cat","embeddable":true,"href":"https:\/\/www.aungwinter.com\/de\/wp-json\/wp\/v2\/product_cat?post=14727"},{"taxonomy":"product_tag","embeddable":true,"href":"https:\/\/www.aungwinter.com\/de\/wp-json\/wp\/v2\/product_tag?post=14727"},{"taxonomy":"hf_cat_product","embeddable":true,"href":"https:\/\/www.aungwinter.com\/de\/wp-json\/wp\/v2\/hf_cat_product?post=14727"}],"curies":[{"name":"wp","href":"https:\/\/api.w.org\/{rel}","templated":true}]}}