{"id":14778,"date":"2025-07-15T07:38:33","date_gmt":"2025-07-15T07:38:33","guid":{"rendered":"https:\/\/www.aungwinter.com\/?post_type=product&#038;p=14778"},"modified":"2025-07-15T07:38:35","modified_gmt":"2025-07-15T07:38:35","slug":"acryl-winddicht-3-locher-stickerei-atmungsaktiv-vollgesichts-skimaske-fur-den-ausenbereich","status":"publish","type":"product","link":"https:\/\/www.aungwinter.com\/de\/product\/acrylic-outdoor-windproof-3-holes-embroidery-breathable-full-face-ski-mask\/","title":{"rendered":"Acryl Outdoor winddicht 3 L\u00f6cher Stickerei atmungsaktiv Vollgesichts-Skimaske"},"content":{"rendered":"<table style=\"border-collapse: collapse; width: 468.77pt;\" border=\"0\" width=\"625\" cellspacing=\"0\" cellpadding=\"0\">\n<tbody>\n<tr style=\"height: 37.00pt;\">\n<td style=\"height: 37.00pt; width: 186.00pt;\" width=\"248\" height=\"49\">Stil<\/td>\n<td style=\"width: 282.75pt;\" width=\"377\">Bild<\/td>\n<\/tr>\n<tr style=\"height: 37.00pt;\">\n<td style=\"height: 37.00pt;\" height=\"49\">Stoffmerkmale<\/td>\n<td>GEMEINSAM<\/td>\n<\/tr>\n<tr style=\"height: 37.00pt;\">\n<td style=\"height: 37.00pt;\" height=\"49\">Geschlecht<\/td>\n<td>Unisex<\/td>\n<\/tr>\n<tr style=\"height: 37.00pt;\">\n<td style=\"height: 37.00pt;\" height=\"49\">Altersgruppe<\/td>\n<td>Erwachsene<\/td>\n<\/tr>\n<tr style=\"height: 37.00pt;\">\n<td style=\"height: 37.00pt;\" height=\"49\">Material<\/td>\n<td>100% Acryl<\/td>\n<\/tr>\n<tr style=\"height: 37.00pt;\">\n<td style=\"height: 37.00pt;\" height=\"49\">Modellnummer<\/td>\n<td>AWS-031<\/td>\n<\/tr>\n<tr style=\"height: 37.00pt;\">\n<td style=\"height: 37.00pt;\" height=\"49\">Herkunftsort<\/td>\n<td>Shenzhen, China<\/td>\n<\/tr>\n<tr style=\"height: 37.00pt;\">\n<td style=\"height: 37.00pt;\" height=\"49\">Anwendbare Szene<\/td>\n<td>Outdoor, Reisen, Sport, Radfahren, Angeln, SKI<\/td>\n<\/tr>\n<tr style=\"height: 37.00pt;\">\n<td style=\"height: 37.00pt;\" height=\"49\">Markenname<\/td>\n<td>Kundenanforderungen<\/td>\n<\/tr>\n<tr style=\"height: 37.00pt;\">\n<td style=\"height: 37.00pt;\" height=\"49\">Gr\u00f6\u00dfe<\/td>\n<td>Standardgr\u00f6\u00dfe oder nach Ihren Anforderungen<\/td>\n<\/tr>\n<tr style=\"height: 37.00pt;\">\n<td style=\"height: 37.00pt;\" height=\"49\">Produktname<\/td>\n<td>Designer-Skimaske<\/td>\n<\/tr>\n<tr style=\"height: 37.00pt;\">\n<td style=\"height: 37.00pt;\" height=\"49\">Logo<\/td>\n<td>Individuelles Logo<\/td>\n<\/tr>\n<tr style=\"height: 37.00pt;\">\n<td style=\"height: 37.00pt;\" height=\"49\">Verwendung<\/td>\n<td>Warm bleiben<\/td>\n<\/tr>\n<tr style=\"height: 37.00pt;\">\n<td style=\"height: 37.00pt;\" height=\"49\">Mindestbestellmenge<\/td>\n<td>50 St\u00fcck<\/td>\n<\/tr>\n<tr style=\"height: 37.00pt;\">\n<td style=\"height: 37.00pt;\" height=\"49\">Zahlung<\/td>\n<td>T\/T<\/td>\n<\/tr>\n<tr style=\"height: 37.00pt;\">\n<td style=\"height: 37.00pt;\" height=\"49\">Design<\/td>\n<td>OEM-ODM-Designs<\/td>\n<\/tr>\n<tr style=\"height: 37.00pt;\">\n<td style=\"height: 37.00pt;\" height=\"49\">Probenahmezeit<\/td>\n<td>5\u20137 Tage<\/td>\n<\/tr>\n<tr style=\"height: 37.00pt;\">\n<td style=\"height: 37.00pt;\" height=\"49\">Typ<\/td>\n<td>Strickm\u00fctze<\/td>\n<\/tr>\n<\/tbody>\n<\/table>","protected":false},"excerpt":{"rendered":"<p>Die Skimaske wurde entwickelt, um W\u00e4rme, Windschutz und Atmungsaktivit\u00e4t zu bieten. Sie zeichnet sich durch eine bequeme Passform mit drei strategisch platzierten \u00d6ffnungen f\u00fcr Augen, Nase und Mund aus.<\/p>","protected":false},"featured_media":14783,"template":"","meta":{"_seopress_robots_primary_cat":"","_seopress_titles_title":"","_seopress_titles_desc":"","_seopress_robots_index":"","_gspb_post_css":"","_jf_limit_responses":"","_jet_sm_ready_style":"","_jet_sm_style":"","_jet_sm_controls_values":"","_jet_sm_fonts_collection":"","_jet_sm_fonts_links":""},"product_brand":[],"product_cat":[71],"product_tag":[],"hf_cat_product":[],"class_list":{"0":"post-14778","1":"product","2":"type-product","3":"status-publish","4":"has-post-thumbnail","6":"product_cat-ski-mask","8":"first","9":"instock","10":"shipping-taxable","11":"product-type-simple"},"_links":{"self":[{"href":"https:\/\/www.aungwinter.com\/de\/wp-json\/wp\/v2\/product\/14778","targetHints":{"allow":["GET"]}}],"collection":[{"href":"https:\/\/www.aungwinter.com\/de\/wp-json\/wp\/v2\/product"}],"about":[{"href":"https:\/\/www.aungwinter.com\/de\/wp-json\/wp\/v2\/types\/product"}],"wp:featuredmedia":[{"embeddable":true,"href":"https:\/\/www.aungwinter.com\/de\/wp-json\/wp\/v2\/media\/14783"}],"wp:attachment":[{"href":"https:\/\/www.aungwinter.com\/de\/wp-json\/wp\/v2\/media?parent=14778"}],"wp:term":[{"taxonomy":"product_brand","embeddable":true,"href":"https:\/\/www.aungwinter.com\/de\/wp-json\/wp\/v2\/product_brand?post=14778"},{"taxonomy":"product_cat","embeddable":true,"href":"https:\/\/www.aungwinter.com\/de\/wp-json\/wp\/v2\/product_cat?post=14778"},{"taxonomy":"product_tag","embeddable":true,"href":"https:\/\/www.aungwinter.com\/de\/wp-json\/wp\/v2\/product_tag?post=14778"},{"taxonomy":"hf_cat_product","embeddable":true,"href":"https:\/\/www.aungwinter.com\/de\/wp-json\/wp\/v2\/hf_cat_product?post=14778"}],"curies":[{"name":"wp","href":"https:\/\/api.w.org\/{rel}","templated":true}]}}