{"id":14792,"date":"2025-07-15T07:55:29","date_gmt":"2025-07-15T07:55:29","guid":{"rendered":"https:\/\/www.aungwinter.com\/?post_type=product&#038;p=14792"},"modified":"2025-07-15T07:55:30","modified_gmt":"2025-07-15T07:55:30","slug":"masgeschneiderte-winddichte-atmungsaktive-strick-skimaske-mit-3-lochern-und-stickerei","status":"publish","type":"product","link":"https:\/\/www.aungwinter.com\/de\/product\/custom-windproof-3-hole-breathable-embroidery-knitted-ski-mask\/","title":{"rendered":"Ma\u00dfgeschneiderte winddichte, atmungsaktive Strick-Skimaske mit 3 L\u00f6chern und Stickerei"},"content":{"rendered":"<table width=\"625\">\n<tbody>\n<tr>\n<td width=\"248\">Druckverfahren<\/td>\n<td width=\"377\">ma\u00dfgeschneidert<\/td>\n<\/tr>\n<tr>\n<td>Kopfumfang<\/td>\n<td>Einstellbar<\/td>\n<\/tr>\n<tr>\n<td>Mustertyp<\/td>\n<td>Charakter, individuell angepasst<\/td>\n<\/tr>\n<tr>\n<td>Geschlecht<\/td>\n<td>Unisex<\/td>\n<\/tr>\n<tr>\n<td>Altersgruppe<\/td>\n<td>Erwachsene<\/td>\n<\/tr>\n<tr>\n<td>Techniken<\/td>\n<td>Flach gestrickt<\/td>\n<\/tr>\n<tr>\n<td>Material<\/td>\n<td>100% Acryl<\/td>\n<\/tr>\n<tr>\n<td>Modellnummer<\/td>\n<td>AWS-B014<\/td>\n<\/tr>\n<tr>\n<td>Herkunftsort<\/td>\n<td>Shenzhen, China<\/td>\n<\/tr>\n<tr>\n<td>Anwendbare Szene<\/td>\n<td>L\u00e4ssig, Alltag, SKI, Outdoor<\/td>\n<\/tr>\n<tr>\n<td>Dekoration<\/td>\n<td>anderer<\/td>\n<\/tr>\n<tr>\n<td>Markenname<\/td>\n<td>Aungwinter<\/td>\n<\/tr>\n<tr>\n<td>Farbe<\/td>\n<td>Ma\u00dfgeschneidert<\/td>\n<\/tr>\n<tr>\n<td>Logo auf der M\u00fctze<\/td>\n<td>individuelles Logo<\/td>\n<\/tr>\n<tr>\n<td>Mindestbestellmenge f\u00fcr H\u00fcte<\/td>\n<td>25 St\u00fcck<\/td>\n<\/tr>\n<tr>\n<td>Hutprobe  Zeit<\/td>\n<td>3\u20135 Werktage<\/td>\n<\/tr>\n<tr>\n<td>Hutmuster<\/td>\n<td>gestrickt<\/td>\n<\/tr>\n<tr>\n<td>Hutpreis<\/td>\n<td>billig, Gro\u00dfhandel, wettbewerbsf\u00e4hig<\/td>\n<\/tr>\n<\/tbody>\n<\/table>","protected":false},"excerpt":{"rendered":"<p>Die Skimaske wurde entwickelt, um winddichten Schutz, Atmungsaktivit\u00e4t und Komfort zu bieten. Sie verf\u00fcgt \u00fcber drei strategisch platzierte \u00d6ffnungen f\u00fcr Augen, Nase und Mund sowie eine individuell anpassbare Stickerei f\u00fcr einen pers\u00f6nlichen Look.<\/p>","protected":false},"featured_media":14793,"template":"","meta":{"_seopress_robots_primary_cat":"","_seopress_titles_title":"","_seopress_titles_desc":"","_seopress_robots_index":"","_gspb_post_css":"","_jf_limit_responses":"","_jet_sm_ready_style":"","_jet_sm_style":"","_jet_sm_controls_values":"","_jet_sm_fonts_collection":"","_jet_sm_fonts_links":""},"product_brand":[],"product_cat":[71],"product_tag":[],"hf_cat_product":[],"class_list":{"0":"post-14792","1":"product","2":"type-product","3":"status-publish","4":"has-post-thumbnail","6":"product_cat-ski-mask","8":"first","9":"instock","10":"shipping-taxable","11":"product-type-simple"},"_links":{"self":[{"href":"https:\/\/www.aungwinter.com\/de\/wp-json\/wp\/v2\/product\/14792","targetHints":{"allow":["GET"]}}],"collection":[{"href":"https:\/\/www.aungwinter.com\/de\/wp-json\/wp\/v2\/product"}],"about":[{"href":"https:\/\/www.aungwinter.com\/de\/wp-json\/wp\/v2\/types\/product"}],"wp:featuredmedia":[{"embeddable":true,"href":"https:\/\/www.aungwinter.com\/de\/wp-json\/wp\/v2\/media\/14793"}],"wp:attachment":[{"href":"https:\/\/www.aungwinter.com\/de\/wp-json\/wp\/v2\/media?parent=14792"}],"wp:term":[{"taxonomy":"product_brand","embeddable":true,"href":"https:\/\/www.aungwinter.com\/de\/wp-json\/wp\/v2\/product_brand?post=14792"},{"taxonomy":"product_cat","embeddable":true,"href":"https:\/\/www.aungwinter.com\/de\/wp-json\/wp\/v2\/product_cat?post=14792"},{"taxonomy":"product_tag","embeddable":true,"href":"https:\/\/www.aungwinter.com\/de\/wp-json\/wp\/v2\/product_tag?post=14792"},{"taxonomy":"hf_cat_product","embeddable":true,"href":"https:\/\/www.aungwinter.com\/de\/wp-json\/wp\/v2\/hf_cat_product?post=14792"}],"curies":[{"name":"wp","href":"https:\/\/api.w.org\/{rel}","templated":true}]}}