{"id":14865,"date":"2025-07-21T03:32:38","date_gmt":"2025-07-21T03:32:38","guid":{"rendered":"https:\/\/www.aungwinter.com\/?post_type=product&#038;p=14865"},"modified":"2025-07-21T03:39:47","modified_gmt":"2025-07-21T03:39:47","slug":"masgefertigte-melton-wollmutze-mit-6-segmenten-applikation-im-hahnentrittmuster-und-ohrenklappen","status":"publish","type":"product","link":"https:\/\/www.aungwinter.com\/de\/product\/custom-melton-wool-6-panel-applique-houndstooth-hat-with-ear-flaps\/","title":{"rendered":"Ma\u00dfgefertigte Melton-Wollm\u00fctze mit 6 Segmenten, Applikation im Hahnentrittmuster und Ohrenklappen"},"content":{"rendered":"<table style=\"border-collapse: collapse; width: 411.02pt;\" border=\"0\" width=\"548\" cellspacing=\"0\" cellpadding=\"0\">\n<tbody>\n<tr style=\"height: 37.00pt;\">\n<td style=\"height: 37.00pt; width: 190.50pt;\" width=\"254\" height=\"49\">Stoffmerkmale<\/td>\n<td class=\"et2\" style=\"width: 220.50pt;\" width=\"294\">GEMEINSAM<\/td>\n<\/tr>\n<tr style=\"height: 37.00pt;\">\n<td style=\"height: 37.00pt;\" height=\"49\">Anwendbare Szene<\/td>\n<td class=\"et2\" style=\"width: 220.50pt;\" width=\"294\">Reisen, Outdoor, Freizeit, Einkaufen, Reisen, Heimgebrauch<\/td>\n<\/tr>\n<tr style=\"height: 37.00pt;\">\n<td style=\"height: 37.00pt;\" height=\"49\">Material<\/td>\n<td class=\"et2\" style=\"width: 220.50pt;\" width=\"294\">Meltonwolle<\/td>\n<\/tr>\n<tr style=\"height: 37.00pt;\">\n<td style=\"height: 37.00pt;\" height=\"49\">Stil<\/td>\n<td class=\"et2\" style=\"width: 220.50pt;\" width=\"294\">Pl\u00fcsch<\/td>\n<\/tr>\n<tr style=\"height: 37.00pt;\">\n<td style=\"height: 37.00pt;\" height=\"49\">Altersgruppe<\/td>\n<td class=\"et2\" style=\"width: 220.50pt;\" width=\"294\">Erwachsene<\/td>\n<\/tr>\n<tr style=\"height: 37.00pt;\">\n<td style=\"height: 37.00pt;\" height=\"49\">Geschlecht<\/td>\n<td class=\"et2\" style=\"width: 220.50pt;\" width=\"294\">Unisex<\/td>\n<\/tr>\n<tr style=\"height: 37.00pt;\">\n<td style=\"height: 37.00pt;\" height=\"49\">Druckverfahren<\/td>\n<td class=\"et2\" style=\"width: 220.50pt;\" width=\"294\">Sublimationstransferdruck, Digitaldruck, Pr\u00e4gung, Puffdruck<\/td>\n<\/tr>\n<tr style=\"height: 73.00pt;\">\n<td style=\"height: 73.00pt;\" height=\"97\">Techniken<\/td>\n<td class=\"et2\" style=\"width: 220.50pt;\" width=\"294\">Siebdruck, Thermotransferdruck, Maschinenstickerei usw.<\/td>\n<\/tr>\n<tr style=\"height: 37.00pt;\">\n<td style=\"height: 37.00pt;\" height=\"49\">Herkunftsort<\/td>\n<td class=\"et2\" style=\"width: 220.50pt;\" width=\"294\">Guangdong, China<\/td>\n<\/tr>\n<tr style=\"height: 37.00pt;\">\n<td style=\"height: 37.00pt;\" height=\"49\">Markenname<\/td>\n<td class=\"et2\" style=\"width: 220.50pt;\" width=\"294\">Aungwinter<\/td>\n<\/tr>\n<tr style=\"height: 37.00pt;\">\n<td style=\"height: 37.00pt;\" height=\"49\">Modellnummer<\/td>\n<td class=\"et2\" style=\"width: 220.50pt;\" width=\"294\">SN000196<\/td>\n<\/tr>\n<tr style=\"height: 37.00pt;\">\n<td style=\"height: 37.00pt;\" height=\"49\">Gr\u00f6\u00dfe<\/td>\n<td class=\"et2\" style=\"width: 220.50pt;\" width=\"294\">58 cm<\/td>\n<\/tr>\n<tr style=\"height: 37.00pt;\">\n<td style=\"height: 37.00pt;\" height=\"49\">Produktionszeit<\/td>\n<td class=\"et2\" style=\"width: 220.50pt;\" width=\"294\">7\u201320 Tage<\/td>\n<\/tr>\n<tr style=\"height: 37.00pt;\">\n<td style=\"height: 37.00pt;\" height=\"49\">Fabrikgeschichte<\/td>\n<td class=\"et2\" style=\"width: 220.50pt;\" width=\"294\">25 Jahre Fabrikgeschichte<\/td>\n<\/tr>\n<tr style=\"height: 37.00pt;\">\n<td style=\"height: 37.00pt;\" height=\"49\">Kleine Bestellung<\/td>\n<td class=\"et2\" style=\"width: 220.50pt;\" width=\"294\">50 St\u00fcck, Gro\u00dfhandel angeboten<\/td>\n<\/tr>\n<tr style=\"height: 37.00pt;\">\n<td style=\"height: 37.00pt;\" height=\"49\">Dienstleistung<\/td>\n<td class=\"et2\" style=\"width: 220.50pt;\" width=\"294\">OEM\/ODM, Design<\/td>\n<\/tr>\n<tr style=\"height: 37.00pt;\">\n<td style=\"height: 37.00pt;\" height=\"49\">Preis<\/td>\n<td class=\"et2\" style=\"width: 220.50pt;\" width=\"294\">Wettbewerbsf\u00e4higer Fabrikpreis<\/td>\n<\/tr>\n<tr style=\"height: 37.00pt;\">\n<td style=\"height: 37.00pt;\" height=\"49\">Logo<\/td>\n<td class=\"et2\" style=\"width: 220.50pt;\" width=\"294\">angepasst<\/td>\n<\/tr>\n<tr style=\"height: 37.00pt;\">\n<td style=\"height: 37.00pt;\" height=\"49\">Probenahmezeit<\/td>\n<td class=\"et2\" style=\"width: 220.50pt;\" width=\"294\">3 bis 7 Tage f\u00fcr g\u00e4ngige Modelle<\/td>\n<\/tr>\n<tr style=\"height: 37.00pt;\">\n<td style=\"height: 37.00pt;\" height=\"49\">Herkunftsort<\/td>\n<td class=\"et2\" style=\"width: 220.50pt;\" width=\"294\">Shenzhen, China (Festland)<\/td>\n<\/tr>\n<tr style=\"height: 37.00pt;\">\n<td style=\"height: 37.00pt;\" height=\"49\">Gesch\u00e4ftstyp<\/td>\n<td class=\"et2\" style=\"width: 220.50pt;\" width=\"294\">Herstellung<\/td>\n<\/tr>\n<tr style=\"height: 37.00pt;\">\n<td style=\"height: 37.00pt;\" height=\"49\">Design<\/td>\n<td class=\"et2\" style=\"width: 220.50pt;\" width=\"294\">Individuelles Design ist in Ordnung.<\/td>\n<\/tr>\n<\/tbody>\n<\/table>","protected":false},"excerpt":{"rendered":"<p>Die Houndstooth-M\u00fctze vereint die W\u00e4rme von Melton-Wolle, ein klassisches 6-teiliges Houndstooth-Design, praktische Ohrenklappen f\u00fcr zus\u00e4tzlichen Schutz vor K\u00e4lte und die M\u00f6glichkeit, sie mit einer individuellen Applikation zu personalisieren.<\/p>","protected":false},"featured_media":14871,"template":"","meta":{"_seopress_robots_primary_cat":"","_seopress_titles_title":"","_seopress_titles_desc":"","_seopress_robots_index":"","_gspb_post_css":"","_jf_limit_responses":"","_jet_sm_ready_style":"","_jet_sm_style":"","_jet_sm_controls_values":"","_jet_sm_fonts_collection":"","_jet_sm_fonts_links":""},"product_brand":[],"product_cat":[31],"product_tag":[],"hf_cat_product":[],"class_list":{"0":"post-14865","1":"product","2":"type-product","3":"status-publish","4":"has-post-thumbnail","6":"product_cat-earflap-hats","8":"first","9":"instock","10":"shipping-taxable","11":"product-type-simple"},"_links":{"self":[{"href":"https:\/\/www.aungwinter.com\/de\/wp-json\/wp\/v2\/product\/14865","targetHints":{"allow":["GET"]}}],"collection":[{"href":"https:\/\/www.aungwinter.com\/de\/wp-json\/wp\/v2\/product"}],"about":[{"href":"https:\/\/www.aungwinter.com\/de\/wp-json\/wp\/v2\/types\/product"}],"wp:featuredmedia":[{"embeddable":true,"href":"https:\/\/www.aungwinter.com\/de\/wp-json\/wp\/v2\/media\/14871"}],"wp:attachment":[{"href":"https:\/\/www.aungwinter.com\/de\/wp-json\/wp\/v2\/media?parent=14865"}],"wp:term":[{"taxonomy":"product_brand","embeddable":true,"href":"https:\/\/www.aungwinter.com\/de\/wp-json\/wp\/v2\/product_brand?post=14865"},{"taxonomy":"product_cat","embeddable":true,"href":"https:\/\/www.aungwinter.com\/de\/wp-json\/wp\/v2\/product_cat?post=14865"},{"taxonomy":"product_tag","embeddable":true,"href":"https:\/\/www.aungwinter.com\/de\/wp-json\/wp\/v2\/product_tag?post=14865"},{"taxonomy":"hf_cat_product","embeddable":true,"href":"https:\/\/www.aungwinter.com\/de\/wp-json\/wp\/v2\/hf_cat_product?post=14865"}],"curies":[{"name":"wp","href":"https:\/\/api.w.org\/{rel}","templated":true}]}}