{"id":14873,"date":"2025-07-21T03:43:14","date_gmt":"2025-07-21T03:43:14","guid":{"rendered":"https:\/\/www.aungwinter.com\/?post_type=product&#038;p=14873"},"modified":"2025-07-21T03:50:08","modified_gmt":"2025-07-21T03:50:08","slug":"winterliche-dick-gefutterte-pluschmutze-mit-geripptem-strickmuster-und-ohrenklappen","status":"publish","type":"product","link":"https:\/\/www.aungwinter.com\/de\/product\/winter-thickened-plush-lining-ribbed-knitted-beanie-with-earflap-earmuff\/","title":{"rendered":"Winterliche, dick gef\u00fctterte Pl\u00fcsch-Strickm\u00fctze mit Ohrenklappen und Ohrensch\u00fctzern"},"content":{"rendered":"<table style=\"border-collapse: collapse; width: 411.02pt;\" border=\"0\" width=\"548\" cellspacing=\"0\" cellpadding=\"0\">\n<tbody>\n<tr style=\"height: 37.00pt;\">\n<td style=\"height: 37.00pt; width: 190.50pt;\" width=\"254\" height=\"49\">Stil<\/td>\n<td class=\"et2\" style=\"width: 220.50pt;\" width=\"294\">Bild<\/td>\n<\/tr>\n<tr style=\"height: 37.00pt;\">\n<td style=\"height: 37.00pt;\" height=\"49\">Stoffmerkmale<\/td>\n<td class=\"et2\" style=\"width: 220.50pt;\" width=\"294\">GEMEINSAM<\/td>\n<\/tr>\n<tr style=\"height: 37.00pt;\">\n<td style=\"height: 37.00pt;\" height=\"49\">Druckverfahren<\/td>\n<td class=\"et2\" style=\"width: 220.50pt;\" width=\"294\">Sonstiges<\/td>\n<\/tr>\n<tr style=\"height: 37.00pt;\">\n<td style=\"height: 37.00pt;\" height=\"49\">Kopfumfang<\/td>\n<td class=\"et2\" style=\"width: 220.50pt;\" width=\"294\">58\u201360 cm<\/td>\n<\/tr>\n<tr style=\"height: 37.00pt;\">\n<td style=\"height: 37.00pt;\" height=\"49\">Mustertyp<\/td>\n<td class=\"et2\" style=\"width: 220.50pt;\" width=\"294\">Fest, Schneeflocke<\/td>\n<\/tr>\n<tr style=\"height: 37.00pt;\">\n<td style=\"height: 37.00pt;\" height=\"49\">Geschlecht<\/td>\n<td class=\"et2\" style=\"width: 220.50pt;\" width=\"294\">Unisex<\/td>\n<\/tr>\n<tr style=\"height: 37.00pt;\">\n<td style=\"height: 37.00pt;\" height=\"49\">Altersgruppe<\/td>\n<td class=\"et2\" style=\"width: 220.50pt;\" width=\"294\">Erwachsene<\/td>\n<\/tr>\n<tr style=\"height: 38.00pt;\">\n<td style=\"height: 38.00pt;\" height=\"50\">Techniken<\/td>\n<td class=\"et2\" style=\"width: 220.50pt;\" width=\"294\">Sonstiges<\/td>\n<\/tr>\n<tr style=\"height: 37.00pt;\">\n<td style=\"height: 37.00pt;\" height=\"49\">Material<\/td>\n<td class=\"et2\" style=\"width: 220.50pt;\" width=\"294\">Acryl<\/td>\n<\/tr>\n<tr style=\"height: 37.00pt;\">\n<td style=\"height: 37.00pt;\" height=\"49\">Modellnummer<\/td>\n<td class=\"et2\" style=\"width: 220.50pt;\" width=\"294\">AWN-158<\/td>\n<\/tr>\n<tr style=\"height: 37.00pt;\">\n<td style=\"height: 37.00pt;\" height=\"49\">Herkunftsort<\/td>\n<td class=\"et2\" style=\"width: 220.50pt;\" width=\"294\">Guangdong, China<\/td>\n<\/tr>\n<tr style=\"height: 42.00pt;\">\n<td style=\"height: 42.00pt;\" height=\"56\">Anwendbare Szene<\/td>\n<td class=\"et2\" style=\"width: 220.50pt;\" width=\"294\">Sport, SKI, Reisen, Outdoor usw.<\/td>\n<\/tr>\n<tr style=\"height: 37.00pt;\">\n<td style=\"height: 37.00pt;\" height=\"49\">Markenname<\/td>\n<td class=\"et2\" style=\"width: 220.50pt;\" width=\"294\">Aungwinter<\/td>\n<\/tr>\n<tr style=\"height: 37.00pt;\">\n<td style=\"height: 37.00pt;\" height=\"49\">Gr\u00f6\u00dfe<\/td>\n<td class=\"et2\" style=\"width: 220.50pt;\" width=\"294\">55\u201360 cm<\/td>\n<\/tr>\n<tr style=\"height: 37.00pt;\">\n<td style=\"height: 37.00pt;\" height=\"49\">Produktname<\/td>\n<td class=\"et2\" style=\"width: 220.50pt;\" width=\"294\">M\u00fctze mit Ohrensch\u00fctzern<\/td>\n<\/tr>\n<tr style=\"height: 37.00pt;\">\n<td style=\"height: 37.00pt;\" height=\"49\">Logo<\/td>\n<td class=\"et2\" style=\"width: 220.50pt;\" width=\"294\">Individuelles Logo akzeptieren<\/td>\n<\/tr>\n<tr style=\"height: 37.00pt;\">\n<td style=\"height: 37.00pt;\" height=\"49\">Farbe<\/td>\n<td class=\"et2\" style=\"width: 220.50pt;\" width=\"294\">Benutzerdefinierte Farbe<\/td>\n<\/tr>\n<tr style=\"height: 37.00pt;\">\n<td style=\"height: 37.00pt;\" height=\"49\">Gr\u00f6\u00dfe<\/td>\n<td class=\"et2\" style=\"width: 220.50pt;\" width=\"294\">Einheitsgr\u00f6\u00dfe<\/td>\n<\/tr>\n<tr style=\"height: 37.00pt;\">\n<td style=\"height: 37.00pt;\" height=\"49\">Verpackung<\/td>\n<td class=\"et2\" style=\"width: 220.50pt;\" width=\"294\">1 St\u00fcck\/Opp-Beutel<\/td>\n<\/tr>\n<tr style=\"height: 37.00pt;\">\n<td style=\"height: 37.00pt;\" height=\"49\">Dienstleistung<\/td>\n<td class=\"et2\" style=\"width: 220.50pt;\" width=\"294\">Kundenspezifische OEM- und ODM-Produkte<\/td>\n<\/tr>\n<tr style=\"height: 37.00pt;\">\n<td style=\"height: 37.00pt;\" height=\"49\">Funktion<\/td>\n<td class=\"et2\" style=\"width: 220.50pt;\" width=\"294\">Dick, warm, bequem<\/td>\n<\/tr>\n<tr style=\"height: 37.00pt;\">\n<td style=\"height: 37.00pt;\" height=\"49\">Saison<\/td>\n<td class=\"et2\" style=\"width: 220.50pt;\" width=\"294\">Winter<\/td>\n<\/tr>\n<\/tbody>\n<\/table>","protected":false},"excerpt":{"rendered":"<p>Die Beanie mit Ohrenklappen verf\u00fcgt \u00fcber ein kuscheliges, dickes Pl\u00fcschfutter f\u00fcr zus\u00e4tzliche W\u00e4rme, ein geripptes Strickdesign f\u00fcr einen stilvollen Look und integrierte Ohrenklappen mit Ohrensch\u00fctzern f\u00fcr verbesserten Schutz vor K\u00e4lte.<\/p>","protected":false},"featured_media":14879,"template":"","meta":{"_seopress_robots_primary_cat":"","_seopress_titles_title":"","_seopress_titles_desc":"","_seopress_robots_index":"","_gspb_post_css":"","_jf_limit_responses":"","_jet_sm_ready_style":"","_jet_sm_style":"","_jet_sm_controls_values":"","_jet_sm_fonts_collection":"","_jet_sm_fonts_links":""},"product_brand":[],"product_cat":[66],"product_tag":[],"hf_cat_product":[],"class_list":{"0":"post-14873","1":"product","2":"type-product","3":"status-publish","4":"has-post-thumbnail","6":"product_cat-earflap-beanies","8":"first","9":"instock","10":"shipping-taxable","11":"product-type-simple"},"_links":{"self":[{"href":"https:\/\/www.aungwinter.com\/de\/wp-json\/wp\/v2\/product\/14873","targetHints":{"allow":["GET"]}}],"collection":[{"href":"https:\/\/www.aungwinter.com\/de\/wp-json\/wp\/v2\/product"}],"about":[{"href":"https:\/\/www.aungwinter.com\/de\/wp-json\/wp\/v2\/types\/product"}],"wp:featuredmedia":[{"embeddable":true,"href":"https:\/\/www.aungwinter.com\/de\/wp-json\/wp\/v2\/media\/14879"}],"wp:attachment":[{"href":"https:\/\/www.aungwinter.com\/de\/wp-json\/wp\/v2\/media?parent=14873"}],"wp:term":[{"taxonomy":"product_brand","embeddable":true,"href":"https:\/\/www.aungwinter.com\/de\/wp-json\/wp\/v2\/product_brand?post=14873"},{"taxonomy":"product_cat","embeddable":true,"href":"https:\/\/www.aungwinter.com\/de\/wp-json\/wp\/v2\/product_cat?post=14873"},{"taxonomy":"product_tag","embeddable":true,"href":"https:\/\/www.aungwinter.com\/de\/wp-json\/wp\/v2\/product_tag?post=14873"},{"taxonomy":"hf_cat_product","embeddable":true,"href":"https:\/\/www.aungwinter.com\/de\/wp-json\/wp\/v2\/hf_cat_product?post=14873"}],"curies":[{"name":"wp","href":"https:\/\/api.w.org\/{rel}","templated":true}]}}