{"id":14881,"date":"2025-07-22T02:27:26","date_gmt":"2025-07-22T02:27:26","guid":{"rendered":"https:\/\/www.aungwinter.com\/?post_type=product&#038;p=14881"},"modified":"2025-07-22T02:28:17","modified_gmt":"2025-07-22T02:28:17","slug":"masgeschneiderter-herbst-und-winterhut-aus-baumwolle-mit-einzigartiger-hakelstrick-ruschenverzierung","status":"publish","type":"product","link":"https:\/\/www.aungwinter.com\/de\/product\/custom-autumn-and-winter-cotton-unique-crochet-knitted-ruffle-bucket-hat\/","title":{"rendered":"Individuell gestaltete Herbst- und Winter-Baumwollm\u00fctze mit einzigartiger H\u00e4kelstrick-R\u00fcschenverzierung"},"content":{"rendered":"<table style=\"border-collapse: collapse; width: 663.77pt;\" border=\"0\" width=\"885\" cellspacing=\"0\" cellpadding=\"0\">\n<tbody>\n<tr style=\"height: 37.00pt;\">\n<td style=\"height: 37.00pt; width: 183.75pt;\" width=\"245\" height=\"49\">Stil<\/td>\n<td class=\"et2\" style=\"width: 480.00pt;\" width=\"640\">Elegant<\/td>\n<\/tr>\n<tr style=\"height: 37.00pt;\">\n<td style=\"height: 37.00pt;\" height=\"49\">Stoffmerkmale<\/td>\n<td class=\"et2\" style=\"width: 480.00pt;\" width=\"640\">GEMEINSAM<\/td>\n<\/tr>\n<tr style=\"height: 37.00pt;\">\n<td style=\"height: 37.00pt;\" height=\"49\">Druckverfahren<\/td>\n<td class=\"et2\" style=\"width: 480.00pt;\" width=\"640\">Sublimationstransferdruck, Digitaldruck, Flockdruck, Sonstiges<\/td>\n<\/tr>\n<tr style=\"height: 37.00pt;\">\n<td style=\"height: 37.00pt;\" height=\"49\">Kopfumfang<\/td>\n<td class=\"et2\" style=\"width: 480.00pt;\" width=\"640\">54\u201356 cm, 56\u201358 cm<\/td>\n<\/tr>\n<tr style=\"height: 37.00pt;\">\n<td style=\"height: 37.00pt;\" height=\"49\">Mustertyp<\/td>\n<td class=\"et2\" style=\"width: 480.00pt;\" width=\"640\">Fest, Blumig<\/td>\n<\/tr>\n<tr style=\"height: 37.00pt;\">\n<td style=\"height: 37.00pt;\" height=\"49\">Geschlecht<\/td>\n<td class=\"et2\" style=\"width: 480.00pt;\" width=\"640\">Unisex<\/td>\n<\/tr>\n<tr style=\"height: 37.00pt;\">\n<td style=\"height: 37.00pt;\" height=\"49\">Altersgruppe<\/td>\n<td class=\"et2\" style=\"width: 480.00pt;\" width=\"640\">Erwachsene<\/td>\n<\/tr>\n<tr style=\"height: 37.00pt;\">\n<td style=\"height: 37.00pt;\" height=\"49\">Techniken<\/td>\n<td class=\"et2\" style=\"width: 480.00pt;\" width=\"640\">Flach gestrickt, handgestrickt<\/td>\n<\/tr>\n<tr style=\"height: 37.00pt;\">\n<td style=\"height: 37.00pt;\" height=\"49\">Material<\/td>\n<td class=\"et2\" style=\"width: 480.00pt;\" width=\"640\">Baumwollgarn<\/td>\n<\/tr>\n<tr style=\"height: 37.00pt;\">\n<td style=\"height: 37.00pt;\" height=\"49\">Herkunftsort<\/td>\n<td class=\"et2\" style=\"width: 480.00pt;\" width=\"640\">Guangdong, China<\/td>\n<\/tr>\n<tr style=\"height: 37.00pt;\">\n<td style=\"height: 37.00pt;\" height=\"49\">Anwendbare Szene<\/td>\n<td class=\"et2\" style=\"width: 480.00pt;\" width=\"640\">Reisen, Outdoor, Alltag, Freizeit, Party, Heimgebrauch<\/td>\n<\/tr>\n<tr style=\"height: 37.00pt;\">\n<td style=\"height: 37.00pt;\" height=\"49\">Dekoration<\/td>\n<td class=\"et2\" style=\"width: 480.00pt;\" width=\"640\">anderer<\/td>\n<\/tr>\n<tr style=\"height: 37.00pt;\">\n<td style=\"height: 37.00pt;\" height=\"49\">Nadelerkennung<\/td>\n<td class=\"et2\" style=\"width: 480.00pt;\" width=\"640\">NEIN<\/td>\n<\/tr>\n<tr style=\"height: 37.00pt;\">\n<td style=\"height: 37.00pt;\" height=\"49\">Individuelles Logo<\/td>\n<td class=\"et2\" style=\"width: 480.00pt;\" width=\"640\">Gestickt, Bedruckt, Etikett<\/td>\n<\/tr>\n<tr style=\"height: 37.00pt;\">\n<td style=\"height: 37.00pt;\" height=\"49\">Funktional<\/td>\n<td class=\"et2\" style=\"width: 480.00pt;\" width=\"640\">Modisch, weich und warm f\u00fcr Weihnachten<\/td>\n<\/tr>\n<\/tbody>\n<\/table>","protected":false},"excerpt":{"rendered":"<p>Dieser ma\u00dfgeschneiderte Bucket Hat mit R\u00fcschen zeichnet sich durch ein gem\u00fctliches, handgeh\u00e4keltes Design mit eleganten R\u00fcschen aus und ist perfekt, um in den k\u00fchleren Monaten warm und stilvoll zu bleiben.<\/p>","protected":false},"featured_media":14886,"template":"","meta":{"_seopress_robots_primary_cat":"","_seopress_titles_title":"","_seopress_titles_desc":"","_seopress_robots_index":"","_gspb_post_css":"","_jf_limit_responses":"","_jet_sm_ready_style":"","_jet_sm_style":"","_jet_sm_controls_values":"","_jet_sm_fonts_collection":"","_jet_sm_fonts_links":""},"product_brand":[],"product_cat":[29],"product_tag":[],"hf_cat_product":[],"class_list":{"0":"post-14881","1":"product","2":"type-product","3":"status-publish","4":"has-post-thumbnail","6":"product_cat-knit-bucket-hats","8":"first","9":"instock","10":"shipping-taxable","11":"product-type-simple"},"_links":{"self":[{"href":"https:\/\/www.aungwinter.com\/de\/wp-json\/wp\/v2\/product\/14881","targetHints":{"allow":["GET"]}}],"collection":[{"href":"https:\/\/www.aungwinter.com\/de\/wp-json\/wp\/v2\/product"}],"about":[{"href":"https:\/\/www.aungwinter.com\/de\/wp-json\/wp\/v2\/types\/product"}],"wp:featuredmedia":[{"embeddable":true,"href":"https:\/\/www.aungwinter.com\/de\/wp-json\/wp\/v2\/media\/14886"}],"wp:attachment":[{"href":"https:\/\/www.aungwinter.com\/de\/wp-json\/wp\/v2\/media?parent=14881"}],"wp:term":[{"taxonomy":"product_brand","embeddable":true,"href":"https:\/\/www.aungwinter.com\/de\/wp-json\/wp\/v2\/product_brand?post=14881"},{"taxonomy":"product_cat","embeddable":true,"href":"https:\/\/www.aungwinter.com\/de\/wp-json\/wp\/v2\/product_cat?post=14881"},{"taxonomy":"product_tag","embeddable":true,"href":"https:\/\/www.aungwinter.com\/de\/wp-json\/wp\/v2\/product_tag?post=14881"},{"taxonomy":"hf_cat_product","embeddable":true,"href":"https:\/\/www.aungwinter.com\/de\/wp-json\/wp\/v2\/hf_cat_product?post=14881"}],"curies":[{"name":"wp","href":"https:\/\/api.w.org\/{rel}","templated":true}]}}