{"id":14900,"date":"2025-07-23T01:56:50","date_gmt":"2025-07-23T01:56:50","guid":{"rendered":"https:\/\/www.aungwinter.com\/?post_type=product&#038;p=14900"},"modified":"2025-07-23T01:57:48","modified_gmt":"2025-07-23T01:57:48","slug":"damen-polyester-mutze-im-koreanischen-retro-stil-mit-trendigem-blumenmuster-lassig-gestrickt","status":"publish","type":"product","link":"https:\/\/www.aungwinter.com\/de\/product\/womens-polyester-trendy-flower-korean-style-retro-casual-knitted-fisherman-hat\/","title":{"rendered":"Damen-Polyester-M\u00fctze im koreanischen Retro-Stil mit trendigem Blumenmuster"},"content":{"rendered":"<table style=\"border-collapse: collapse; width: 510.77pt;\" border=\"0\" width=\"681\" cellspacing=\"0\" cellpadding=\"0\">\n<tbody>\n<tr style=\"height: 37.00pt;\">\n<td style=\"height: 37.00pt; width: 178.50pt;\" width=\"238\" height=\"49\">G\u00fcltige Saison<\/td>\n<td class=\"et2\" style=\"width: 332.25pt;\" width=\"443\">Vier Jahreszeiten<\/td>\n<\/tr>\n<tr style=\"height: 37.00pt;\">\n<td style=\"height: 37.00pt;\" height=\"49\">Techniken<\/td>\n<td class=\"et2\" style=\"width: 332.25pt;\" width=\"443\">Maschinenstickerei, Handstickerei<\/td>\n<\/tr>\n<tr style=\"height: 37.00pt;\">\n<td style=\"height: 37.00pt;\" height=\"49\">Kopfumfang<\/td>\n<td class=\"et2\" style=\"width: 332.25pt;\" width=\"443\">56\u201358 cm, 58\u201360 cm<\/td>\n<\/tr>\n<tr style=\"height: 37.00pt;\">\n<td style=\"height: 37.00pt;\" height=\"49\">Material<\/td>\n<td class=\"et2\" style=\"width: 332.25pt;\" width=\"443\">Polyester\/Baumwolle<\/td>\n<\/tr>\n<tr style=\"height: 37.00pt;\">\n<td style=\"height: 37.00pt;\" height=\"49\">Mustertyp<\/td>\n<td class=\"et2\" style=\"width: 332.25pt;\" width=\"443\">Blumenmuster<\/td>\n<\/tr>\n<tr style=\"height: 37.00pt;\">\n<td style=\"height: 37.00pt;\" height=\"49\">Stil<\/td>\n<td class=\"et2\" style=\"width: 332.25pt;\" width=\"443\">L\u00e4ssig<\/td>\n<\/tr>\n<tr style=\"height: 37.00pt;\">\n<td style=\"height: 37.00pt;\" height=\"49\">Altersgruppe<\/td>\n<td class=\"et2\" style=\"width: 332.25pt;\" width=\"443\">Erwachsene<\/td>\n<\/tr>\n<tr style=\"height: 37.00pt;\">\n<td style=\"height: 37.00pt;\" height=\"49\">Geschlecht<\/td>\n<td class=\"et2\" style=\"width: 332.25pt;\" width=\"443\">Weiblich<\/td>\n<\/tr>\n<tr style=\"height: 37.00pt;\">\n<td style=\"height: 37.00pt;\" height=\"49\">Druckverfahren<\/td>\n<td class=\"et2\" style=\"width: 332.25pt;\" width=\"443\">Sonstiges<\/td>\n<\/tr>\n<tr style=\"height: 37.00pt;\">\n<td style=\"height: 37.00pt;\" height=\"49\">Modellnummer<\/td>\n<td class=\"et2\" style=\"width: 332.25pt;\" width=\"443\">TBLM0021<\/td>\n<\/tr>\n<tr style=\"height: 37.00pt;\">\n<td style=\"height: 37.00pt;\" height=\"49\">Stoffart<\/td>\n<td class=\"et2\" style=\"width: 332.25pt;\" width=\"443\">Baumwolle<\/td>\n<\/tr>\n<tr style=\"height: 37.00pt;\">\n<td style=\"height: 37.00pt;\" height=\"49\">Logo-Position<\/td>\n<td class=\"et2\" style=\"width: 332.25pt;\" width=\"443\">Vorderseite, Krempe\/Schirm, linke Seite, rechte Seite, hinterer gebogener Teil<\/td>\n<\/tr>\n<tr style=\"height: 37.00pt;\">\n<td style=\"height: 37.00pt;\" height=\"49\">Herkunftsort<\/td>\n<td class=\"et2\" style=\"width: 332.25pt;\" width=\"443\">Guangdong, China<\/td>\n<\/tr>\n<tr style=\"height: 37.00pt;\">\n<td style=\"height: 37.00pt;\" height=\"49\">Dekoration<\/td>\n<td class=\"et2\" style=\"width: 332.25pt;\" width=\"443\">anderer<\/td>\n<\/tr>\n<tr style=\"height: 37.00pt;\">\n<td style=\"height: 37.00pt;\" height=\"49\">Anwendbare Szene<\/td>\n<td class=\"et2\" style=\"width: 332.25pt;\" width=\"443\">Strand, Freizeit, Reisen, Alltag, Unterwegs<\/td>\n<\/tr>\n<tr style=\"height: 37.00pt;\">\n<td style=\"height: 37.00pt;\" height=\"49\">Markenname<\/td>\n<td class=\"et2\" style=\"width: 332.25pt;\" width=\"443\">Aungwinter<\/td>\n<\/tr>\n<\/tbody>\n<\/table>","protected":false},"excerpt":{"rendered":"<p>Der Fischerhut f\u00fcr Damen besticht durch sein stilvolles Blumenmuster, ist aus strapazierf\u00e4higem Polyester gefertigt und bietet eine bequeme Passform mit einem Retro-Look, der sich perfekt f\u00fcr Freizeitaktivit\u00e4ten eignet.<\/p>","protected":false},"featured_media":14901,"template":"","meta":{"_seopress_robots_primary_cat":"","_seopress_titles_title":"","_seopress_titles_desc":"","_seopress_robots_index":"","_gspb_post_css":"","_jf_limit_responses":"","_jet_sm_ready_style":"","_jet_sm_style":"","_jet_sm_controls_values":"","_jet_sm_fonts_collection":"","_jet_sm_fonts_links":""},"product_brand":[],"product_cat":[29],"product_tag":[],"hf_cat_product":[],"class_list":{"0":"post-14900","1":"product","2":"type-product","3":"status-publish","4":"has-post-thumbnail","6":"product_cat-knit-bucket-hats","8":"first","9":"instock","10":"shipping-taxable","11":"product-type-simple"},"_links":{"self":[{"href":"https:\/\/www.aungwinter.com\/de\/wp-json\/wp\/v2\/product\/14900","targetHints":{"allow":["GET"]}}],"collection":[{"href":"https:\/\/www.aungwinter.com\/de\/wp-json\/wp\/v2\/product"}],"about":[{"href":"https:\/\/www.aungwinter.com\/de\/wp-json\/wp\/v2\/types\/product"}],"wp:featuredmedia":[{"embeddable":true,"href":"https:\/\/www.aungwinter.com\/de\/wp-json\/wp\/v2\/media\/14901"}],"wp:attachment":[{"href":"https:\/\/www.aungwinter.com\/de\/wp-json\/wp\/v2\/media?parent=14900"}],"wp:term":[{"taxonomy":"product_brand","embeddable":true,"href":"https:\/\/www.aungwinter.com\/de\/wp-json\/wp\/v2\/product_brand?post=14900"},{"taxonomy":"product_cat","embeddable":true,"href":"https:\/\/www.aungwinter.com\/de\/wp-json\/wp\/v2\/product_cat?post=14900"},{"taxonomy":"product_tag","embeddable":true,"href":"https:\/\/www.aungwinter.com\/de\/wp-json\/wp\/v2\/product_tag?post=14900"},{"taxonomy":"hf_cat_product","embeddable":true,"href":"https:\/\/www.aungwinter.com\/de\/wp-json\/wp\/v2\/hf_cat_product?post=14900"}],"curies":[{"name":"wp","href":"https:\/\/api.w.org\/{rel}","templated":true}]}}