{"id":14926,"date":"2025-07-25T00:55:38","date_gmt":"2025-07-25T00:55:38","guid":{"rendered":"https:\/\/www.aungwinter.com\/?post_type=product&#038;p=14926"},"modified":"2025-07-25T00:55:39","modified_gmt":"2025-07-25T00:55:39","slug":"masgeschneiderte-warme-weiche-mutze-aus-merinowolle-und-acryl-mit-bommel-fur-damen","status":"publish","type":"product","link":"https:\/\/www.aungwinter.com\/de\/product\/custom-warm-soft-merino-wool-acrylic-pom-pom-hat-for-women\/","title":{"rendered":"Ma\u00dfgeschneiderte warme, weiche M\u00fctze aus Merinowolle und Acryl mit Bommel f\u00fcr Damen"},"content":{"rendered":"<table style=\"border-collapse: collapse; width: 530.27pt;\" border=\"0\" width=\"707\" cellspacing=\"0\" cellpadding=\"0\">\n<tbody>\n<tr style=\"height: 50.00pt;\">\n<td style=\"height: 50.00pt; width: 182.25pt;\" width=\"243\" height=\"66\">Stil<\/td>\n<td style=\"width: 348.00pt;\" width=\"464\">Bild<\/td>\n<\/tr>\n<tr style=\"height: 50.00pt;\">\n<td style=\"height: 50.00pt;\" height=\"66\">Anwendbare Szene<\/td>\n<td>Sport, SKI<\/td>\n<\/tr>\n<tr style=\"height: 50.00pt;\">\n<td style=\"height: 50.00pt;\" height=\"66\">Stoffmerkmale<\/td>\n<td>GEMEINSAM<\/td>\n<\/tr>\n<tr style=\"height: 50.00pt;\">\n<td style=\"height: 50.00pt;\" height=\"66\">Druckverfahren<\/td>\n<td>Keine, Sonstiges<\/td>\n<\/tr>\n<tr style=\"height: 50.00pt;\">\n<td style=\"height: 50.00pt;\" height=\"66\">Kopfumfang<\/td>\n<td>Einstellbar<\/td>\n<\/tr>\n<tr style=\"height: 50.00pt;\">\n<td style=\"height: 50.00pt;\" height=\"66\">Mustertyp<\/td>\n<td>Andere, Keine<\/td>\n<\/tr>\n<tr style=\"height: 50.00pt;\">\n<td style=\"height: 50.00pt;\" height=\"66\">Geschlecht<\/td>\n<td>Unisex<\/td>\n<\/tr>\n<tr style=\"height: 50.00pt;\">\n<td style=\"height: 50.00pt;\" height=\"66\">Altersgruppe<\/td>\n<td>Erwachsene<\/td>\n<\/tr>\n<tr style=\"height: 50.00pt;\">\n<td style=\"height: 50.00pt;\" height=\"66\">Techniken<\/td>\n<td>Maschinenstickerei<\/td>\n<\/tr>\n<tr style=\"height: 50.00pt;\">\n<td style=\"height: 50.00pt;\" height=\"66\">Material<\/td>\n<td>Merinowolle Acryl<\/td>\n<\/tr>\n<tr style=\"height: 50.00pt;\">\n<td style=\"height: 50.00pt;\" height=\"66\">Dekoration<\/td>\n<td>anderer<\/td>\n<\/tr>\n<tr style=\"height: 50.00pt;\">\n<td style=\"height: 50.00pt;\" height=\"66\">Modellnummer<\/td>\n<td>AWP10BE202526<\/td>\n<\/tr>\n<tr style=\"height: 50.00pt;\">\n<td style=\"height: 50.00pt;\" height=\"66\">Herkunftsort<\/td>\n<td>Guangdong, China<\/td>\n<\/tr>\n<tr style=\"height: 50.00pt;\">\n<td style=\"height: 50.00pt;\" height=\"66\">Markenname<\/td>\n<td>Aungwinter<\/td>\n<\/tr>\n<tr style=\"height: 50.00pt;\">\n<td style=\"height: 50.00pt;\" height=\"66\">Typ<\/td>\n<td>gestrickt<\/td>\n<\/tr>\n<tr style=\"height: 50.00pt;\">\n<td style=\"height: 50.00pt;\" height=\"66\">Materia<\/td>\n<td>Acryl<\/td>\n<\/tr>\n<tr style=\"height: 50.00pt;\">\n<td style=\"height: 50.00pt;\" height=\"66\">Logo<\/td>\n<td>Ma\u00dfgeschneidert<\/td>\n<\/tr>\n<tr style=\"height: 50.00pt;\">\n<td style=\"height: 50.00pt;\" height=\"66\">Farbe<\/td>\n<td>Ma\u00dfgeschneidert<\/td>\n<\/tr>\n<tr style=\"height: 50.00pt;\">\n<td style=\"height: 50.00pt;\" height=\"66\">Gr\u00f6\u00dfe<\/td>\n<td>Einheitsgr\u00f6\u00dfe<\/td>\n<\/tr>\n<tr style=\"height: 50.00pt;\">\n<td style=\"height: 50.00pt;\" height=\"66\">Probenahmezeit<\/td>\n<td>7\u201310 Tage<\/td>\n<\/tr>\n<tr style=\"height: 50.00pt;\">\n<td style=\"height: 50.00pt;\" height=\"66\">Mindestbestellmenge<\/td>\n<td>50 St\u00fcck<\/td>\n<\/tr>\n<tr style=\"height: 50.00pt;\">\n<td style=\"height: 50.00pt;\" height=\"66\">Dienstleistung<\/td>\n<td>ODM OEM<\/td>\n<\/tr>\n<tr style=\"height: 50.00pt;\">\n<td style=\"height: 50.00pt;\" height=\"66\">Zertifikate<\/td>\n<td>BSCI<\/td>\n<\/tr>\n<\/tbody>\n<\/table>","protected":false},"excerpt":{"rendered":"<p>Die Custom Pom Pom Hat ist ein kuscheliges, stilvolles Winteraccessoire aus einer Mischung aus Merinowolle und Acryl, das mit einem verspielten Bommel auf der Oberseite f\u00fcr zus\u00e4tzlichen Flair sorgt.<\/p>","protected":false},"featured_media":14929,"template":"","meta":{"_seopress_robots_primary_cat":"","_seopress_titles_title":"","_seopress_titles_desc":"","_seopress_robots_index":"","_gspb_post_css":"","_jf_limit_responses":"","_jet_sm_ready_style":"","_jet_sm_style":"","_jet_sm_controls_values":"","_jet_sm_fonts_collection":"","_jet_sm_fonts_links":""},"product_brand":[],"product_cat":[25],"product_tag":[],"hf_cat_product":[],"class_list":{"0":"post-14926","1":"product","2":"type-product","3":"status-publish","4":"has-post-thumbnail","6":"product_cat-pompom-beanies","8":"first","9":"instock","10":"shipping-taxable","11":"product-type-simple"},"_links":{"self":[{"href":"https:\/\/www.aungwinter.com\/de\/wp-json\/wp\/v2\/product\/14926","targetHints":{"allow":["GET"]}}],"collection":[{"href":"https:\/\/www.aungwinter.com\/de\/wp-json\/wp\/v2\/product"}],"about":[{"href":"https:\/\/www.aungwinter.com\/de\/wp-json\/wp\/v2\/types\/product"}],"wp:featuredmedia":[{"embeddable":true,"href":"https:\/\/www.aungwinter.com\/de\/wp-json\/wp\/v2\/media\/14929"}],"wp:attachment":[{"href":"https:\/\/www.aungwinter.com\/de\/wp-json\/wp\/v2\/media?parent=14926"}],"wp:term":[{"taxonomy":"product_brand","embeddable":true,"href":"https:\/\/www.aungwinter.com\/de\/wp-json\/wp\/v2\/product_brand?post=14926"},{"taxonomy":"product_cat","embeddable":true,"href":"https:\/\/www.aungwinter.com\/de\/wp-json\/wp\/v2\/product_cat?post=14926"},{"taxonomy":"product_tag","embeddable":true,"href":"https:\/\/www.aungwinter.com\/de\/wp-json\/wp\/v2\/product_tag?post=14926"},{"taxonomy":"hf_cat_product","embeddable":true,"href":"https:\/\/www.aungwinter.com\/de\/wp-json\/wp\/v2\/hf_cat_product?post=14926"}],"curies":[{"name":"wp","href":"https:\/\/api.w.org\/{rel}","templated":true}]}}