{"id":14933,"date":"2025-07-25T01:11:11","date_gmt":"2025-07-25T01:11:11","guid":{"rendered":"https:\/\/www.aungwinter.com\/?post_type=product&#038;p=14933"},"modified":"2025-07-25T01:11:12","modified_gmt":"2025-07-25T01:11:12","slug":"individuell-gestaltete-acryl-pompon-mutze-mit-gesticktem-logo","status":"publish","type":"product","link":"https:\/\/www.aungwinter.com\/de\/product\/custom-acrylic-pompom-beanie-with-embroidery-logo\/","title":{"rendered":"Individuell gestaltete Acryl-Pompon-M\u00fctze mit gesticktem Logo"},"content":{"rendered":"<table width=\"707\">\n<tbody>\n<tr>\n<td width=\"243\">\u00a0 Stil<\/td>\n<td width=\"464\">Y2K<\/td>\n<\/tr>\n<tr>\n<td>Anwendbare Szene<\/td>\n<td>Sport, SKI, Outdoor, Freizeit, Radfahren usw.<\/td>\n<\/tr>\n<tr>\n<td>Stoffmerkmale<\/td>\n<td>GEMEINSAM<\/td>\n<\/tr>\n<tr>\n<td>Druckverfahren<\/td>\n<td>Sublimationstransferdruck, Digitaldruck, Pr\u00e4gung usw.<\/td>\n<\/tr>\n<tr>\n<td>Kopfumfang<\/td>\n<td>58\u201360 cm<\/td>\n<\/tr>\n<tr>\n<td>Nadelerkennung<\/td>\n<td>Ja<\/td>\n<\/tr>\n<tr>\n<td>Mustertyp<\/td>\n<td>Tier, Argyle, Schleifen, Tarnung, Figur usw.<\/td>\n<\/tr>\n<tr>\n<td>Geschlecht<\/td>\n<td>Unisex<\/td>\n<\/tr>\n<tr>\n<td>Altersgruppe<\/td>\n<td>Erwachsene<\/td>\n<\/tr>\n<tr>\n<td>Techniken<\/td>\n<td>Siebdruck, Thermotransferdruck usw.<\/td>\n<\/tr>\n<tr>\n<td>Material<\/td>\n<td>100% Acryl<\/td>\n<\/tr>\n<tr>\n<td>Dekoration<\/td>\n<td>Knopf, Niete, zerrissen<\/td>\n<\/tr>\n<tr>\n<td>Modellnummer<\/td>\n<td>AWP-2024-1011<\/td>\n<\/tr>\n<tr>\n<td>Herkunftsort<\/td>\n<td>Guangdong, China<\/td>\n<\/tr>\n<tr>\n<td>Markenname<\/td>\n<td>Aung Winter<\/td>\n<\/tr>\n<tr>\n<td>Name<\/td>\n<td>Hochwertige, individuell gestaltete Acryl-M\u00fctze<\/td>\n<\/tr>\n<tr>\n<td>Verwendung<\/td>\n<td>Werbung, Geschenk, Dekoration usw.<\/td>\n<\/tr>\n<tr>\n<td>Muster<\/td>\n<td>M\u00fctzen<\/td>\n<\/tr>\n<tr>\n<td>Etikett\/Aufkleber\/Anh\u00e4nger<\/td>\n<td>Verf\u00fcgbar<\/td>\n<\/tr>\n<tr>\n<td>Schwei\u00dfband<\/td>\n<td>Baumwolle\/Polyester<\/td>\n<\/tr>\n<tr>\n<td>Logo<\/td>\n<td>Individuell gesticktes Logo<\/td>\n<\/tr>\n<tr>\n<td>Schl\u00fcsselwort<\/td>\n<td>Hochwertige Strickm\u00fctze mit Rippmuster<\/td>\n<\/tr>\n<\/tbody>\n<\/table>","protected":false},"excerpt":{"rendered":"<p>Die individuelle Winterm\u00fctze ist aus strapazierf\u00e4higem Acryl gefertigt und verf\u00fcgt \u00fcber einen verspielten Bommel und eine individuell gestaltbare Stickerei f\u00fcr eine pers\u00f6nliche Note.<\/p>","protected":false},"featured_media":14938,"template":"","meta":{"_seopress_robots_primary_cat":"","_seopress_titles_title":"","_seopress_titles_desc":"","_seopress_robots_index":"","_gspb_post_css":"","_jf_limit_responses":"","_jet_sm_ready_style":"","_jet_sm_style":"","_jet_sm_controls_values":"","_jet_sm_fonts_collection":"","_jet_sm_fonts_links":""},"product_brand":[],"product_cat":[25],"product_tag":[],"hf_cat_product":[],"class_list":{"0":"post-14933","1":"product","2":"type-product","3":"status-publish","4":"has-post-thumbnail","6":"product_cat-pompom-beanies","8":"first","9":"instock","10":"shipping-taxable","11":"product-type-simple"},"_links":{"self":[{"href":"https:\/\/www.aungwinter.com\/de\/wp-json\/wp\/v2\/product\/14933","targetHints":{"allow":["GET"]}}],"collection":[{"href":"https:\/\/www.aungwinter.com\/de\/wp-json\/wp\/v2\/product"}],"about":[{"href":"https:\/\/www.aungwinter.com\/de\/wp-json\/wp\/v2\/types\/product"}],"wp:featuredmedia":[{"embeddable":true,"href":"https:\/\/www.aungwinter.com\/de\/wp-json\/wp\/v2\/media\/14938"}],"wp:attachment":[{"href":"https:\/\/www.aungwinter.com\/de\/wp-json\/wp\/v2\/media?parent=14933"}],"wp:term":[{"taxonomy":"product_brand","embeddable":true,"href":"https:\/\/www.aungwinter.com\/de\/wp-json\/wp\/v2\/product_brand?post=14933"},{"taxonomy":"product_cat","embeddable":true,"href":"https:\/\/www.aungwinter.com\/de\/wp-json\/wp\/v2\/product_cat?post=14933"},{"taxonomy":"product_tag","embeddable":true,"href":"https:\/\/www.aungwinter.com\/de\/wp-json\/wp\/v2\/product_tag?post=14933"},{"taxonomy":"hf_cat_product","embeddable":true,"href":"https:\/\/www.aungwinter.com\/de\/wp-json\/wp\/v2\/hf_cat_product?post=14933"}],"curies":[{"name":"wp","href":"https:\/\/api.w.org\/{rel}","templated":true}]}}