{"id":14947,"date":"2025-07-26T06:21:24","date_gmt":"2025-07-26T06:21:24","guid":{"rendered":"https:\/\/www.aungwinter.com\/?post_type=product&#038;p=14947"},"modified":"2025-07-26T06:21:25","modified_gmt":"2025-07-26T06:21:25","slug":"masgefertigte-beidseitig-tragbare-fleece-mutze-aus-acryl-ohne-umschlag","status":"publish","type":"product","link":"https:\/\/www.aungwinter.com\/de\/product\/custom-acrylic-reversible-cuffless-fleece-beanie\/","title":{"rendered":"Individuell gestaltbare, wendbare Fleece-M\u00fctze ohne Umschlag aus Acryl"},"content":{"rendered":"<table style=\"border-collapse: collapse; width: 491.27pt;\" border=\"0\" width=\"655\" cellspacing=\"0\" cellpadding=\"0\">\n<tbody>\n<tr style=\"height: 40.00pt;\">\n<td style=\"height: 40.00pt; width: 189.75pt;\" width=\"253\" height=\"53\">Stil<\/td>\n<td style=\"width: 301.50pt;\" width=\"402\">Charakter<\/td>\n<\/tr>\n<tr style=\"height: 40.00pt;\">\n<td style=\"height: 40.00pt;\" height=\"53\">Anwendbare Szene<\/td>\n<td>Freizeit, Outdoor, Reisen, Radfahren, Einkaufen, Skifahren, Alltag<\/td>\n<\/tr>\n<tr style=\"height: 40.00pt;\">\n<td style=\"height: 40.00pt;\" height=\"53\">Stoffmerkmale<\/td>\n<td>GEMEINSAM<\/td>\n<\/tr>\n<tr style=\"height: 40.00pt;\">\n<td style=\"height: 40.00pt;\" height=\"53\">Druckverfahren<\/td>\n<td>keiner<\/td>\n<\/tr>\n<tr style=\"height: 40.00pt;\">\n<td style=\"height: 40.00pt;\" height=\"53\">Kopfumfang<\/td>\n<td>56\u201358 cm, 58\u201360 cm<\/td>\n<\/tr>\n<tr style=\"height: 40.00pt;\">\n<td style=\"height: 40.00pt;\" height=\"53\">Mustertyp<\/td>\n<td>Keine<\/td>\n<\/tr>\n<tr style=\"height: 40.00pt;\">\n<td style=\"height: 40.00pt;\" height=\"53\">Geschlecht<\/td>\n<td>Unisex<\/td>\n<\/tr>\n<tr style=\"height: 40.00pt;\">\n<td style=\"height: 40.00pt;\" height=\"53\">Altersgruppe<\/td>\n<td>Erwachsene<\/td>\n<\/tr>\n<tr style=\"height: 40.00pt;\">\n<td style=\"height: 40.00pt;\" height=\"53\">Techniken<\/td>\n<td>keiner<\/td>\n<\/tr>\n<tr style=\"height: 40.00pt;\">\n<td style=\"height: 40.00pt;\" height=\"53\">Material<\/td>\n<td>100% Acryl<\/td>\n<\/tr>\n<tr style=\"height: 40.00pt;\">\n<td style=\"height: 40.00pt;\" height=\"53\">Dekoration<\/td>\n<td>anderer<\/td>\n<\/tr>\n<tr style=\"height: 40.00pt;\">\n<td style=\"height: 40.00pt;\" height=\"53\">Herkunftsort<\/td>\n<td>Guangdong, China<\/td>\n<\/tr>\n<tr style=\"height: 40.00pt;\">\n<td style=\"height: 40.00pt;\" height=\"53\">Markenname<\/td>\n<td>Aungwinter<\/td>\n<\/tr>\n<tr style=\"height: 40.00pt;\">\n<td style=\"height: 40.00pt;\" height=\"53\">Logo<\/td>\n<td>Individuelles Logo akzeptieren<\/td>\n<\/tr>\n<tr style=\"height: 40.00pt;\">\n<td style=\"height: 40.00pt;\" height=\"53\">Mindestbestellmenge<\/td>\n<td>50 St\u00fcck<\/td>\n<\/tr>\n<tr style=\"height: 40.00pt;\">\n<td style=\"height: 40.00pt;\" height=\"53\">Zahlung<\/td>\n<td>Handelssicherheit<\/td>\n<\/tr>\n<tr style=\"height: 40.00pt;\">\n<td style=\"height: 40.00pt;\" height=\"53\">Probenahmezeit<\/td>\n<td>3\u20135 Tage<\/td>\n<\/tr>\n<tr style=\"height: 40.00pt;\">\n<td style=\"height: 40.00pt;\" height=\"53\">Design-Service<\/td>\n<td>Kostenloses Modell<\/td>\n<\/tr>\n<tr style=\"height: 40.00pt;\">\n<td style=\"height: 40.00pt;\" height=\"53\">Saison<\/td>\n<td>Fr\u00fchling Herbst Winter<\/td>\n<\/tr>\n<tr style=\"height: 40.00pt;\">\n<td style=\"height: 40.00pt;\" height=\"53\">Gewicht<\/td>\n<td>100 g<\/td>\n<\/tr>\n<tr style=\"height: 40.00pt;\">\n<td style=\"height: 40.00pt;\" height=\"53\">Zertifikate<\/td>\n<td>BSCI und ISO 9001<\/td>\n<\/tr>\n<tr style=\"height: 40.00pt;\">\n<td style=\"height: 40.00pt;\" height=\"53\">Verpackung<\/td>\n<td>Opp-Beutel<\/td>\n<\/tr>\n<tr style=\"height: 40.00pt;\">\n<td style=\"height: 40.00pt;\" height=\"53\">Manschette<\/td>\n<td>5\u20137 cm oder nach Ma\u00df<\/td>\n<\/tr>\n<\/tbody>\n<\/table>","protected":false},"excerpt":{"rendered":"<p>Die Custom Fleece Beanie besteht aus weichem, warmem Acrylgewebe, ist dank ihres wendbaren Designs vielseitig kombinierbar und verf\u00fcgt \u00fcber einen umschlaglosen Rand f\u00fcr eine schlanke, bequeme Passform, die bei kaltem Wetter maximale W\u00e4rme bietet.<\/p>","protected":false},"featured_media":14951,"template":"","meta":{"_seopress_robots_primary_cat":"","_seopress_titles_title":"","_seopress_titles_desc":"","_seopress_robots_index":"","_gspb_post_css":"","_jf_limit_responses":"","_jet_sm_ready_style":"","_jet_sm_style":"","_jet_sm_controls_values":"","_jet_sm_fonts_collection":"","_jet_sm_fonts_links":""},"product_brand":[],"product_cat":[23],"product_tag":[],"hf_cat_product":[],"class_list":{"0":"post-14947","1":"product","2":"type-product","3":"status-publish","4":"has-post-thumbnail","6":"product_cat-cuffless-beanies","8":"first","9":"instock","10":"shipping-taxable","11":"product-type-simple"},"_links":{"self":[{"href":"https:\/\/www.aungwinter.com\/de\/wp-json\/wp\/v2\/product\/14947","targetHints":{"allow":["GET"]}}],"collection":[{"href":"https:\/\/www.aungwinter.com\/de\/wp-json\/wp\/v2\/product"}],"about":[{"href":"https:\/\/www.aungwinter.com\/de\/wp-json\/wp\/v2\/types\/product"}],"wp:featuredmedia":[{"embeddable":true,"href":"https:\/\/www.aungwinter.com\/de\/wp-json\/wp\/v2\/media\/14951"}],"wp:attachment":[{"href":"https:\/\/www.aungwinter.com\/de\/wp-json\/wp\/v2\/media?parent=14947"}],"wp:term":[{"taxonomy":"product_brand","embeddable":true,"href":"https:\/\/www.aungwinter.com\/de\/wp-json\/wp\/v2\/product_brand?post=14947"},{"taxonomy":"product_cat","embeddable":true,"href":"https:\/\/www.aungwinter.com\/de\/wp-json\/wp\/v2\/product_cat?post=14947"},{"taxonomy":"product_tag","embeddable":true,"href":"https:\/\/www.aungwinter.com\/de\/wp-json\/wp\/v2\/product_tag?post=14947"},{"taxonomy":"hf_cat_product","embeddable":true,"href":"https:\/\/www.aungwinter.com\/de\/wp-json\/wp\/v2\/hf_cat_product?post=14947"}],"curies":[{"name":"wp","href":"https:\/\/api.w.org\/{rel}","templated":true}]}}