{"id":14954,"date":"2025-07-26T06:25:28","date_gmt":"2025-07-26T06:25:28","guid":{"rendered":"https:\/\/www.aungwinter.com\/?post_type=product&#038;p=14954"},"modified":"2025-07-26T06:38:32","modified_gmt":"2025-07-26T06:38:32","slug":"individuell-gestaltete-acryl-strickmutze-ohne-umschlag-mit-individueller-stickerei-und-individuellem-logo","status":"publish","type":"product","link":"https:\/\/www.aungwinter.com\/de\/product\/custom-acrylic-cuffless-embroidery-beanie-with-custom-logo\/","title":{"rendered":"Individuell gestaltete Acryl-Strickm\u00fctze ohne Umschlag mit individuellem Logo"},"content":{"rendered":"<table style=\"border-collapse: collapse; width: 491.27pt;\" border=\"0\" width=\"655\" cellspacing=\"0\" cellpadding=\"0\">\n<tbody>\n<tr style=\"height: 40.00pt;\">\n<td style=\"height: 40.00pt; width: 189.75pt;\" width=\"253\" height=\"53\">Stil<\/td>\n<td style=\"width: 301.50pt;\" width=\"402\">Charakter<\/td>\n<\/tr>\n<tr style=\"height: 40.00pt;\">\n<td style=\"height: 40.00pt;\" height=\"53\">Anwendbare Szene<\/td>\n<td>Strand, Freizeit, Outdoor, Reisen usw.<\/td>\n<\/tr>\n<tr style=\"height: 40.00pt;\">\n<td style=\"height: 40.00pt;\" height=\"53\">Stoffmerkmale<\/td>\n<td>GEMEINSAM<\/td>\n<\/tr>\n<tr style=\"height: 40.00pt;\">\n<td style=\"height: 40.00pt;\" height=\"53\">Druckverfahren<\/td>\n<td>Sublimationstransfertransferdruck, Digitaldruck usw.<\/td>\n<\/tr>\n<tr style=\"height: 40.00pt;\">\n<td style=\"height: 40.00pt;\" height=\"53\">Kopfumfang<\/td>\n<td>56\u201358 cm<\/td>\n<\/tr>\n<tr style=\"height: 40.00pt;\">\n<td style=\"height: 40.00pt;\" height=\"53\">Mustertyp<\/td>\n<td>Tarnmuster, Cartoon, Figur, Karomuster, Blatt, Leopard, Buchstabe<\/td>\n<\/tr>\n<tr style=\"height: 40.00pt;\">\n<td style=\"height: 40.00pt;\" height=\"53\">Geschlecht<\/td>\n<td>Unisex<\/td>\n<\/tr>\n<tr style=\"height: 40.00pt;\">\n<td style=\"height: 40.00pt;\" height=\"53\">Altersgruppe<\/td>\n<td>Erwachsene<\/td>\n<\/tr>\n<tr style=\"height: 40.00pt;\">\n<td style=\"height: 40.00pt;\" height=\"53\">Techniken<\/td>\n<td>Siebdruck, Thermotransferdruck usw.<\/td>\n<\/tr>\n<tr style=\"height: 40.00pt;\">\n<td style=\"height: 40.00pt;\" height=\"53\">Material<\/td>\n<td>100% Acryl<\/td>\n<\/tr>\n<tr style=\"height: 40.00pt;\">\n<td style=\"height: 40.00pt;\" height=\"53\">Dekoration<\/td>\n<td>Stickerei<\/td>\n<\/tr>\n<tr style=\"height: 40.00pt;\">\n<td style=\"height: 40.00pt;\" height=\"53\">Modellnummer<\/td>\n<td>AWB-68256<\/td>\n<\/tr>\n<tr style=\"height: 40.00pt;\">\n<td style=\"height: 40.00pt;\" height=\"53\">Herkunftsort<\/td>\n<td>Guangdong, China<\/td>\n<\/tr>\n<tr style=\"height: 40.00pt;\">\n<td style=\"height: 40.00pt;\" height=\"53\">Markenname<\/td>\n<td>OEM\/ODM<\/td>\n<\/tr>\n<tr style=\"height: 40.00pt;\">\n<td style=\"height: 40.00pt;\" height=\"53\">Produktname<\/td>\n<td>Ma\u00dfgeschneiderte Strickm\u00fctze<\/td>\n<\/tr>\n<tr style=\"height: 40.00pt;\">\n<td style=\"height: 40.00pt;\" height=\"53\">Mindestbestellmenge<\/td>\n<td>25 St\u00fcck<\/td>\n<\/tr>\n<tr style=\"height: 40.00pt;\">\n<td style=\"height: 40.00pt;\" height=\"53\">Farbe<\/td>\n<td>Benutzerdefinierte Farbe<\/td>\n<\/tr>\n<tr style=\"height: 40.00pt;\">\n<td style=\"height: 40.00pt;\" height=\"53\">Saison<\/td>\n<td>Fr\u00fchling Herbst Winter<\/td>\n<\/tr>\n<tr style=\"height: 40.00pt;\">\n<td style=\"height: 40.00pt;\" height=\"53\">Logo<\/td>\n<td>Individuelles Logo akzeptieren<\/td>\n<\/tr>\n<tr style=\"height: 40.00pt;\">\n<td style=\"height: 40.00pt;\" height=\"53\">Verwendung<\/td>\n<td>Warm bleiben<\/td>\n<\/tr>\n<tr style=\"height: 40.00pt;\">\n<td style=\"height: 40.00pt;\" height=\"53\">Funktion<\/td>\n<td>Mode\\bequem\\haltbar<\/td>\n<\/tr>\n<tr style=\"height: 40.00pt;\">\n<td style=\"height: 40.00pt;\" height=\"53\">Material<\/td>\n<td>Acryl<\/td>\n<\/tr>\n<tr style=\"height: 40.00pt;\">\n<td style=\"height: 40.00pt;\" height=\"53\">Markenname<\/td>\n<td>Aungwinter<\/td>\n<\/tr>\n<\/tbody>\n<\/table>","protected":false},"excerpt":{"rendered":"<p>Die M\u00fctze mit individuellem Logo besteht aus weichem, strapazierf\u00e4higem Acrylstrick, hat ein elegantes Design ohne Umschlag f\u00fcr eine moderne Passform und kann mit einem individuellen Logo bestickt werden. Damit ist sie die perfekte Wahl f\u00fcr personalisiertes Branding oder Teamkleidung.<\/p>","protected":false},"featured_media":14957,"template":"","meta":{"_seopress_robots_primary_cat":"","_seopress_titles_title":"","_seopress_titles_desc":"","_seopress_robots_index":"","_gspb_post_css":"","_jf_limit_responses":"","_jet_sm_ready_style":"","_jet_sm_style":"","_jet_sm_controls_values":"","_jet_sm_fonts_collection":"","_jet_sm_fonts_links":""},"product_brand":[],"product_cat":[23],"product_tag":[],"hf_cat_product":[],"class_list":{"0":"post-14954","1":"product","2":"type-product","3":"status-publish","4":"has-post-thumbnail","6":"product_cat-cuffless-beanies","8":"first","9":"instock","10":"shipping-taxable","11":"product-type-simple"},"_links":{"self":[{"href":"https:\/\/www.aungwinter.com\/de\/wp-json\/wp\/v2\/product\/14954","targetHints":{"allow":["GET"]}}],"collection":[{"href":"https:\/\/www.aungwinter.com\/de\/wp-json\/wp\/v2\/product"}],"about":[{"href":"https:\/\/www.aungwinter.com\/de\/wp-json\/wp\/v2\/types\/product"}],"wp:featuredmedia":[{"embeddable":true,"href":"https:\/\/www.aungwinter.com\/de\/wp-json\/wp\/v2\/media\/14957"}],"wp:attachment":[{"href":"https:\/\/www.aungwinter.com\/de\/wp-json\/wp\/v2\/media?parent=14954"}],"wp:term":[{"taxonomy":"product_brand","embeddable":true,"href":"https:\/\/www.aungwinter.com\/de\/wp-json\/wp\/v2\/product_brand?post=14954"},{"taxonomy":"product_cat","embeddable":true,"href":"https:\/\/www.aungwinter.com\/de\/wp-json\/wp\/v2\/product_cat?post=14954"},{"taxonomy":"product_tag","embeddable":true,"href":"https:\/\/www.aungwinter.com\/de\/wp-json\/wp\/v2\/product_tag?post=14954"},{"taxonomy":"hf_cat_product","embeddable":true,"href":"https:\/\/www.aungwinter.com\/de\/wp-json\/wp\/v2\/hf_cat_product?post=14954"}],"curies":[{"name":"wp","href":"https:\/\/api.w.org\/{rel}","templated":true}]}}