{"id":15013,"date":"2025-08-06T03:08:28","date_gmt":"2025-08-06T03:08:28","guid":{"rendered":"https:\/\/www.aungwinter.com\/?post_type=product&#038;p=15013"},"modified":"2025-08-06T03:08:29","modified_gmt":"2025-08-06T03:08:29","slug":"herren-strickpullover-mit-rundhalsausschnitt-jacquard-grafik-und-individuellem-logo","status":"publish","type":"product","link":"https:\/\/www.aungwinter.com\/de\/product\/custom-logo-mens-jacquard-graphic-knitwear-crew-neck-knitted-sweater\/","title":{"rendered":"Herren-Strickpullover mit Rundhalsausschnitt und Jacquard-Grafik, mit individuellem Logo"},"content":{"rendered":"<table style=\"border-collapse: collapse; width: 397.52pt;\" border=\"0\" width=\"530\" cellspacing=\"0\" cellpadding=\"0\">\n<tbody>\n<tr style=\"height: 36.00pt;\">\n<td style=\"height: 36.00pt; width: 161.25pt;\" width=\"215\" height=\"48\">Versorgungsart<\/td>\n<td style=\"width: 236.25pt;\" width=\"315\">OEM-Service<\/td>\n<\/tr>\n<tr style=\"height: 36.00pt;\">\n<td style=\"height: 36.00pt;\" height=\"48\">Stil<\/td>\n<td>Pullover<\/td>\n<\/tr>\n<tr style=\"height: 36.00pt;\">\n<td style=\"height: 36.00pt;\" height=\"48\">Funktion<\/td>\n<td>Anti-Falten, Anti-Pilling, Atmungsaktiv, Anti-Schrumpfung<\/td>\n<\/tr>\n<tr style=\"height: 36.00pt;\">\n<td style=\"height: 36.00pt;\" height=\"48\">Geschlecht<\/td>\n<td>M\u00e4nner<\/td>\n<\/tr>\n<tr style=\"height: 36.00pt;\">\n<td style=\"height: 36.00pt;\" height=\"48\">Mit Kapuze<\/td>\n<td>NEIN<\/td>\n<\/tr>\n<tr style=\"height: 36.00pt;\">\n<td style=\"height: 36.00pt;\" height=\"48\">Nadelerkennung<\/td>\n<td>Ja<\/td>\n<\/tr>\n<tr style=\"height: 36.00pt;\">\n<td style=\"height: 36.00pt;\" height=\"48\">Webverfahren<\/td>\n<td>Maschinell hergestellt<\/td>\n<\/tr>\n<tr style=\"height: 36.00pt;\">\n<td style=\"height: 36.00pt;\" height=\"48\">Messger\u00e4t<\/td>\n<td>7 GG<\/td>\n<\/tr>\n<tr style=\"height: 36.00pt;\">\n<td style=\"height: 36.00pt;\" height=\"48\">7 Tage Lieferzeit f\u00fcr Musterbestellungen<\/td>\n<td>Unterst\u00fctzung<\/td>\n<\/tr>\n<tr style=\"height: 36.00pt;\">\n<td style=\"height: 36.00pt;\" height=\"48\">Verschlussart<\/td>\n<td>Keine<\/td>\n<\/tr>\n<tr style=\"height: 36.00pt;\">\n<td style=\"height: 36.00pt;\" height=\"48\">Saison<\/td>\n<td>Winter<\/td>\n<\/tr>\n<tr style=\"height: 36.00pt;\">\n<td style=\"height: 36.00pt;\" height=\"48\">Dekoration<\/td>\n<td>Muster<\/td>\n<\/tr>\n<tr style=\"height: 36.00pt;\">\n<td style=\"height: 36.00pt;\" height=\"48\">\u00c4rmell\u00e4nge (cm)<\/td>\n<td>Vollst\u00e4ndig<\/td>\n<\/tr>\n<tr style=\"height: 36.00pt;\">\n<td style=\"height: 36.00pt;\" height=\"48\">Material<\/td>\n<td>100% Baumwolle<\/td>\n<\/tr>\n<tr style=\"height: 36.00pt;\">\n<td style=\"height: 36.00pt;\" height=\"48\">Druckverfahren<\/td>\n<td>Keine<\/td>\n<\/tr>\n<tr style=\"height: 36.00pt;\">\n<td style=\"height: 36.00pt;\" height=\"48\">Gewicht des Stoffes<\/td>\n<td>320 Gramm<\/td>\n<\/tr>\n<tr style=\"height: 36.00pt;\">\n<td style=\"height: 36.00pt;\" height=\"48\">\u00c4rmelstil<\/td>\n<td>regul\u00e4re H\u00fclse<\/td>\n<\/tr>\n<tr style=\"height: 36.00pt;\">\n<td style=\"height: 36.00pt;\" height=\"48\">Mustertyp<\/td>\n<td>Zeichentrickfilm<\/td>\n<\/tr>\n<\/tbody>\n<\/table>","protected":false},"excerpt":{"rendered":"<p>Der Pullover verf\u00fcgt \u00fcber ein stilvolles Jacquard-Design, einen bequemen Rundhalsausschnitt und ein personalisiertes Logo und bietet sowohl W\u00e4rme als auch einen modernen, modischen Look f\u00fcr legere und halbformelle Anl\u00e4sse.<\/p>","protected":false},"featured_media":15017,"template":"","meta":{"_seopress_robots_primary_cat":"","_seopress_titles_title":"","_seopress_titles_desc":"","_seopress_robots_index":"","_gspb_post_css":"","_jf_limit_responses":"","_jet_sm_ready_style":"","_jet_sm_style":"","_jet_sm_controls_values":"","_jet_sm_fonts_collection":"","_jet_sm_fonts_links":""},"product_brand":[],"product_cat":[204],"product_tag":[],"hf_cat_product":[],"class_list":{"0":"post-15013","1":"product","2":"type-product","3":"status-publish","4":"has-post-thumbnail","6":"product_cat-sweaters","8":"first","9":"instock","10":"shipping-taxable","11":"product-type-simple"},"_links":{"self":[{"href":"https:\/\/www.aungwinter.com\/de\/wp-json\/wp\/v2\/product\/15013","targetHints":{"allow":["GET"]}}],"collection":[{"href":"https:\/\/www.aungwinter.com\/de\/wp-json\/wp\/v2\/product"}],"about":[{"href":"https:\/\/www.aungwinter.com\/de\/wp-json\/wp\/v2\/types\/product"}],"wp:featuredmedia":[{"embeddable":true,"href":"https:\/\/www.aungwinter.com\/de\/wp-json\/wp\/v2\/media\/15017"}],"wp:attachment":[{"href":"https:\/\/www.aungwinter.com\/de\/wp-json\/wp\/v2\/media?parent=15013"}],"wp:term":[{"taxonomy":"product_brand","embeddable":true,"href":"https:\/\/www.aungwinter.com\/de\/wp-json\/wp\/v2\/product_brand?post=15013"},{"taxonomy":"product_cat","embeddable":true,"href":"https:\/\/www.aungwinter.com\/de\/wp-json\/wp\/v2\/product_cat?post=15013"},{"taxonomy":"product_tag","embeddable":true,"href":"https:\/\/www.aungwinter.com\/de\/wp-json\/wp\/v2\/product_tag?post=15013"},{"taxonomy":"hf_cat_product","embeddable":true,"href":"https:\/\/www.aungwinter.com\/de\/wp-json\/wp\/v2\/hf_cat_product?post=15013"}],"curies":[{"name":"wp","href":"https:\/\/api.w.org\/{rel}","templated":true}]}}