{"id":15041,"date":"2025-08-06T06:08:20","date_gmt":"2025-08-06T06:08:20","guid":{"rendered":"https:\/\/www.aungwinter.com\/?post_type=product&#038;p=15041"},"modified":"2025-08-06T06:08:42","modified_gmt":"2025-08-06T06:08:42","slug":"damen-kaschmirpullover-in-rosa-langarmelig-locker-gestrickt","status":"publish","type":"product","link":"https:\/\/www.aungwinter.com\/de\/product\/womens-cashmere-pink-cardigan-long-sleeve-knitted-loose-sweater\/","title":{"rendered":"Damen-Kaschmirpullover in Rosa, lang\u00e4rmelig, locker gestrickt"},"content":{"rendered":"<table style=\"border-collapse: collapse; width: 397.52pt;\" border=\"0\" width=\"530\" cellspacing=\"0\" cellpadding=\"0\">\n<tbody>\n<tr style=\"height: 36.00pt;\">\n<td style=\"height: 36.00pt; width: 161.25pt;\" width=\"215\" height=\"48\">Funktion<\/td>\n<td style=\"width: 236.25pt;\" width=\"315\">Anti-Falten, schnell trocknend, atmungsaktiv, schrumpffrei<\/td>\n<\/tr>\n<tr style=\"height: 36.00pt;\">\n<td style=\"height: 36.00pt;\" height=\"48\">Techniken<\/td>\n<td>Computergestrickt<\/td>\n<\/tr>\n<tr style=\"height: 36.00pt;\">\n<td style=\"height: 36.00pt;\" height=\"48\">Stil<\/td>\n<td>L\u00e4ssig<\/td>\n<\/tr>\n<tr style=\"height: 36.00pt;\">\n<td style=\"height: 36.00pt;\" height=\"48\">Webverfahren<\/td>\n<td>gestrickt<\/td>\n<\/tr>\n<tr style=\"height: 36.00pt;\">\n<td style=\"height: 36.00pt;\" height=\"48\">Kragen<\/td>\n<td>V-Ausschnitt<\/td>\n<\/tr>\n<tr style=\"height: 36.00pt;\">\n<td style=\"height: 36.00pt;\" height=\"48\">Geschlecht<\/td>\n<td>Frauen<\/td>\n<\/tr>\n<tr style=\"height: 36.00pt;\">\n<td style=\"height: 36.00pt;\" height=\"48\">Mustertyp<\/td>\n<td>Fest<\/td>\n<\/tr>\n<tr style=\"height: 36.00pt;\">\n<td style=\"height: 36.00pt;\" height=\"48\">Material<\/td>\n<td>100% Kaschmir<\/td>\n<\/tr>\n<tr style=\"height: 36.00pt;\">\n<td style=\"height: 36.00pt;\" height=\"48\">Messger\u00e4t<\/td>\n<td>12 GG<\/td>\n<\/tr>\n<tr style=\"height: 36.00pt;\">\n<td style=\"height: 36.00pt;\" height=\"48\">Versorgungsart<\/td>\n<td>OEM-Service<\/td>\n<\/tr>\n<tr style=\"height: 36.00pt;\">\n<td style=\"height: 36.00pt;\" height=\"48\">Saison<\/td>\n<td>Winter<\/td>\n<\/tr>\n<tr style=\"height: 36.00pt;\">\n<td style=\"height: 36.00pt;\" height=\"48\">Dicke<\/td>\n<td>Standard<\/td>\n<\/tr>\n<tr style=\"height: 36.00pt;\">\n<td style=\"height: 36.00pt;\" height=\"48\">7 Tage Lieferzeit f\u00fcr Musterbestellungen<\/td>\n<td>Unterst\u00fctzung<\/td>\n<\/tr>\n<tr style=\"height: 36.00pt;\">\n<td style=\"height: 36.00pt;\" height=\"48\">Kleiderl\u00e4nge<\/td>\n<td>Regelm\u00e4\u00dfig<\/td>\n<\/tr>\n<tr style=\"height: 36.00pt;\">\n<td style=\"height: 36.00pt;\" height=\"48\">\u00c4rmelstil<\/td>\n<td>Regelm\u00e4\u00dfig<\/td>\n<\/tr>\n<tr style=\"height: 36.00pt;\">\n<td style=\"height: 36.00pt;\" height=\"48\">\u00c4rmell\u00e4nge (cm)<\/td>\n<td>Vollst\u00e4ndig<\/td>\n<\/tr>\n<tr style=\"height: 36.00pt;\">\n<td style=\"height: 36.00pt;\" height=\"48\">Dekoration<\/td>\n<td>Keine<\/td>\n<\/tr>\n<tr style=\"height: 36.00pt;\">\n<td style=\"height: 36.00pt;\" height=\"48\">Art des Artikels<\/td>\n<td>Strickjacken<\/td>\n<\/tr>\n<tr style=\"height: 36.00pt;\">\n<td style=\"height: 36.00pt;\" height=\"48\">Verschlussart<\/td>\n<td>Keine<\/td>\n<\/tr>\n<tr style=\"height: 36.00pt;\">\n<td style=\"height: 36.00pt;\" height=\"48\">Modellnummer<\/td>\n<td>AWS-15812<\/td>\n<\/tr>\n<tr style=\"height: 36.00pt;\">\n<td style=\"height: 36.00pt;\" height=\"48\">Herkunftsort<\/td>\n<td>Guangdong, China<\/td>\n<\/tr>\n<tr style=\"height: 36.00pt;\">\n<td style=\"height: 36.00pt;\" height=\"48\">Markenname<\/td>\n<td>Aungwinter<\/td>\n<\/tr>\n<tr style=\"height: 36.00pt;\">\n<td style=\"height: 36.00pt;\" height=\"48\">Stil<\/td>\n<td>L\u00e4ssig<\/td>\n<\/tr>\n<tr style=\"height: 36.00pt;\">\n<td style=\"height: 36.00pt;\" height=\"48\">Gr\u00f6\u00dfe<\/td>\n<td>frei<\/td>\n<\/tr>\n<tr style=\"height: 36.00pt;\">\n<td style=\"height: 36.00pt;\" height=\"48\">Farbe<\/td>\n<td>frei<\/td>\n<\/tr>\n<tr style=\"height: 36.00pt;\">\n<td style=\"height: 36.00pt;\" height=\"48\">Logo<\/td>\n<td>frei<\/td>\n<\/tr>\n<tr style=\"height: 36.00pt;\">\n<td style=\"height: 36.00pt;\" height=\"48\">Lieferantentyp<\/td>\n<td>OEM\/ODM<\/td>\n<\/tr>\n<\/tbody>\n<\/table>","protected":false},"excerpt":{"rendered":"<p>Der Pullover ist aus luxuri\u00f6sem Kaschmir gefertigt und bietet ein weiches, angenehmes Tragegef\u00fchl mit einer lockeren Passform, langen \u00c4rmeln und einem stilvollen rosa Cardigan-Design, das sich perfekt f\u00fcr k\u00fchle Tage eignet.<\/p>","protected":false},"featured_media":15042,"template":"","meta":{"_seopress_robots_primary_cat":"","_seopress_titles_title":"","_seopress_titles_desc":"","_seopress_robots_index":"","_gspb_post_css":"","_jf_limit_responses":"","_jet_sm_ready_style":"","_jet_sm_style":"","_jet_sm_controls_values":"","_jet_sm_fonts_collection":"","_jet_sm_fonts_links":""},"product_brand":[],"product_cat":[204],"product_tag":[],"hf_cat_product":[],"class_list":{"0":"post-15041","1":"product","2":"type-product","3":"status-publish","4":"has-post-thumbnail","6":"product_cat-sweaters","8":"first","9":"instock","10":"shipping-taxable","11":"product-type-simple"},"_links":{"self":[{"href":"https:\/\/www.aungwinter.com\/de\/wp-json\/wp\/v2\/product\/15041","targetHints":{"allow":["GET"]}}],"collection":[{"href":"https:\/\/www.aungwinter.com\/de\/wp-json\/wp\/v2\/product"}],"about":[{"href":"https:\/\/www.aungwinter.com\/de\/wp-json\/wp\/v2\/types\/product"}],"wp:featuredmedia":[{"embeddable":true,"href":"https:\/\/www.aungwinter.com\/de\/wp-json\/wp\/v2\/media\/15042"}],"wp:attachment":[{"href":"https:\/\/www.aungwinter.com\/de\/wp-json\/wp\/v2\/media?parent=15041"}],"wp:term":[{"taxonomy":"product_brand","embeddable":true,"href":"https:\/\/www.aungwinter.com\/de\/wp-json\/wp\/v2\/product_brand?post=15041"},{"taxonomy":"product_cat","embeddable":true,"href":"https:\/\/www.aungwinter.com\/de\/wp-json\/wp\/v2\/product_cat?post=15041"},{"taxonomy":"product_tag","embeddable":true,"href":"https:\/\/www.aungwinter.com\/de\/wp-json\/wp\/v2\/product_tag?post=15041"},{"taxonomy":"hf_cat_product","embeddable":true,"href":"https:\/\/www.aungwinter.com\/de\/wp-json\/wp\/v2\/hf_cat_product?post=15041"}],"curies":[{"name":"wp","href":"https:\/\/api.w.org\/{rel}","templated":true}]}}