{"id":15056,"date":"2025-08-06T08:52:30","date_gmt":"2025-08-06T08:52:30","guid":{"rendered":"https:\/\/www.aungwinter.com\/?post_type=product&#038;p=15056"},"modified":"2025-08-06T08:52:31","modified_gmt":"2025-08-06T08:52:31","slug":"herrenpullover-mit-jacquardmuster-und-individuellem-logo-aus-baumwolle-lassiger-strickpullover","status":"publish","type":"product","link":"https:\/\/www.aungwinter.com\/de\/product\/custom-logo-mens-jacquard-pattern-pullover-cotton-casual-knitted-sweater\/","title":{"rendered":"Individuelles LOGO Herren-Pullover mit Jacquardmuster aus Baumwolle, l\u00e4ssiger Strickpullover"},"content":{"rendered":"<table style=\"border-collapse: collapse; width: 397.52pt;\" border=\"0\" width=\"530\" cellspacing=\"0\" cellpadding=\"0\">\n<tbody>\n<tr style=\"height: 36.00pt;\">\n<td style=\"height: 36.00pt; width: 161.25pt;\" width=\"215\" height=\"48\">Versorgungsart<\/td>\n<td style=\"width: 236.25pt;\" width=\"315\">OEM-Service<\/td>\n<\/tr>\n<tr style=\"height: 36.00pt;\">\n<td style=\"height: 36.00pt;\" height=\"48\">Stil<\/td>\n<td>Pullover<\/td>\n<\/tr>\n<tr style=\"height: 36.00pt;\">\n<td style=\"height: 36.00pt;\" height=\"48\">Funktion<\/td>\n<td>Anti-Falten, Schnelltrocknend, Anti-Pilling, Atmungsaktiv, Schrumpffrei<\/td>\n<\/tr>\n<tr style=\"height: 36.00pt;\">\n<td style=\"height: 36.00pt;\" height=\"48\">Geschlecht<\/td>\n<td>M\u00e4nner<\/td>\n<\/tr>\n<tr style=\"height: 36.00pt;\">\n<td style=\"height: 36.00pt;\" height=\"48\">Mit Kapuze<\/td>\n<td>NEIN<\/td>\n<\/tr>\n<tr style=\"height: 36.00pt;\">\n<td style=\"height: 36.00pt;\" height=\"48\">Nadelerkennung<\/td>\n<td>Ja<\/td>\n<\/tr>\n<tr style=\"height: 36.00pt;\">\n<td style=\"height: 36.00pt;\" height=\"48\">Webverfahren<\/td>\n<td>Maschinell hergestellt<\/td>\n<\/tr>\n<tr style=\"height: 36.00pt;\">\n<td style=\"height: 36.00pt;\" height=\"48\">Messger\u00e4t<\/td>\n<td>12 GG<\/td>\n<\/tr>\n<tr style=\"height: 36.00pt;\">\n<td style=\"height: 36.00pt;\" height=\"48\">7 Tage Lieferzeit f\u00fcr Musterbestellungen<\/td>\n<td>Unterst\u00fctzung<\/td>\n<\/tr>\n<tr style=\"height: 36.00pt;\">\n<td style=\"height: 36.00pt;\" height=\"48\">Verschlussart<\/td>\n<td>Keine<\/td>\n<\/tr>\n<tr style=\"height: 36.00pt;\">\n<td style=\"height: 36.00pt;\" height=\"48\">Saison<\/td>\n<td>Winter<\/td>\n<\/tr>\n<tr style=\"height: 36.00pt;\">\n<td style=\"height: 36.00pt;\" height=\"48\">Dekoration<\/td>\n<td>Muster<\/td>\n<\/tr>\n<tr style=\"height: 36.00pt;\">\n<td style=\"height: 36.00pt;\" height=\"48\">\u00c4rmell\u00e4nge (cm)<\/td>\n<td>Vollst\u00e4ndig<\/td>\n<\/tr>\n<tr style=\"height: 36.00pt;\">\n<td style=\"height: 36.00pt;\" height=\"48\">Material<\/td>\n<td>100% Baumwolle<\/td>\n<\/tr>\n<tr style=\"height: 36.00pt;\">\n<td style=\"height: 36.00pt;\" height=\"48\">Druckverfahren<\/td>\n<td>Digitaldruck<\/td>\n<\/tr>\n<tr style=\"height: 36.00pt;\">\n<td style=\"height: 36.00pt;\" height=\"48\">Gewicht des Stoffes<\/td>\n<td>320 Gramm<\/td>\n<\/tr>\n<tr style=\"height: 36.00pt;\">\n<td style=\"height: 36.00pt;\" height=\"48\">\u00c4rmelstil<\/td>\n<td>regul\u00e4re H\u00fclse<\/td>\n<\/tr>\n<tr style=\"height: 36.00pt;\">\n<td style=\"height: 36.00pt;\" height=\"48\">Mustertyp<\/td>\n<td>Handbemalt<\/td>\n<\/tr>\n<tr style=\"height: 36.00pt;\">\n<td style=\"height: 36.00pt;\" height=\"48\">Logo-Position<\/td>\n<td>Vorderseite, R\u00fcckseite, linker \u00c4rmel, rechter \u00c4rmel, unterer Saum, hinterer Halsausschnitt<\/td>\n<\/tr>\n<\/tbody>\n<\/table>","protected":false},"excerpt":{"rendered":"<p>Der Pullover besteht aus weichem Baumwollstrick, hat ein aufwendiges Jacquardmuster, eine individuell anpassbare Logo-Stickerei und ein bequemes Pullover-Design, wodurch er eine stilvolle und vielseitige Erg\u00e4nzung f\u00fcr die Freizeitgarderobe darstellt.<\/p>","protected":false},"featured_media":15062,"template":"","meta":{"_seopress_robots_primary_cat":"","_seopress_titles_title":"","_seopress_titles_desc":"","_seopress_robots_index":"","_gspb_post_css":"","_jf_limit_responses":"","_jet_sm_ready_style":"","_jet_sm_style":"","_jet_sm_controls_values":"","_jet_sm_fonts_collection":"","_jet_sm_fonts_links":""},"product_brand":[],"product_cat":[204],"product_tag":[],"hf_cat_product":[],"class_list":{"0":"post-15056","1":"product","2":"type-product","3":"status-publish","4":"has-post-thumbnail","6":"product_cat-sweaters","8":"first","9":"instock","10":"shipping-taxable","11":"product-type-simple"},"_links":{"self":[{"href":"https:\/\/www.aungwinter.com\/de\/wp-json\/wp\/v2\/product\/15056","targetHints":{"allow":["GET"]}}],"collection":[{"href":"https:\/\/www.aungwinter.com\/de\/wp-json\/wp\/v2\/product"}],"about":[{"href":"https:\/\/www.aungwinter.com\/de\/wp-json\/wp\/v2\/types\/product"}],"wp:featuredmedia":[{"embeddable":true,"href":"https:\/\/www.aungwinter.com\/de\/wp-json\/wp\/v2\/media\/15062"}],"wp:attachment":[{"href":"https:\/\/www.aungwinter.com\/de\/wp-json\/wp\/v2\/media?parent=15056"}],"wp:term":[{"taxonomy":"product_brand","embeddable":true,"href":"https:\/\/www.aungwinter.com\/de\/wp-json\/wp\/v2\/product_brand?post=15056"},{"taxonomy":"product_cat","embeddable":true,"href":"https:\/\/www.aungwinter.com\/de\/wp-json\/wp\/v2\/product_cat?post=15056"},{"taxonomy":"product_tag","embeddable":true,"href":"https:\/\/www.aungwinter.com\/de\/wp-json\/wp\/v2\/product_tag?post=15056"},{"taxonomy":"hf_cat_product","embeddable":true,"href":"https:\/\/www.aungwinter.com\/de\/wp-json\/wp\/v2\/hf_cat_product?post=15056"}],"curies":[{"name":"wp","href":"https:\/\/api.w.org\/{rel}","templated":true}]}}