{"id":15097,"date":"2025-08-07T07:23:33","date_gmt":"2025-08-07T07:23:33","guid":{"rendered":"https:\/\/www.aungwinter.com\/?post_type=product&#038;p=15097"},"modified":"2025-08-07T07:23:33","modified_gmt":"2025-08-07T07:23:33","slug":"masgeschneiderte-damen-strickjacke-aus-baumwolle-mit-v-ausschnitt","status":"publish","type":"product","link":"https:\/\/www.aungwinter.com\/de\/product\/custom-womens-cotton-crocheted-cardigan-v-neck-sweater\/","title":{"rendered":"Ma\u00dfgeschneiderte Damen-Strickjacke aus Baumwolle mit V-Ausschnitt"},"content":{"rendered":"<table style=\"border-collapse: collapse; width: 403.52pt;\" border=\"0\" width=\"538\" cellspacing=\"0\" cellpadding=\"0\">\n<tbody>\n<tr style=\"height: 37.00pt;\">\n<td style=\"height: 37.00pt; width: 158.25pt;\" width=\"211\" height=\"49\">Funktion<\/td>\n<td class=\"et2\" style=\"width: 245.25pt;\" width=\"327\">Anti-Falten, Schnelltrocknend, Anti-Pilling, Atmungsaktiv, Schrumpffrei<\/td>\n<\/tr>\n<tr style=\"height: 37.00pt;\">\n<td style=\"height: 37.00pt;\" height=\"49\">Techniken<\/td>\n<td class=\"et2\" style=\"width: 245.25pt;\" width=\"327\">Handgestrickt<\/td>\n<\/tr>\n<tr style=\"height: 37.00pt;\">\n<td style=\"height: 37.00pt;\" height=\"49\">Stil<\/td>\n<td class=\"et2\" style=\"width: 245.25pt;\" width=\"327\">Bohemian<\/td>\n<\/tr>\n<tr style=\"height: 37.00pt;\">\n<td style=\"height: 37.00pt;\" height=\"49\">Webverfahren<\/td>\n<td class=\"et2\" style=\"width: 245.25pt;\" width=\"327\">geh\u00e4kelt<\/td>\n<\/tr>\n<tr style=\"height: 37.00pt;\">\n<td style=\"height: 37.00pt;\" height=\"49\">Kragen<\/td>\n<td class=\"et2\" style=\"width: 245.25pt;\" width=\"327\">V-Ausschnitt<\/td>\n<\/tr>\n<tr style=\"height: 37.00pt;\">\n<td style=\"height: 37.00pt;\" height=\"49\">Geschlecht<\/td>\n<td class=\"et2\" style=\"width: 245.25pt;\" width=\"327\">Frauen<\/td>\n<\/tr>\n<tr style=\"height: 35.00pt;\">\n<td style=\"height: 35.00pt;\" height=\"46\">Mustertyp<\/td>\n<td class=\"et2\" style=\"width: 245.25pt;\" width=\"327\">Fest<\/td>\n<\/tr>\n<tr style=\"height: 37.00pt;\">\n<td style=\"height: 37.00pt;\" height=\"49\">Material<\/td>\n<td class=\"et2\" style=\"width: 245.25pt;\" width=\"327\">100% Baumwolle<\/td>\n<\/tr>\n<tr style=\"height: 30.00pt;\">\n<td style=\"height: 30.00pt;\" height=\"40\">Messger\u00e4t<\/td>\n<td class=\"et2\" style=\"width: 245.25pt;\" width=\"327\">7 GG<\/td>\n<\/tr>\n<tr style=\"height: 37.00pt;\">\n<td style=\"height: 37.00pt;\" height=\"49\">Versorgungsart<\/td>\n<td class=\"et2\" style=\"width: 245.25pt;\" width=\"327\">OEM-Service<\/td>\n<\/tr>\n<tr style=\"height: 37.00pt;\">\n<td style=\"height: 37.00pt;\" height=\"49\">Saison<\/td>\n<td class=\"et2\" style=\"width: 245.25pt;\" width=\"327\">Herbst<\/td>\n<\/tr>\n<tr style=\"height: 37.00pt;\">\n<td style=\"height: 37.00pt;\" height=\"49\">Dicke<\/td>\n<td class=\"et2\" style=\"width: 245.25pt;\" width=\"327\">Standard<\/td>\n<\/tr>\n<tr style=\"height: 37.00pt;\">\n<td style=\"height: 37.00pt;\" height=\"49\">7 Tage Lieferzeit f\u00fcr Musterbestellungen<\/td>\n<td class=\"et2\" style=\"width: 245.25pt;\" width=\"327\">Unterst\u00fctzung<\/td>\n<\/tr>\n<tr style=\"height: 37.00pt;\">\n<td style=\"height: 37.00pt;\" height=\"49\">Kleiderl\u00e4nge<\/td>\n<td class=\"et2\" style=\"width: 245.25pt;\" width=\"327\">Regelm\u00e4\u00dfig<\/td>\n<\/tr>\n<tr style=\"height: 37.00pt;\">\n<td style=\"height: 37.00pt;\" height=\"49\">\u00c4rmelstil<\/td>\n<td class=\"et2\" style=\"width: 245.25pt;\" width=\"327\">Regelm\u00e4\u00dfig<\/td>\n<\/tr>\n<tr style=\"height: 37.00pt;\">\n<td style=\"height: 37.00pt;\" height=\"49\">\u00c4rmell\u00e4nge (cm)<\/td>\n<td class=\"et2\" style=\"width: 245.25pt;\" width=\"327\">Vollst\u00e4ndig<\/td>\n<\/tr>\n<tr style=\"height: 37.00pt;\">\n<td style=\"height: 37.00pt;\" height=\"49\">Dekoration<\/td>\n<td class=\"et2\" style=\"width: 245.25pt;\" width=\"327\">Keine<\/td>\n<\/tr>\n<tr style=\"height: 72.00pt;\">\n<td style=\"height: 72.00pt;\" height=\"96\">Logo-\/Grafikdesign<\/td>\n<td class=\"et2\" style=\"width: 245.25pt;\" width=\"327\">Siebdruck, Digitaldruck, Thermotransferdruck usw.<\/td>\n<\/tr>\n<tr style=\"height: 37.00pt;\">\n<td style=\"height: 37.00pt;\" height=\"49\">Art des Artikels<\/td>\n<td class=\"et2\" style=\"width: 245.25pt;\" width=\"327\">Strickjacken<\/td>\n<\/tr>\n<tr style=\"height: 37.00pt;\">\n<td style=\"height: 37.00pt;\" height=\"49\">Logo-Position<\/td>\n<td class=\"et2\" style=\"width: 245.25pt;\" width=\"327\">Vorderseite, R\u00fcckseite, linker \u00c4rmel, rechter \u00c4rmel, unterer Saum, hinterer Halsausschnitt<\/td>\n<\/tr>\n<tr style=\"height: 37.00pt;\">\n<td style=\"height: 37.00pt;\" height=\"49\">Verschlussart<\/td>\n<td class=\"et2\" style=\"width: 245.25pt;\" width=\"327\">Keine<\/td>\n<\/tr>\n<tr style=\"height: 37.00pt;\">\n<td style=\"height: 37.00pt;\" height=\"49\">Modellnummer<\/td>\n<td class=\"et2\" style=\"width: 245.25pt;\" width=\"327\">AWX32988<\/td>\n<\/tr>\n<tr style=\"height: 37.00pt;\">\n<td style=\"height: 37.00pt;\" height=\"49\">Herkunftsort<\/td>\n<td class=\"et2\" style=\"width: 245.25pt;\" width=\"327\">Guangdong, China<\/td>\n<\/tr>\n<tr style=\"height: 37.00pt;\">\n<td style=\"height: 37.00pt;\" height=\"49\">Markenname<\/td>\n<td class=\"et2\" style=\"width: 245.25pt;\" width=\"327\">Aungwinter<\/td>\n<\/tr>\n<tr style=\"height: 37.00pt;\">\n<td style=\"height: 37.00pt;\" height=\"49\">Funktion<\/td>\n<td class=\"et2\" style=\"width: 245.25pt;\" width=\"327\">\u00dcbergr\u00f6\u00dfe<\/td>\n<\/tr>\n<\/tbody>\n<\/table>","protected":false},"excerpt":{"rendered":"<p>Der Custom Women\u2019s Sweater kombiniert leichte, atmungsaktive Baumwolle mit zarten H\u00e4kel-Details und einem schmeichelhaften V-Ausschnitt und bietet so eine stilvolle, vielseitige Option f\u00fcr l\u00e4ssige oder semi-formelle Looks.<\/p>","protected":false},"featured_media":15100,"template":"","meta":{"_seopress_robots_primary_cat":"","_seopress_titles_title":"","_seopress_titles_desc":"","_seopress_robots_index":"","_gspb_post_css":"","_jf_limit_responses":"","_jet_sm_ready_style":"","_jet_sm_style":"","_jet_sm_controls_values":"","_jet_sm_fonts_collection":"","_jet_sm_fonts_links":""},"product_brand":[],"product_cat":[204],"product_tag":[],"hf_cat_product":[],"class_list":{"0":"post-15097","1":"product","2":"type-product","3":"status-publish","4":"has-post-thumbnail","6":"product_cat-sweaters","8":"first","9":"instock","10":"shipping-taxable","11":"product-type-simple"},"_links":{"self":[{"href":"https:\/\/www.aungwinter.com\/de\/wp-json\/wp\/v2\/product\/15097","targetHints":{"allow":["GET"]}}],"collection":[{"href":"https:\/\/www.aungwinter.com\/de\/wp-json\/wp\/v2\/product"}],"about":[{"href":"https:\/\/www.aungwinter.com\/de\/wp-json\/wp\/v2\/types\/product"}],"wp:featuredmedia":[{"embeddable":true,"href":"https:\/\/www.aungwinter.com\/de\/wp-json\/wp\/v2\/media\/15100"}],"wp:attachment":[{"href":"https:\/\/www.aungwinter.com\/de\/wp-json\/wp\/v2\/media?parent=15097"}],"wp:term":[{"taxonomy":"product_brand","embeddable":true,"href":"https:\/\/www.aungwinter.com\/de\/wp-json\/wp\/v2\/product_brand?post=15097"},{"taxonomy":"product_cat","embeddable":true,"href":"https:\/\/www.aungwinter.com\/de\/wp-json\/wp\/v2\/product_cat?post=15097"},{"taxonomy":"product_tag","embeddable":true,"href":"https:\/\/www.aungwinter.com\/de\/wp-json\/wp\/v2\/product_tag?post=15097"},{"taxonomy":"hf_cat_product","embeddable":true,"href":"https:\/\/www.aungwinter.com\/de\/wp-json\/wp\/v2\/hf_cat_product?post=15097"}],"curies":[{"name":"wp","href":"https:\/\/api.w.org\/{rel}","templated":true}]}}