{"id":15178,"date":"2025-08-08T02:31:27","date_gmt":"2025-08-08T02:31:27","guid":{"rendered":"https:\/\/www.aungwinter.com\/?post_type=product&#038;p=15178"},"modified":"2025-08-08T02:31:28","modified_gmt":"2025-08-08T02:31:28","slug":"damen-langarm-jacquard-strickjacke-oversized-locker-geschnitten","status":"publish","type":"product","link":"https:\/\/www.aungwinter.com\/de\/product\/womens-long-sleeve-jacquard-oversized-loose-knitted-cardigan-sweater\/","title":{"rendered":"Damen-Strickjacke mit langen \u00c4rmeln, Jacquard-Muster, oversized, locker geschnitten"},"content":{"rendered":"<table style=\"border-collapse: collapse; width: 403.52pt;\" border=\"0\" width=\"538\" cellspacing=\"0\" cellpadding=\"0\">\n<tbody>\n<tr style=\"height: 37.00pt;\">\n<td style=\"height: 37.00pt; width: 158.25pt;\" width=\"211\" height=\"49\">Kleiderl\u00e4nge<\/td>\n<td class=\"et2\" style=\"width: 245.25pt;\" width=\"327\">Lang<\/td>\n<\/tr>\n<tr style=\"height: 37.00pt;\">\n<td style=\"height: 37.00pt;\" height=\"49\">\u00c4rmell\u00e4nge (cm)<\/td>\n<td class=\"et2\" style=\"width: 245.25pt;\" width=\"327\">Vollst\u00e4ndig<\/td>\n<\/tr>\n<tr style=\"height: 37.00pt;\">\n<td style=\"height: 37.00pt;\" height=\"49\">Mustertyp<\/td>\n<td class=\"et2\" style=\"width: 245.25pt;\" width=\"327\">Flickwerk<\/td>\n<\/tr>\n<tr style=\"height: 37.00pt;\">\n<td style=\"height: 37.00pt;\" height=\"49\">Dicke<\/td>\n<td class=\"et2\" style=\"width: 245.25pt;\" width=\"327\">Standard<\/td>\n<\/tr>\n<tr style=\"height: 37.00pt;\">\n<td style=\"height: 37.00pt;\" height=\"49\">Top-Typ<\/td>\n<td class=\"et2\" style=\"width: 245.25pt;\" width=\"327\">Strickjacke<\/td>\n<\/tr>\n<tr style=\"height: 37.00pt;\">\n<td style=\"height: 37.00pt;\" height=\"49\">Material<\/td>\n<td class=\"et2\" style=\"width: 245.25pt;\" width=\"327\">100% Baumwolle<\/td>\n<\/tr>\n<tr style=\"height: 35.00pt;\">\n<td style=\"height: 35.00pt;\" height=\"46\">\u00c4rmel Typ<\/td>\n<td class=\"et2\" style=\"width: 245.25pt;\" width=\"327\">regul\u00e4re H\u00fclse<\/td>\n<\/tr>\n<tr style=\"height: 37.00pt;\">\n<td style=\"height: 37.00pt;\" height=\"49\">\u00c4rmelstil<\/td>\n<td class=\"et2\" style=\"width: 245.25pt;\" width=\"327\">Regelm\u00e4\u00dfig<\/td>\n<\/tr>\n<tr style=\"height: 30.00pt;\">\n<td style=\"height: 30.00pt;\" height=\"40\">Techniken<\/td>\n<td class=\"et2\" style=\"width: 245.25pt;\" width=\"327\">Computergestrickt, bestickt, Jacquard, Maschinenstickerei\/Automatisierte Stickerei<\/td>\n<\/tr>\n<tr style=\"height: 37.00pt;\">\n<td style=\"height: 37.00pt;\" height=\"49\">Verschlussart<\/td>\n<td class=\"et2\" style=\"width: 245.25pt;\" width=\"327\">Einreihig<\/td>\n<\/tr>\n<tr style=\"height: 37.00pt;\">\n<td style=\"height: 37.00pt;\" height=\"49\">Modeelement<\/td>\n<td class=\"et2\" style=\"width: 245.25pt;\" width=\"327\">Vintage<\/td>\n<\/tr>\n<tr style=\"height: 37.00pt;\">\n<td style=\"height: 37.00pt;\" height=\"49\">Gewicht des Stoffes<\/td>\n<td class=\"et2\" style=\"width: 245.25pt;\" width=\"327\">300 Gramm<\/td>\n<\/tr>\n<tr style=\"height: 37.00pt;\">\n<td style=\"height: 37.00pt;\" height=\"49\">Versorgungsart<\/td>\n<td class=\"et2\" style=\"width: 245.25pt;\" width=\"327\">ODM<\/td>\n<\/tr>\n<tr style=\"height: 37.00pt;\">\n<td style=\"height: 37.00pt;\" height=\"49\">Saison<\/td>\n<td class=\"et2\" style=\"width: 245.25pt;\" width=\"327\">Winter<\/td>\n<\/tr>\n<tr style=\"height: 37.00pt;\">\n<td style=\"height: 37.00pt;\" height=\"49\">7 Tage Lieferzeit f\u00fcr Musterbestellungen<\/td>\n<td class=\"et2\" style=\"width: 245.25pt;\" width=\"327\">Unterst\u00fctzung<\/td>\n<\/tr>\n<tr style=\"height: 37.00pt;\">\n<td style=\"height: 37.00pt;\" height=\"49\">Stil<\/td>\n<td class=\"et2\" style=\"width: 245.25pt;\" width=\"327\">L\u00e4ssig<\/td>\n<\/tr>\n<tr style=\"height: 37.00pt;\">\n<td style=\"height: 37.00pt;\" height=\"49\">Geschlecht<\/td>\n<td class=\"et2\" style=\"width: 245.25pt;\" width=\"327\">Frauen<\/td>\n<\/tr>\n<tr style=\"height: 37.00pt;\">\n<td style=\"height: 37.00pt;\" height=\"49\">Funktion<\/td>\n<td class=\"et2\" style=\"width: 245.25pt;\" width=\"327\">Anti-Pilling<\/td>\n<\/tr>\n<tr style=\"height: 37.00pt;\">\n<td style=\"height: 37.00pt;\" height=\"49\">Kragen<\/td>\n<td class=\"et2\" style=\"width: 245.25pt;\" width=\"327\">V-Ausschnitt<\/td>\n<\/tr>\n<tr style=\"height: 37.00pt;\">\n<td style=\"height: 37.00pt;\" height=\"49\">Webverfahren<\/td>\n<td class=\"et2\" style=\"width: 245.25pt;\" width=\"327\">gestrickt<\/td>\n<\/tr>\n<tr style=\"height: 37.00pt;\">\n<td style=\"height: 37.00pt;\" height=\"49\">Dekoration<\/td>\n<td class=\"et2\" style=\"width: 245.25pt;\" width=\"327\">Taschen<\/td>\n<\/tr>\n<tr style=\"height: 37.00pt;\">\n<td style=\"height: 37.00pt;\" height=\"49\">Druckverfahren<\/td>\n<td class=\"et2\" style=\"width: 245.25pt;\" width=\"327\">Digitaldruck<\/td>\n<\/tr>\n<tr style=\"height: 37.00pt;\">\n<td style=\"height: 37.00pt;\" height=\"49\">Stoffart<\/td>\n<td class=\"et2\" style=\"width: 245.25pt;\" width=\"327\">gestrickt<\/td>\n<\/tr>\n<tr style=\"height: 37.00pt;\">\n<td style=\"height: 37.00pt;\" height=\"49\">Nadelerkennung<\/td>\n<td class=\"et2\" style=\"width: 245.25pt;\" width=\"327\">Ja<\/td>\n<\/tr>\n<tr style=\"height: 37.00pt;\">\n<td style=\"height: 37.00pt;\" height=\"49\">Herkunftsort<\/td>\n<td class=\"et2\" style=\"width: 245.25pt;\" width=\"327\">Guangdong, China<\/td>\n<\/tr>\n<\/tbody>\n<\/table>","protected":false},"excerpt":{"rendered":"<p>Dieser Damencardigan zeichnet sich durch eine \u00fcbergro\u00dfe, lockere Passform mit aufwendigen Mustern aus und sorgt f\u00fcr einen entspannten und stilvollen Look bei gleichzeitigem Komfort und W\u00e4rme.<\/p>","protected":false},"featured_media":15181,"template":"","meta":{"_seopress_robots_primary_cat":"","_seopress_titles_title":"","_seopress_titles_desc":"","_seopress_robots_index":"","_gspb_post_css":"","_jf_limit_responses":"","_jet_sm_ready_style":"","_jet_sm_style":"","_jet_sm_controls_values":"","_jet_sm_fonts_collection":"","_jet_sm_fonts_links":""},"product_brand":[],"product_cat":[204],"product_tag":[],"hf_cat_product":[],"class_list":{"0":"post-15178","1":"product","2":"type-product","3":"status-publish","4":"has-post-thumbnail","6":"product_cat-sweaters","8":"first","9":"instock","10":"shipping-taxable","11":"product-type-simple"},"_links":{"self":[{"href":"https:\/\/www.aungwinter.com\/de\/wp-json\/wp\/v2\/product\/15178","targetHints":{"allow":["GET"]}}],"collection":[{"href":"https:\/\/www.aungwinter.com\/de\/wp-json\/wp\/v2\/product"}],"about":[{"href":"https:\/\/www.aungwinter.com\/de\/wp-json\/wp\/v2\/types\/product"}],"wp:featuredmedia":[{"embeddable":true,"href":"https:\/\/www.aungwinter.com\/de\/wp-json\/wp\/v2\/media\/15181"}],"wp:attachment":[{"href":"https:\/\/www.aungwinter.com\/de\/wp-json\/wp\/v2\/media?parent=15178"}],"wp:term":[{"taxonomy":"product_brand","embeddable":true,"href":"https:\/\/www.aungwinter.com\/de\/wp-json\/wp\/v2\/product_brand?post=15178"},{"taxonomy":"product_cat","embeddable":true,"href":"https:\/\/www.aungwinter.com\/de\/wp-json\/wp\/v2\/product_cat?post=15178"},{"taxonomy":"product_tag","embeddable":true,"href":"https:\/\/www.aungwinter.com\/de\/wp-json\/wp\/v2\/product_tag?post=15178"},{"taxonomy":"hf_cat_product","embeddable":true,"href":"https:\/\/www.aungwinter.com\/de\/wp-json\/wp\/v2\/hf_cat_product?post=15178"}],"curies":[{"name":"wp","href":"https:\/\/api.w.org\/{rel}","templated":true}]}}