{"id":15187,"date":"2025-08-08T02:39:51","date_gmt":"2025-08-08T02:39:51","guid":{"rendered":"https:\/\/www.aungwinter.com\/?post_type=product&#038;p=15187"},"modified":"2025-08-08T02:39:55","modified_gmt":"2025-08-08T02:39:55","slug":"damen-strickjacke-aus-polyester-mit-kurzen-armeln-und-anti-falten-effekt","status":"publish","type":"product","link":"https:\/\/www.aungwinter.com\/de\/product\/womens-short-sleeve-anti-wrinkle-polyester-knitted-cardigan-sweater\/","title":{"rendered":"Kurz\u00e4rmeliger, knitterfreier Strickcardigan aus Polyester f\u00fcr Damen"},"content":{"rendered":"<table style=\"border-collapse: collapse; width: 403.52pt;\" border=\"0\" width=\"538\" cellspacing=\"0\" cellpadding=\"0\">\n<tbody>\n<tr style=\"height: 37.00pt;\">\n<td style=\"height: 37.00pt; width: 158.25pt;\" width=\"211\" height=\"49\">Funktion<\/td>\n<td class=\"et2\" style=\"width: 245.25pt;\" width=\"327\">Anti-Falten, Schnelltrocknend, Anti-Pilling, Atmungsaktiv, Schrumpffrei<\/td>\n<\/tr>\n<tr style=\"height: 37.00pt;\">\n<td style=\"height: 37.00pt;\" height=\"49\">Techniken<\/td>\n<td class=\"et2\" style=\"width: 245.25pt;\" width=\"327\">Computergestrickt<\/td>\n<\/tr>\n<tr style=\"height: 37.00pt;\">\n<td style=\"height: 37.00pt;\" height=\"49\">Stil<\/td>\n<td class=\"et2\" style=\"width: 245.25pt;\" width=\"327\">L\u00e4ssig<\/td>\n<\/tr>\n<tr style=\"height: 37.00pt;\">\n<td style=\"height: 37.00pt;\" height=\"49\">Webverfahren<\/td>\n<td class=\"et2\" style=\"width: 245.25pt;\" width=\"327\">gestrickt<\/td>\n<\/tr>\n<tr style=\"height: 37.00pt;\">\n<td style=\"height: 37.00pt;\" height=\"49\">Kragen<\/td>\n<td class=\"et2\" style=\"width: 245.25pt;\" width=\"327\">Rundhalsausschnitt<\/td>\n<\/tr>\n<tr style=\"height: 37.00pt;\">\n<td style=\"height: 37.00pt;\" height=\"49\">Geschlecht<\/td>\n<td class=\"et2\" style=\"width: 245.25pt;\" width=\"327\">Frauen<\/td>\n<\/tr>\n<tr style=\"height: 35.00pt;\">\n<td style=\"height: 35.00pt;\" height=\"46\">Mustertyp<\/td>\n<td class=\"et2\" style=\"width: 245.25pt;\" width=\"327\">Sonstiges<\/td>\n<\/tr>\n<tr style=\"height: 37.00pt;\">\n<td style=\"height: 37.00pt;\" height=\"49\">Material<\/td>\n<td class=\"et2\" style=\"width: 245.25pt;\" width=\"327\">100% Polyester<\/td>\n<\/tr>\n<tr style=\"height: 30.00pt;\">\n<td style=\"height: 30.00pt;\" height=\"40\">Gewicht des Stoffes<\/td>\n<td class=\"et2\" style=\"width: 245.25pt;\" width=\"327\">220 Gramm<\/td>\n<\/tr>\n<tr style=\"height: 37.00pt;\">\n<td style=\"height: 37.00pt;\" height=\"49\">Messger\u00e4t<\/td>\n<td class=\"et2\" style=\"width: 245.25pt;\" width=\"327\">12 GG<\/td>\n<\/tr>\n<tr style=\"height: 37.00pt;\">\n<td style=\"height: 37.00pt;\" height=\"49\">Typ<\/td>\n<td class=\"et2\" style=\"width: 245.25pt;\" width=\"327\">Strickjacke<\/td>\n<\/tr>\n<tr style=\"height: 37.00pt;\">\n<td style=\"height: 37.00pt;\" height=\"49\">Nadelerkennung<\/td>\n<td class=\"et2\" style=\"width: 245.25pt;\" width=\"327\">Ja<\/td>\n<\/tr>\n<tr style=\"height: 37.00pt;\">\n<td style=\"height: 37.00pt;\" height=\"49\">Versorgungsart<\/td>\n<td class=\"et2\" style=\"width: 245.25pt;\" width=\"327\">OEM-Service<\/td>\n<\/tr>\n<tr style=\"height: 37.00pt;\">\n<td style=\"height: 37.00pt;\" height=\"49\">Saison<\/td>\n<td class=\"et2\" style=\"width: 245.25pt;\" width=\"327\">Sommer<\/td>\n<\/tr>\n<tr style=\"height: 37.00pt;\">\n<td style=\"height: 37.00pt;\" height=\"49\">Dicke<\/td>\n<td class=\"et2\" style=\"width: 245.25pt;\" width=\"327\">Standard<\/td>\n<\/tr>\n<tr style=\"height: 37.00pt;\">\n<td style=\"height: 37.00pt;\" height=\"49\">7 Tage Lieferzeit f\u00fcr Musterbestellungen<\/td>\n<td class=\"et2\" style=\"width: 245.25pt;\" width=\"327\">Unterst\u00fctzung<\/td>\n<\/tr>\n<tr style=\"height: 37.00pt;\">\n<td style=\"height: 37.00pt;\" height=\"49\">Kleiderl\u00e4nge<\/td>\n<td class=\"et2\" style=\"width: 245.25pt;\" width=\"327\">Regelm\u00e4\u00dfig<\/td>\n<\/tr>\n<tr style=\"height: 37.00pt;\">\n<td style=\"height: 37.00pt;\" height=\"49\">\u00c4rmelstil<\/td>\n<td class=\"et2\" style=\"width: 245.25pt;\" width=\"327\">Puff\u00e4rmel<\/td>\n<\/tr>\n<tr style=\"height: 37.00pt;\">\n<td style=\"height: 37.00pt;\" height=\"49\">\u00c4rmell\u00e4nge (cm)<\/td>\n<td class=\"et2\" style=\"width: 245.25pt;\" width=\"327\">Kurz<\/td>\n<\/tr>\n<tr style=\"height: 37.00pt;\">\n<td style=\"height: 37.00pt;\" height=\"49\">Dekoration<\/td>\n<td class=\"et2\" style=\"width: 245.25pt;\" width=\"327\">Keine<\/td>\n<\/tr>\n<tr style=\"height: 37.00pt;\">\n<td style=\"height: 37.00pt;\" height=\"49\">Logo-\/Grafikdesign<\/td>\n<td class=\"et2\" style=\"width: 245.25pt;\" width=\"327\">Siebdruck, Digitaldruck, Thermotransferdruck, Stickerei, Puffdruck, Flockdruck, Pr\u00e4gung<\/td>\n<\/tr>\n<tr style=\"height: 37.00pt;\">\n<td style=\"height: 37.00pt;\" height=\"49\">Art des Artikels<\/td>\n<td class=\"et2\" style=\"width: 245.25pt;\" width=\"327\">Strickjacken<\/td>\n<\/tr>\n<tr style=\"height: 37.00pt;\">\n<td style=\"height: 37.00pt;\" height=\"49\">Logo-Position<\/td>\n<td class=\"et2\" style=\"width: 245.25pt;\" width=\"327\">Vorderseite, R\u00fcckseite, linker \u00c4rmel, rechter \u00c4rmel, unterer Saum, hinterer Halsausschnitt<\/td>\n<\/tr>\n<tr style=\"height: 37.00pt;\">\n<td style=\"height: 37.00pt;\" height=\"49\">Verschlussart<\/td>\n<td class=\"et2\" style=\"width: 245.25pt;\" width=\"327\">Keine<\/td>\n<\/tr>\n<tr style=\"height: 37.00pt;\">\n<td style=\"height: 37.00pt;\" height=\"49\">Modellnummer<\/td>\n<td class=\"et2\" style=\"width: 245.25pt;\" width=\"327\">AWO-2589<\/td>\n<\/tr>\n<tr style=\"height: 37.00pt;\">\n<td style=\"height: 37.00pt;\" height=\"49\">Herkunftsort<\/td>\n<td class=\"et2\" style=\"width: 245.25pt;\" width=\"327\">Guangdong, China<\/td>\n<\/tr>\n<tr style=\"height: 37.00pt;\">\n<td style=\"height: 37.00pt;\" height=\"49\">Markenname<\/td>\n<td class=\"et2\" style=\"width: 245.25pt;\" width=\"327\">Erstausr\u00fcster<\/td>\n<\/tr>\n<\/tbody>\n<\/table>","protected":false},"excerpt":{"rendered":"<p>Diese Damen-Strickjacke mit kurzen \u00c4rmeln ist aus knitterfreiem Polyester gefertigt und bietet eine geschmeidige, pflegeleichte Passform, die sowohl bequem als auch stilvoll ist und sich ideal f\u00fcr den Alltag eignet.<\/p>","protected":false},"featured_media":15195,"template":"","meta":{"_seopress_robots_primary_cat":"","_seopress_titles_title":"","_seopress_titles_desc":"","_seopress_robots_index":"","_gspb_post_css":"","_jf_limit_responses":"","_jet_sm_ready_style":"","_jet_sm_style":"","_jet_sm_controls_values":"","_jet_sm_fonts_collection":"","_jet_sm_fonts_links":""},"product_brand":[],"product_cat":[204],"product_tag":[],"hf_cat_product":[],"class_list":{"0":"post-15187","1":"product","2":"type-product","3":"status-publish","4":"has-post-thumbnail","6":"product_cat-sweaters","8":"first","9":"instock","10":"shipping-taxable","11":"product-type-simple"},"_links":{"self":[{"href":"https:\/\/www.aungwinter.com\/de\/wp-json\/wp\/v2\/product\/15187","targetHints":{"allow":["GET"]}}],"collection":[{"href":"https:\/\/www.aungwinter.com\/de\/wp-json\/wp\/v2\/product"}],"about":[{"href":"https:\/\/www.aungwinter.com\/de\/wp-json\/wp\/v2\/types\/product"}],"wp:featuredmedia":[{"embeddable":true,"href":"https:\/\/www.aungwinter.com\/de\/wp-json\/wp\/v2\/media\/15195"}],"wp:attachment":[{"href":"https:\/\/www.aungwinter.com\/de\/wp-json\/wp\/v2\/media?parent=15187"}],"wp:term":[{"taxonomy":"product_brand","embeddable":true,"href":"https:\/\/www.aungwinter.com\/de\/wp-json\/wp\/v2\/product_brand?post=15187"},{"taxonomy":"product_cat","embeddable":true,"href":"https:\/\/www.aungwinter.com\/de\/wp-json\/wp\/v2\/product_cat?post=15187"},{"taxonomy":"product_tag","embeddable":true,"href":"https:\/\/www.aungwinter.com\/de\/wp-json\/wp\/v2\/product_tag?post=15187"},{"taxonomy":"hf_cat_product","embeddable":true,"href":"https:\/\/www.aungwinter.com\/de\/wp-json\/wp\/v2\/hf_cat_product?post=15187"}],"curies":[{"name":"wp","href":"https:\/\/api.w.org\/{rel}","templated":true}]}}