{"id":15197,"date":"2025-08-12T01:50:44","date_gmt":"2025-08-12T01:50:44","guid":{"rendered":"https:\/\/www.aungwinter.com\/?post_type=product&#038;p=15197"},"modified":"2025-08-12T01:51:52","modified_gmt":"2025-08-12T01:51:52","slug":"masgefertigte-acryl-jacquard-strickmutze-mit-ohrenklappen-fur-damen","status":"publish","type":"product","link":"https:\/\/www.aungwinter.com\/de\/product\/custom-acrylic-jacquard-knitted-earflap-ski-hat-for-women\/","title":{"rendered":"Ma\u00dfgefertigte Acryl-Jacquard-Strickm\u00fctze mit Ohrenklappen f\u00fcr Damen"},"content":{"rendered":"<table width=\"651\">\n<tbody>\n<tr>\n<td width=\"234\">Stil<\/td>\n<td width=\"417\">Charakter<\/td>\n<\/tr>\n<tr>\n<td>Anwendbare Szene<\/td>\n<td width=\"417\">Sport, SKI, Reisen, Outdoor, Alltag, Freizeit, Business, Angeln, Radfahren, Reisen<\/td>\n<\/tr>\n<tr>\n<td>Stoffmerkmale<\/td>\n<td width=\"417\">GEMEINSAM<\/td>\n<\/tr>\n<tr>\n<td>Geschlecht<\/td>\n<td width=\"417\">Weiblich<\/td>\n<\/tr>\n<tr>\n<td>Altersgruppe<\/td>\n<td width=\"417\">Erwachsene<\/td>\n<\/tr>\n<tr>\n<td>Material<\/td>\n<td width=\"417\">100% Acryl<\/td>\n<\/tr>\n<tr>\n<td>Modellnummer<\/td>\n<td width=\"417\">Hut-G\u00e4nsebl\u00fcmchen5<\/td>\n<\/tr>\n<tr>\n<td>Herkunftsort<\/td>\n<td width=\"417\">Guangdong, China<\/td>\n<\/tr>\n<tr>\n<td>Markenname<\/td>\n<td width=\"417\">Neue Bekleidung<\/td>\n<\/tr>\n<tr>\n<td>Gr\u00f6\u00dfe<\/td>\n<td width=\"417\">Erwachsener<\/td>\n<\/tr>\n<tr>\n<td>Name<\/td>\n<td width=\"417\">Individuell gestaltete Skim\u00fctze mit Ohrenklappen<\/td>\n<\/tr>\n<tr>\n<td>Verwendung<\/td>\n<td width=\"417\">Freizeit<\/td>\n<\/tr>\n<tr>\n<td>Logo<\/td>\n<td width=\"417\">Individuelles Logo<\/td>\n<\/tr>\n<tr>\n<td>Stoff<\/td>\n<td width=\"417\">Acryl<\/td>\n<\/tr>\n<tr>\n<td>Kappenform<\/td>\n<td width=\"417\">Acryl, Jacquard-Strick<\/td>\n<\/tr>\n<tr>\n<td>Manschette<\/td>\n<td width=\"417\">5\u20137 cm<\/td>\n<\/tr>\n<tr>\n<td>Probenahmezeit<\/td>\n<td width=\"417\">5\u20137 Tage<\/td>\n<\/tr>\n<tr>\n<td>Zahlung<\/td>\n<td width=\"417\">30 Tonnen\/Tonne<\/td>\n<\/tr>\n<tr>\n<td>Design<\/td>\n<td width=\"417\">ODM-Designs<\/td>\n<\/tr>\n<tr>\n<td>Mindestbestellmenge<\/td>\n<td width=\"417\">50 St\u00fcck<\/td>\n<\/tr>\n<tr>\n<td>Muster<\/td>\n<td width=\"417\">gestrickt<\/td>\n<\/tr>\n<\/tbody>\n<\/table>","protected":false},"excerpt":{"rendered":"<p>Die Ski-M\u00fctze mit Ohrenklappen bietet W\u00e4rme, Komfort und ein stilvolles Design mit aufwendigem Jacquard-Strickmuster und Ohrenklappen f\u00fcr zus\u00e4tzlichen Schutz vor K\u00e4lte.<\/p>","protected":false},"featured_media":15202,"template":"","meta":{"_seopress_robots_primary_cat":"none","_seopress_titles_title":"","_seopress_titles_desc":"","_seopress_robots_index":"","_gspb_post_css":"","_jf_limit_responses":"","_jet_sm_ready_style":"","_jet_sm_style":"","_jet_sm_controls_values":"","_jet_sm_fonts_collection":"","_jet_sm_fonts_links":""},"product_brand":[],"product_cat":[66],"product_tag":[],"hf_cat_product":[],"class_list":{"0":"post-15197","1":"product","2":"type-product","3":"status-publish","4":"has-post-thumbnail","6":"product_cat-earflap-beanies","8":"first","9":"instock","10":"shipping-taxable","11":"product-type-simple"},"_links":{"self":[{"href":"https:\/\/www.aungwinter.com\/de\/wp-json\/wp\/v2\/product\/15197","targetHints":{"allow":["GET"]}}],"collection":[{"href":"https:\/\/www.aungwinter.com\/de\/wp-json\/wp\/v2\/product"}],"about":[{"href":"https:\/\/www.aungwinter.com\/de\/wp-json\/wp\/v2\/types\/product"}],"wp:featuredmedia":[{"embeddable":true,"href":"https:\/\/www.aungwinter.com\/de\/wp-json\/wp\/v2\/media\/15202"}],"wp:attachment":[{"href":"https:\/\/www.aungwinter.com\/de\/wp-json\/wp\/v2\/media?parent=15197"}],"wp:term":[{"taxonomy":"product_brand","embeddable":true,"href":"https:\/\/www.aungwinter.com\/de\/wp-json\/wp\/v2\/product_brand?post=15197"},{"taxonomy":"product_cat","embeddable":true,"href":"https:\/\/www.aungwinter.com\/de\/wp-json\/wp\/v2\/product_cat?post=15197"},{"taxonomy":"product_tag","embeddable":true,"href":"https:\/\/www.aungwinter.com\/de\/wp-json\/wp\/v2\/product_tag?post=15197"},{"taxonomy":"hf_cat_product","embeddable":true,"href":"https:\/\/www.aungwinter.com\/de\/wp-json\/wp\/v2\/hf_cat_product?post=15197"}],"curies":[{"name":"wp","href":"https:\/\/api.w.org\/{rel}","templated":true}]}}