{"id":15207,"date":"2025-08-13T01:04:44","date_gmt":"2025-08-13T01:04:44","guid":{"rendered":"https:\/\/www.aungwinter.com\/?post_type=product&#038;p=15207"},"modified":"2025-08-13T01:13:30","modified_gmt":"2025-08-13T01:13:30","slug":"masgeschneiderte-strickmutze-mit-jacquard-muster-ohne-umschlag-und-mit-aufgedrucktem-logo","status":"publish","type":"product","link":"https:\/\/www.aungwinter.com\/de\/product\/custom-graphic-printed-logo-jacquard-cuffless-knitted-beanie\/","title":{"rendered":"Individuell bedruckte Jacquard-Strickm\u00fctze ohne Umschlag mit Logo"},"content":{"rendered":"<table style=\"border-collapse: collapse; width: 426.77pt;\" border=\"0\" width=\"569\" cellspacing=\"0\" cellpadding=\"0\">\n<tbody>\n<tr style=\"height: 32.00pt;\">\n<td style=\"height: 32.00pt; width: 137.25pt;\" width=\"183\" height=\"42\">Stil<\/td>\n<td style=\"width: 289.50pt;\" width=\"386\">Charakter<\/td>\n<\/tr>\n<tr style=\"height: 32.00pt;\">\n<td style=\"height: 32.00pt;\" height=\"42\">Stoffmerkmale<\/td>\n<td>GEMEINSAM<\/td>\n<\/tr>\n<tr style=\"height: 32.00pt;\">\n<td style=\"height: 32.00pt;\" height=\"42\">Druckverfahren<\/td>\n<td>Jacquardmuster<\/td>\n<\/tr>\n<tr style=\"height: 32.00pt;\">\n<td style=\"height: 32.00pt;\" height=\"42\">Kopfumfang<\/td>\n<td>56\u201358 cm<\/td>\n<\/tr>\n<tr style=\"height: 32.00pt;\">\n<td style=\"height: 32.00pt;\" height=\"42\">Mustertyp<\/td>\n<td>Charakter, Buchstabe<\/td>\n<\/tr>\n<tr style=\"height: 32.00pt;\">\n<td style=\"height: 32.00pt;\" height=\"42\">Geschlecht<\/td>\n<td>Unisex<\/td>\n<\/tr>\n<tr style=\"height: 32.00pt;\">\n<td style=\"height: 32.00pt;\" height=\"42\">Altersgruppe<\/td>\n<td>Erwachsene<\/td>\n<\/tr>\n<tr style=\"height: 32.00pt;\">\n<td style=\"height: 32.00pt;\" height=\"42\">Techniken<\/td>\n<td>Siebdruck<\/td>\n<\/tr>\n<tr style=\"height: 32.00pt;\">\n<td style=\"height: 32.00pt;\" height=\"42\">Material<\/td>\n<td>100% Acryl<\/td>\n<\/tr>\n<tr style=\"height: 32.00pt;\">\n<td style=\"height: 32.00pt;\" height=\"42\">Modellnummer<\/td>\n<td>SFA-220923-06<\/td>\n<\/tr>\n<tr style=\"height: 32.00pt;\">\n<td style=\"height: 32.00pt;\" height=\"42\">Herkunftsort<\/td>\n<td>Guangdong, China<\/td>\n<\/tr>\n<tr style=\"height: 32.00pt;\">\n<td style=\"height: 32.00pt;\" height=\"42\">Anwendbare Szene<\/td>\n<td>Outdoor, Alltag, Freizeit<\/td>\n<\/tr>\n<tr style=\"height: 32.00pt;\">\n<td style=\"height: 32.00pt;\" height=\"42\">Dekoration<\/td>\n<td>keiner<\/td>\n<\/tr>\n<tr style=\"height: 32.00pt;\">\n<td style=\"height: 32.00pt;\" height=\"42\">Markenname<\/td>\n<td>Aungwinter<\/td>\n<\/tr>\n<tr style=\"height: 32.00pt;\">\n<td style=\"height: 32.00pt;\" height=\"42\">Produktname<\/td>\n<td>Streetwear-Skullcaps Y2K Wende-Beanie<\/td>\n<\/tr>\n<tr style=\"height: 32.00pt;\">\n<td style=\"height: 32.00pt;\" height=\"42\">Logo<\/td>\n<td>Individuelles Logo akzeptieren<\/td>\n<\/tr>\n<tr style=\"height: 32.00pt;\">\n<td style=\"height: 32.00pt;\" height=\"42\">Farbe<\/td>\n<td>Benutzerdefinierte Farbe<\/td>\n<\/tr>\n<tr style=\"height: 32.00pt;\">\n<td style=\"height: 32.00pt;\" height=\"42\">Schl\u00fcsselwort<\/td>\n<td>Jacquard-Strickm\u00fctze<\/td>\n<\/tr>\n<tr style=\"height: 32.00pt;\">\n<td style=\"height: 32.00pt;\" height=\"42\">Gr\u00f6\u00dfe<\/td>\n<td>Erwachsenengr\u00f6\u00dfe<\/td>\n<\/tr>\n<tr style=\"height: 32.00pt;\">\n<td style=\"height: 32.00pt;\" height=\"42\">Saison<\/td>\n<td>Winter Herbst<\/td>\n<\/tr>\n<\/tbody>\n<\/table>","protected":false},"excerpt":{"rendered":"<p>Die personalisierte M\u00fctze bietet ein individuelles, stilvolles Design mit weichem Acrylgewebe f\u00fcr W\u00e4rme und Komfort, perfekt f\u00fcr Winterausfl\u00fcge.<\/p>","protected":false},"featured_media":15218,"template":"","meta":{"_seopress_robots_primary_cat":"none","_seopress_titles_title":"","_seopress_titles_desc":"","_seopress_robots_index":"","_gspb_post_css":"","_jf_limit_responses":"","_jet_sm_ready_style":"","_jet_sm_style":"","_jet_sm_controls_values":"","_jet_sm_fonts_collection":"","_jet_sm_fonts_links":""},"product_brand":[],"product_cat":[23],"product_tag":[],"hf_cat_product":[],"class_list":{"0":"post-15207","1":"product","2":"type-product","3":"status-publish","4":"has-post-thumbnail","6":"product_cat-cuffless-beanies","8":"first","9":"instock","10":"shipping-taxable","11":"product-type-simple"},"_links":{"self":[{"href":"https:\/\/www.aungwinter.com\/de\/wp-json\/wp\/v2\/product\/15207","targetHints":{"allow":["GET"]}}],"collection":[{"href":"https:\/\/www.aungwinter.com\/de\/wp-json\/wp\/v2\/product"}],"about":[{"href":"https:\/\/www.aungwinter.com\/de\/wp-json\/wp\/v2\/types\/product"}],"wp:featuredmedia":[{"embeddable":true,"href":"https:\/\/www.aungwinter.com\/de\/wp-json\/wp\/v2\/media\/15218"}],"wp:attachment":[{"href":"https:\/\/www.aungwinter.com\/de\/wp-json\/wp\/v2\/media?parent=15207"}],"wp:term":[{"taxonomy":"product_brand","embeddable":true,"href":"https:\/\/www.aungwinter.com\/de\/wp-json\/wp\/v2\/product_brand?post=15207"},{"taxonomy":"product_cat","embeddable":true,"href":"https:\/\/www.aungwinter.com\/de\/wp-json\/wp\/v2\/product_cat?post=15207"},{"taxonomy":"product_tag","embeddable":true,"href":"https:\/\/www.aungwinter.com\/de\/wp-json\/wp\/v2\/product_tag?post=15207"},{"taxonomy":"hf_cat_product","embeddable":true,"href":"https:\/\/www.aungwinter.com\/de\/wp-json\/wp\/v2\/hf_cat_product?post=15207"}],"curies":[{"name":"wp","href":"https:\/\/api.w.org\/{rel}","templated":true}]}}