{"id":15232,"date":"2025-08-13T01:34:11","date_gmt":"2025-08-13T01:34:11","guid":{"rendered":"https:\/\/www.aungwinter.com\/?post_type=product&#038;p=15232"},"modified":"2025-08-13T01:34:11","modified_gmt":"2025-08-13T01:34:11","slug":"masgefertigte-acryl-mutze-ohne-umschlag-mit-digitalem-jacquard-druck","status":"publish","type":"product","link":"https:\/\/www.aungwinter.com\/de\/product\/custom-acrylic-uncuffed-digital-print-jacquard-beanie\/","title":{"rendered":"Individuell gestaltete Acryl-M\u00fctze mit Jacquard-Strickmuster und Digitaldruck ohne Umschlag"},"content":{"rendered":"<table style=\"border-collapse: collapse; width: 426.77pt;\" border=\"0\" width=\"569\" cellspacing=\"0\" cellpadding=\"0\">\n<tbody>\n<tr style=\"height: 32.00pt;\">\n<td style=\"height: 32.00pt; width: 137.25pt;\" width=\"183\" height=\"42\">Stil<\/td>\n<td style=\"width: 289.50pt;\" width=\"386\">Charakter<\/td>\n<\/tr>\n<tr style=\"height: 32.00pt;\">\n<td style=\"height: 32.00pt;\" height=\"42\">Stoffmerkmale<\/td>\n<td>GEMEINSAM<\/td>\n<\/tr>\n<tr style=\"height: 32.00pt;\">\n<td style=\"height: 32.00pt;\" height=\"42\">Druckverfahren<\/td>\n<td>Jacquardmuster<\/td>\n<\/tr>\n<tr style=\"height: 32.00pt;\">\n<td style=\"height: 32.00pt;\" height=\"42\">Kopfumfang<\/td>\n<td>56\u201358 cm<\/td>\n<\/tr>\n<tr style=\"height: 32.00pt;\">\n<td style=\"height: 32.00pt;\" height=\"42\">Mustertyp<\/td>\n<td>Zeichen, Buchstabe, Vollfl\u00e4chig, Gestreift<\/td>\n<\/tr>\n<tr style=\"height: 32.00pt;\">\n<td style=\"height: 32.00pt;\" height=\"42\">Geschlecht<\/td>\n<td>Unisex<\/td>\n<\/tr>\n<tr style=\"height: 32.00pt;\">\n<td style=\"height: 32.00pt;\" height=\"42\">Altersgruppe<\/td>\n<td>Erwachsene<\/td>\n<\/tr>\n<tr style=\"height: 32.00pt;\">\n<td style=\"height: 32.00pt;\" height=\"42\">Techniken<\/td>\n<td>Siebdruck<\/td>\n<\/tr>\n<tr style=\"height: 32.00pt;\">\n<td style=\"height: 32.00pt;\" height=\"42\">Material<\/td>\n<td>100% Acryl<\/td>\n<\/tr>\n<tr style=\"height: 32.00pt;\">\n<td style=\"height: 32.00pt;\" height=\"42\">Modellnummer<\/td>\n<td>SFG-210409-6<\/td>\n<\/tr>\n<tr style=\"height: 32.00pt;\">\n<td style=\"height: 32.00pt;\" height=\"42\">Herkunftsort<\/td>\n<td>Guangdong, China<\/td>\n<\/tr>\n<tr style=\"height: 32.00pt;\">\n<td style=\"height: 32.00pt;\" height=\"42\">Anwendbare Szene<\/td>\n<td>Freizeit, Outdoor, Reisen, Sport, Radfahren, Einkaufen, Angeln, Skifahren, Heimgebrauch, Alltag, Party, Strand, Reisen<\/td>\n<\/tr>\n<tr style=\"height: 32.00pt;\">\n<td style=\"height: 32.00pt;\" height=\"42\">Dekoration<\/td>\n<td>anderer<\/td>\n<\/tr>\n<tr style=\"height: 32.00pt;\">\n<td style=\"height: 32.00pt;\" height=\"42\">Markenname<\/td>\n<td>Aungwinter<\/td>\n<\/tr>\n<tr style=\"height: 32.00pt;\">\n<td style=\"height: 32.00pt;\" height=\"42\">Dienstleistung<\/td>\n<td>OEM\/ODM, Design<\/td>\n<\/tr>\n<tr style=\"height: 32.00pt;\">\n<td style=\"height: 32.00pt;\" height=\"42\">Schl\u00fcsselw\u00f6rter<\/td>\n<td>Winterm\u00fctzen aus Strick<\/td>\n<\/tr>\n<tr style=\"height: 32.00pt;\">\n<td style=\"height: 32.00pt;\" height=\"42\">Probenahmezeit<\/td>\n<td>3 bis 7 Tage f\u00fcr g\u00e4ngige Modelle<\/td>\n<\/tr>\n<tr style=\"height: 32.00pt;\">\n<td style=\"height: 32.00pt;\" height=\"42\">Kleine Bestellung<\/td>\n<td>50 St\u00fcck\/Farbe\/Modell<\/td>\n<\/tr>\n<tr style=\"height: 32.00pt;\">\n<td style=\"height: 32.00pt;\" height=\"42\">Design<\/td>\n<td>Kostenloses Design<\/td>\n<\/tr>\n<tr style=\"height: 32.00pt;\">\n<td style=\"height: 32.00pt;\" height=\"42\">Funktion<\/td>\n<td>Winter-Strickm\u00fctze<\/td>\n<\/tr>\n<tr style=\"height: 32.00pt;\">\n<td style=\"height: 32.00pt;\" height=\"42\">Vorteil<\/td>\n<td>Direkt-Hersteller<\/td>\n<\/tr>\n<tr style=\"height: 32.00pt;\">\n<td style=\"height: 32.00pt;\" height=\"42\">Zertifikate<\/td>\n<td>BV, BSCI, ISO, GRS, FSC, \u00d6KO-TEX STANDARD 100, CE<\/td>\n<\/tr>\n<\/tbody>\n<\/table>","protected":false},"excerpt":{"rendered":"<p>Die M\u00fctze verf\u00fcgt \u00fcber ein lebhaftes, hochwertiges Digitaldruckdesign auf weichem Acrylgewebe und bietet eine bequeme, stilvolle Passform ohne den volumin\u00f6sen Rand einer M\u00fctze.<\/p>","protected":false},"featured_media":15237,"template":"","meta":{"_seopress_robots_primary_cat":"","_seopress_titles_title":"","_seopress_titles_desc":"","_seopress_robots_index":"","_gspb_post_css":"","_jf_limit_responses":"","_jet_sm_ready_style":"","_jet_sm_style":"","_jet_sm_controls_values":"","_jet_sm_fonts_collection":"","_jet_sm_fonts_links":""},"product_brand":[],"product_cat":[23],"product_tag":[],"hf_cat_product":[],"class_list":{"0":"post-15232","1":"product","2":"type-product","3":"status-publish","4":"has-post-thumbnail","6":"product_cat-cuffless-beanies","8":"first","9":"instock","10":"shipping-taxable","11":"product-type-simple"},"_links":{"self":[{"href":"https:\/\/www.aungwinter.com\/de\/wp-json\/wp\/v2\/product\/15232","targetHints":{"allow":["GET"]}}],"collection":[{"href":"https:\/\/www.aungwinter.com\/de\/wp-json\/wp\/v2\/product"}],"about":[{"href":"https:\/\/www.aungwinter.com\/de\/wp-json\/wp\/v2\/types\/product"}],"wp:featuredmedia":[{"embeddable":true,"href":"https:\/\/www.aungwinter.com\/de\/wp-json\/wp\/v2\/media\/15237"}],"wp:attachment":[{"href":"https:\/\/www.aungwinter.com\/de\/wp-json\/wp\/v2\/media?parent=15232"}],"wp:term":[{"taxonomy":"product_brand","embeddable":true,"href":"https:\/\/www.aungwinter.com\/de\/wp-json\/wp\/v2\/product_brand?post=15232"},{"taxonomy":"product_cat","embeddable":true,"href":"https:\/\/www.aungwinter.com\/de\/wp-json\/wp\/v2\/product_cat?post=15232"},{"taxonomy":"product_tag","embeddable":true,"href":"https:\/\/www.aungwinter.com\/de\/wp-json\/wp\/v2\/product_tag?post=15232"},{"taxonomy":"hf_cat_product","embeddable":true,"href":"https:\/\/www.aungwinter.com\/de\/wp-json\/wp\/v2\/hf_cat_product?post=15232"}],"curies":[{"name":"wp","href":"https:\/\/api.w.org\/{rel}","templated":true}]}}