{"id":15415,"date":"2025-09-01T07:30:26","date_gmt":"2025-09-01T07:30:26","guid":{"rendered":"https:\/\/www.aungwinter.com\/?post_type=product&#038;p=15415"},"modified":"2025-09-01T07:30:27","modified_gmt":"2025-09-01T07:30:27","slug":"masgefertigte-baseballkappe-aus-dickem-fleece-mit-stickerei-im-koreanischen-stil-aus-polyester-fur-den-winter","status":"publish","type":"product","link":"https:\/\/www.aungwinter.com\/de\/product\/custom-polyester-korean-style-embroidery-fleece-thickened-winter-baseball-cap\/","title":{"rendered":"Ma\u00dfgeschneiderte Baseballkappe aus Polyester im koreanischen Stil mit Stickerei und verst\u00e4rktem Fleece f\u00fcr den Winter"},"content":{"rendered":"<table width=\"538\">\n<tbody>\n<tr>\n<td width=\"211\">Panel-Stil<\/td>\n<td width=\"327\">Mehrteiliger Hut<\/td>\n<\/tr>\n<tr>\n<td>Mustertyp<\/td>\n<td width=\"327\">Keine<\/td>\n<\/tr>\n<tr>\n<td>G\u00fcltige Saison<\/td>\n<td width=\"327\">Winter<\/td>\n<\/tr>\n<tr>\n<td>Anwendbare Szene<\/td>\n<td width=\"327\">Outdoor, Sport<\/td>\n<\/tr>\n<tr>\n<td>Logo-Position<\/td>\n<td width=\"327\">Anpassbar<\/td>\n<\/tr>\n<tr>\n<td>Material<\/td>\n<td width=\"327\">Polyester<\/td>\n<\/tr>\n<tr>\n<td>Druckverfahren<\/td>\n<td width=\"327\">Keine<\/td>\n<\/tr>\n<tr>\n<td>R\u00fcckenschluss<\/td>\n<td width=\"327\">METALLSCHNALLEN<\/td>\n<\/tr>\n<tr>\n<td>Techniken<\/td>\n<td width=\"327\">Maschinenstickerei<\/td>\n<\/tr>\n<tr>\n<td>Stil<\/td>\n<td width=\"327\">Mode<\/td>\n<\/tr>\n<tr>\n<td>Herkunft<\/td>\n<td width=\"327\">Shenzhen, China<\/td>\n<\/tr>\n<tr>\n<td>Markenname<\/td>\n<td width=\"327\">Aungwinter<\/td>\n<\/tr>\n<\/tbody>\n<\/table>","protected":false},"excerpt":{"rendered":"<p>Die Baseballkappe verf\u00fcgt \u00fcber ein weiches Fleecefutter mit verst\u00e4rktem Design f\u00fcr zus\u00e4tzliche W\u00e4rme, eine stilvolle, von Korea inspirierte Stickerei f\u00fcr einen trendigen Look und strapazierf\u00e4higes Polyestergewebe f\u00fcr angenehmen Tragekomfort im Winter.<\/p>","protected":false},"featured_media":15422,"template":"","meta":{"_seopress_robots_primary_cat":"","_seopress_titles_title":"","_seopress_titles_desc":"","_seopress_robots_index":"","_gspb_post_css":"","_jf_limit_responses":"","_jet_sm_ready_style":"","_jet_sm_style":"","_jet_sm_controls_values":"","_jet_sm_fonts_collection":"","_jet_sm_fonts_links":""},"product_brand":[],"product_cat":[69],"product_tag":[],"hf_cat_product":[],"class_list":{"0":"post-15415","1":"product","2":"type-product","3":"status-publish","4":"has-post-thumbnail","6":"product_cat-winter-baseabll-hats","8":"first","9":"instock","10":"shipping-taxable","11":"product-type-simple"},"_links":{"self":[{"href":"https:\/\/www.aungwinter.com\/de\/wp-json\/wp\/v2\/product\/15415","targetHints":{"allow":["GET"]}}],"collection":[{"href":"https:\/\/www.aungwinter.com\/de\/wp-json\/wp\/v2\/product"}],"about":[{"href":"https:\/\/www.aungwinter.com\/de\/wp-json\/wp\/v2\/types\/product"}],"wp:featuredmedia":[{"embeddable":true,"href":"https:\/\/www.aungwinter.com\/de\/wp-json\/wp\/v2\/media\/15422"}],"wp:attachment":[{"href":"https:\/\/www.aungwinter.com\/de\/wp-json\/wp\/v2\/media?parent=15415"}],"wp:term":[{"taxonomy":"product_brand","embeddable":true,"href":"https:\/\/www.aungwinter.com\/de\/wp-json\/wp\/v2\/product_brand?post=15415"},{"taxonomy":"product_cat","embeddable":true,"href":"https:\/\/www.aungwinter.com\/de\/wp-json\/wp\/v2\/product_cat?post=15415"},{"taxonomy":"product_tag","embeddable":true,"href":"https:\/\/www.aungwinter.com\/de\/wp-json\/wp\/v2\/product_tag?post=15415"},{"taxonomy":"hf_cat_product","embeddable":true,"href":"https:\/\/www.aungwinter.com\/de\/wp-json\/wp\/v2\/hf_cat_product?post=15415"}],"curies":[{"name":"wp","href":"https:\/\/api.w.org\/{rel}","templated":true}]}}