{"id":15546,"date":"2025-09-06T02:38:40","date_gmt":"2025-09-06T02:38:40","guid":{"rendered":"https:\/\/www.aungwinter.com\/?post_type=product&#038;p=15546"},"modified":"2025-09-06T02:38:40","modified_gmt":"2025-09-06T02:38:40","slug":"individuell-bestickte-acryl-pomponmutze-mit-logo","status":"publish","type":"product","link":"https:\/\/www.aungwinter.com\/de\/product\/custom-embroidery-logo-acrylic-pom-pom-beanie\/","title":{"rendered":"Individuell bestickte Acryl-Pomponm\u00fctze mit Logo"},"content":{"rendered":"<table style=\"border-collapse: collapse; width: 403.52pt;\" border=\"0\" width=\"538\" cellspacing=\"0\" cellpadding=\"0\">\n<tbody>\n<tr style=\"height: 37.00pt;\">\n<td style=\"height: 37.00pt; width: 158.25pt;\" width=\"211\" height=\"49\">Modellnummer<\/td>\n<td class=\"et2\" style=\"width: 245.25pt;\" width=\"327\">Wbeh2410-08<\/td>\n<\/tr>\n<tr style=\"height: 37.00pt;\">\n<td style=\"height: 37.00pt;\" height=\"49\">Stil<\/td>\n<td class=\"et2\" style=\"width: 245.25pt;\" width=\"327\">Gestreift<\/td>\n<\/tr>\n<tr style=\"height: 37.00pt;\">\n<td style=\"height: 37.00pt;\" height=\"49\">Anwendbare Szene<\/td>\n<td class=\"et2\" style=\"width: 245.25pt;\" width=\"327\">Freizeit, Outdoor, Reisen, Sport usw.<\/td>\n<\/tr>\n<tr style=\"height: 37.00pt;\">\n<td style=\"height: 37.00pt;\" height=\"49\">Stoffmerkmale<\/td>\n<td class=\"et2\" style=\"width: 245.25pt;\" width=\"327\">GEMEINSAM<\/td>\n<\/tr>\n<tr style=\"height: 37.00pt;\">\n<td style=\"height: 37.00pt;\" height=\"49\">Logo-Gestaltung<\/td>\n<td class=\"et2\" style=\"width: 245.25pt;\" width=\"327\">Sonstiges, Jacquard, 3D-Stickerei<\/td>\n<\/tr>\n<tr style=\"height: 37.00pt;\">\n<td style=\"height: 37.00pt;\" height=\"49\">Kopfumfang<\/td>\n<td class=\"et2\" style=\"width: 245.25pt;\" width=\"327\">56\u201358 cm<\/td>\n<\/tr>\n<tr style=\"height: 37.00pt;\">\n<td style=\"height: 37.00pt;\" height=\"49\">Mustertyp<\/td>\n<td class=\"et2\" style=\"width: 245.25pt;\" width=\"327\">Zeichen, Buchstabe, Vollfl\u00e4chig, Gestreift<\/td>\n<\/tr>\n<tr style=\"height: 35.00pt;\">\n<td style=\"height: 35.00pt;\" height=\"46\">Geschlecht<\/td>\n<td class=\"et2\" style=\"width: 245.25pt;\" width=\"327\">Unisex<\/td>\n<\/tr>\n<tr style=\"height: 37.00pt;\">\n<td style=\"height: 37.00pt;\" height=\"49\">Altersgruppe<\/td>\n<td class=\"et2\" style=\"width: 245.25pt;\" width=\"327\">Erwachsene<\/td>\n<\/tr>\n<tr style=\"height: 37.00pt;\">\n<td style=\"height: 37.00pt;\" height=\"49\">Techniken<\/td>\n<td class=\"et2\" style=\"width: 245.25pt;\" width=\"327\">Maschinenstickerei<\/td>\n<\/tr>\n<tr style=\"height: 37.00pt;\">\n<td style=\"height: 37.00pt;\" height=\"49\">Material<\/td>\n<td class=\"et2\" style=\"width: 245.25pt;\" width=\"327\">100% Acryl<\/td>\n<\/tr>\n<tr style=\"height: 37.00pt;\">\n<td style=\"height: 37.00pt;\" height=\"49\">Dekoration<\/td>\n<td class=\"et2\" style=\"width: 245.25pt;\" width=\"327\">anderer<\/td>\n<\/tr>\n<tr style=\"height: 37.00pt;\">\n<td style=\"height: 37.00pt;\" height=\"49\">Modellnummer<\/td>\n<td class=\"et2\" style=\"width: 245.25pt;\" width=\"327\">SFG-210318-4<\/td>\n<\/tr>\n<tr style=\"height: 37.00pt;\">\n<td style=\"height: 37.00pt;\" height=\"49\">Herkunftsort<\/td>\n<td class=\"et2\" style=\"width: 245.25pt;\" width=\"327\">Guangdong, China<\/td>\n<\/tr>\n<tr style=\"height: 37.00pt;\">\n<td style=\"height: 37.00pt;\" height=\"49\">Markenname<\/td>\n<td class=\"et2\" style=\"width: 245.25pt;\" width=\"327\">Aungwinter<\/td>\n<\/tr>\n<tr style=\"height: 37.00pt;\">\n<td style=\"height: 37.00pt;\" height=\"49\">Dienstleistung<\/td>\n<td class=\"et2\" style=\"width: 245.25pt;\" width=\"327\">OEM\/ODM, Design<\/td>\n<\/tr>\n<\/tbody>\n<\/table>","protected":false},"excerpt":{"rendered":"<p>Die ma\u00dfgeschneiderte M\u00fctze besteht aus weichem Acrylstrick, hat einen verspielten Bommel oben und ein personalisiertes gesticktes Logo f\u00fcr gem\u00fctliche und stilvolle Winterkleidung.<\/p>","protected":false},"featured_media":15552,"template":"","meta":{"_seopress_robots_primary_cat":"","_seopress_titles_title":"","_seopress_titles_desc":"","_seopress_robots_index":"","_gspb_post_css":"","_jf_limit_responses":"","_jet_sm_ready_style":"","_jet_sm_style":"","_jet_sm_controls_values":"","_jet_sm_fonts_collection":"","_jet_sm_fonts_links":""},"product_brand":[],"product_cat":[25],"product_tag":[],"hf_cat_product":[],"class_list":{"0":"post-15546","1":"product","2":"type-product","3":"status-publish","4":"has-post-thumbnail","6":"product_cat-pompom-beanies","8":"first","9":"instock","10":"shipping-taxable","11":"product-type-simple"},"_links":{"self":[{"href":"https:\/\/www.aungwinter.com\/de\/wp-json\/wp\/v2\/product\/15546","targetHints":{"allow":["GET"]}}],"collection":[{"href":"https:\/\/www.aungwinter.com\/de\/wp-json\/wp\/v2\/product"}],"about":[{"href":"https:\/\/www.aungwinter.com\/de\/wp-json\/wp\/v2\/types\/product"}],"wp:featuredmedia":[{"embeddable":true,"href":"https:\/\/www.aungwinter.com\/de\/wp-json\/wp\/v2\/media\/15552"}],"wp:attachment":[{"href":"https:\/\/www.aungwinter.com\/de\/wp-json\/wp\/v2\/media?parent=15546"}],"wp:term":[{"taxonomy":"product_brand","embeddable":true,"href":"https:\/\/www.aungwinter.com\/de\/wp-json\/wp\/v2\/product_brand?post=15546"},{"taxonomy":"product_cat","embeddable":true,"href":"https:\/\/www.aungwinter.com\/de\/wp-json\/wp\/v2\/product_cat?post=15546"},{"taxonomy":"product_tag","embeddable":true,"href":"https:\/\/www.aungwinter.com\/de\/wp-json\/wp\/v2\/product_tag?post=15546"},{"taxonomy":"hf_cat_product","embeddable":true,"href":"https:\/\/www.aungwinter.com\/de\/wp-json\/wp\/v2\/hf_cat_product?post=15546"}],"curies":[{"name":"wp","href":"https:\/\/api.w.org\/{rel}","templated":true}]}}