{"id":15580,"date":"2025-10-22T22:56:49","date_gmt":"2025-10-22T22:56:49","guid":{"rendered":"https:\/\/www.aungwinter.com\/?post_type=product&#038;p=15580"},"modified":"2025-10-22T22:56:49","modified_gmt":"2025-10-22T22:56:49","slug":"masgeschneiderte-modische-baumwollstrickmutze-mit-bommel","status":"publish","type":"product","link":"https:\/\/www.aungwinter.com\/de\/product\/custom-fashion-cotton-knitted-pom-pom-beanie\/","title":{"rendered":"Ma\u00dfgeschneiderte modische Baumwollstrickm\u00fctze mit Bommel"},"content":{"rendered":"<table width=\"538\">\n<tbody>\n<tr>\n<td width=\"211\">Stil<\/td>\n<td width=\"327\">Stra\u00dfenstil<\/td>\n<\/tr>\n<tr>\n<td>Anwendbare Szene<\/td>\n<td width=\"327\">Sport, Alltag, Outdoor, Freizeit usw.<\/td>\n<\/tr>\n<tr>\n<td>Stoffmerkmale<\/td>\n<td width=\"327\">GEMEINSAM<\/td>\n<\/tr>\n<tr>\n<td>Druckverfahren<\/td>\n<td width=\"327\">Sonstiges<\/td>\n<\/tr>\n<tr>\n<td>Kopfumfang<\/td>\n<td width=\"327\">56\u201358 cm<\/td>\n<\/tr>\n<tr>\n<td>Nadelerkennung<\/td>\n<td width=\"327\">Ja<\/td>\n<\/tr>\n<tr>\n<td>Mustertyp<\/td>\n<td width=\"327\">Charakter<\/td>\n<\/tr>\n<tr>\n<td>Geschlecht<\/td>\n<td width=\"327\">Unisex<\/td>\n<\/tr>\n<tr>\n<td>Altersgruppe<\/td>\n<td width=\"327\">Erwachsene<\/td>\n<\/tr>\n<tr>\n<td>Techniken<\/td>\n<td width=\"327\">Maschinenstickerei<\/td>\n<\/tr>\n<tr>\n<td>Material<\/td>\n<td width=\"327\">Baumwolle<\/td>\n<\/tr>\n<tr>\n<td>Dekoration<\/td>\n<td width=\"327\">anderer<\/td>\n<\/tr>\n<tr>\n<td>Herkunftsort<\/td>\n<td width=\"327\">Guangdong, China<\/td>\n<\/tr>\n<tr>\n<td>Dienstleistung<\/td>\n<td width=\"327\">OEM\/ODM, Design<\/td>\n<\/tr>\n<tr>\n<td>Kleine Bestellung<\/td>\n<td width=\"327\">25 St\u00fcck Stil\/Farbe<\/td>\n<\/tr>\n<tr>\n<td>Unternehmensgeschichte<\/td>\n<td width=\"327\">25 Jahre Fabrikgeschichte<\/td>\n<\/tr>\n<tr>\n<td>Verkehrsmittel<\/td>\n<td width=\"327\">DHL, FEDEX, UPS, EMS, ARMX, Seetransport, Lufttransport<\/td>\n<\/tr>\n<tr>\n<td>Gesch\u00e4ftstyp<\/td>\n<td width=\"327\">Herstellung<\/td>\n<\/tr>\n<tr>\n<td>Design<\/td>\n<td width=\"327\">Kostenloses Design<\/td>\n<\/tr>\n<tr>\n<td>Logo<\/td>\n<td width=\"327\">Sticklogo oder individuell gestaltet<\/td>\n<\/tr>\n<tr>\n<td>Farbe<\/td>\n<td width=\"327\">Individuelle Farben<\/td>\n<\/tr>\n<\/tbody>\n<\/table>","protected":false},"excerpt":{"rendered":"<p>Die ma\u00dfgeschneiderte M\u00fctze besteht aus weichem Baumwollstrick, hat einen verspielten Bommel oben und ein stilvolles Design f\u00fcr bequeme und trendige Winterkleidung.<\/p>","protected":false},"featured_media":15584,"template":"","meta":{"_seopress_robots_primary_cat":"none","_seopress_titles_title":"","_seopress_titles_desc":"","_seopress_robots_index":"","_gspb_post_css":"","_jf_limit_responses":"","_jet_sm_ready_style":"","_jet_sm_style":"","_jet_sm_controls_values":"","_jet_sm_fonts_collection":"","_jet_sm_fonts_links":""},"product_brand":[],"product_cat":[25],"product_tag":[],"hf_cat_product":[],"class_list":{"0":"post-15580","1":"product","2":"type-product","3":"status-publish","4":"has-post-thumbnail","6":"product_cat-pompom-beanies","8":"first","9":"instock","10":"shipping-taxable","11":"product-type-simple"},"_links":{"self":[{"href":"https:\/\/www.aungwinter.com\/de\/wp-json\/wp\/v2\/product\/15580","targetHints":{"allow":["GET"]}}],"collection":[{"href":"https:\/\/www.aungwinter.com\/de\/wp-json\/wp\/v2\/product"}],"about":[{"href":"https:\/\/www.aungwinter.com\/de\/wp-json\/wp\/v2\/types\/product"}],"wp:featuredmedia":[{"embeddable":true,"href":"https:\/\/www.aungwinter.com\/de\/wp-json\/wp\/v2\/media\/15584"}],"wp:attachment":[{"href":"https:\/\/www.aungwinter.com\/de\/wp-json\/wp\/v2\/media?parent=15580"}],"wp:term":[{"taxonomy":"product_brand","embeddable":true,"href":"https:\/\/www.aungwinter.com\/de\/wp-json\/wp\/v2\/product_brand?post=15580"},{"taxonomy":"product_cat","embeddable":true,"href":"https:\/\/www.aungwinter.com\/de\/wp-json\/wp\/v2\/product_cat?post=15580"},{"taxonomy":"product_tag","embeddable":true,"href":"https:\/\/www.aungwinter.com\/de\/wp-json\/wp\/v2\/product_tag?post=15580"},{"taxonomy":"hf_cat_product","embeddable":true,"href":"https:\/\/www.aungwinter.com\/de\/wp-json\/wp\/v2\/hf_cat_product?post=15580"}],"curies":[{"name":"wp","href":"https:\/\/api.w.org\/{rel}","templated":true}]}}