{"id":16092,"date":"2025-12-10T03:01:02","date_gmt":"2025-12-10T03:01:02","guid":{"rendered":"https:\/\/www.aungwinter.com\/?post_type=product&#038;p=16092"},"modified":"2025-12-10T03:01:02","modified_gmt":"2025-12-10T03:01:02","slug":"groshandel-mode-damen-strickmutze-mit-strasssteinen","status":"publish","type":"product","link":"https:\/\/www.aungwinter.com\/de\/product\/wholesale-fashion-womens-rhinestone-sparkle-knit-beanie\/","title":{"rendered":"Gro\u00dfhandel Mode Damen Strickm\u00fctze mit Strasssteinen"},"content":{"rendered":"<table width=\"780\">\n<tbody>\n<tr>\n<td width=\"272\">Material<\/td>\n<td width=\"508\">100% Acryl<\/td>\n<\/tr>\n<tr>\n<td>Mustertyp<\/td>\n<td width=\"508\">Cartoon, Camouflage, Charakter, Kariert usw.<\/td>\n<\/tr>\n<tr>\n<td>Stil<\/td>\n<td width=\"508\">Stra\u00dfenstil<\/td>\n<\/tr>\n<tr>\n<td>Anwendbare Szene<\/td>\n<td width=\"508\">Outdoor, Reisen, Sport, Alltag<\/td>\n<\/tr>\n<tr>\n<td>Kopfumfang<\/td>\n<td width=\"508\">56\u201358 cm<\/td>\n<\/tr>\n<tr>\n<td>Altersgruppe<\/td>\n<td width=\"508\">Erwachsene<\/td>\n<\/tr>\n<tr>\n<td>Geschlecht<\/td>\n<td width=\"508\">Weiblich<\/td>\n<\/tr>\n<tr>\n<td>Techniken<\/td>\n<td width=\"508\">\u00a0Maschinelle Stickerei<\/td>\n<\/tr>\n<tr>\n<td>Stoffmerkmale<\/td>\n<td width=\"508\">GEMEINSAM<\/td>\n<\/tr>\n<tr>\n<td>Nadelerkennung<\/td>\n<td>Nein<\/td>\n<\/tr>\n<tr>\n<td>Druckverfahren<\/td>\n<td>Sublimationstransferdruck, Digitaldruck, Keine<\/td>\n<\/tr>\n<tr>\n<td>Modellnummer<\/td>\n<td>AWB255213<\/td>\n<\/tr>\n<tr>\n<td>Herkunftsort<\/td>\n<td>Guangdong, China<\/td>\n<\/tr>\n<tr>\n<td>Markenname<\/td>\n<td>Aungwinter<\/td>\n<\/tr>\n<tr>\n<td>Farbe<\/td>\n<td>Individuell \/ Schwarz \/ Rot \/ Grau \/ Gelb \/ Beige \/ Weinrot<\/td>\n<\/tr>\n<tr>\n<td>Altersgruppe<\/td>\n<td>Erwachsene, Jugendliche<\/td>\n<\/tr>\n<tr>\n<td>Beanie-M\u00fctzen-Gr\u00f6\u00dfen<\/td>\n<td>23*23 cm \/ Individuell<\/td>\n<\/tr>\n<tr>\n<td>Logo und Design<\/td>\n<td>Ma\u00dfgeschneidert<\/td>\n<\/tr>\n<tr>\n<td>Kopfumfang<\/td>\n<td>54\u201358 cm (21,26\u201322,83 Zoll) \/ Sonderanfertigung<\/td>\n<\/tr>\n<tr>\n<td>Verwendung<\/td>\n<td>L\u00e4ssig, Outdoor, Warmhalten, Reisen, Geschenke, Sonderangebote<\/td>\n<\/tr>\n<tr>\n<td>Saison<\/td>\n<td>Herbst, Winter, kaltes Wetter<\/td>\n<\/tr>\n<tr>\n<td>Zertifikat<\/td>\n<td>ISO9001, SGS, EN71, California 65, CE, RoHS, REACH<\/td>\n<\/tr>\n<\/tbody>\n<\/table>","protected":false},"excerpt":{"rendered":"<p>Diese Winterm\u00fctze f\u00fcr Damen ist mit funkelnden Strasssteinen verziert und sorgt f\u00fcr einen luxuri\u00f6sen, auff\u00e4lligen und stilvollen Look.<\/p>","protected":false},"featured_media":16095,"template":"","meta":{"_seopress_robots_primary_cat":"","_seopress_titles_title":"","_seopress_titles_desc":"","_seopress_robots_index":"","_gspb_post_css":"","_jf_limit_responses":"","_jet_sm_ready_style":"","_jet_sm_style":"","_jet_sm_controls_values":"","_jet_sm_fonts_collection":"","_jet_sm_fonts_links":""},"product_brand":[],"product_cat":[65],"product_tag":[],"hf_cat_product":[],"class_list":{"0":"post-16092","1":"product","2":"type-product","3":"status-publish","4":"has-post-thumbnail","6":"product_cat-cuffed-beanies","8":"first","9":"instock","10":"shipping-taxable","11":"product-type-simple"},"_links":{"self":[{"href":"https:\/\/www.aungwinter.com\/de\/wp-json\/wp\/v2\/product\/16092","targetHints":{"allow":["GET"]}}],"collection":[{"href":"https:\/\/www.aungwinter.com\/de\/wp-json\/wp\/v2\/product"}],"about":[{"href":"https:\/\/www.aungwinter.com\/de\/wp-json\/wp\/v2\/types\/product"}],"wp:featuredmedia":[{"embeddable":true,"href":"https:\/\/www.aungwinter.com\/de\/wp-json\/wp\/v2\/media\/16095"}],"wp:attachment":[{"href":"https:\/\/www.aungwinter.com\/de\/wp-json\/wp\/v2\/media?parent=16092"}],"wp:term":[{"taxonomy":"product_brand","embeddable":true,"href":"https:\/\/www.aungwinter.com\/de\/wp-json\/wp\/v2\/product_brand?post=16092"},{"taxonomy":"product_cat","embeddable":true,"href":"https:\/\/www.aungwinter.com\/de\/wp-json\/wp\/v2\/product_cat?post=16092"},{"taxonomy":"product_tag","embeddable":true,"href":"https:\/\/www.aungwinter.com\/de\/wp-json\/wp\/v2\/product_tag?post=16092"},{"taxonomy":"hf_cat_product","embeddable":true,"href":"https:\/\/www.aungwinter.com\/de\/wp-json\/wp\/v2\/hf_cat_product?post=16092"}],"curies":[{"name":"wp","href":"https:\/\/api.w.org\/{rel}","templated":true}]}}