{"id":16112,"date":"2025-12-11T00:58:40","date_gmt":"2025-12-11T00:58:40","guid":{"rendered":"https:\/\/www.aungwinter.com\/?post_type=product&#038;p=16112"},"modified":"2025-12-11T00:58:40","modified_gmt":"2025-12-11T00:58:40","slug":"damen-herbst-winter-handgefertigte-gepragte-gestreifte-polyester-strickmutze","status":"publish","type":"product","link":"https:\/\/www.aungwinter.com\/de\/product\/womens-autumn-winter-handmade-embossed-striped-polyester-knit-beanie\/","title":{"rendered":"Handgefertigte, gestreifte Polyester-Strickm\u00fctze f\u00fcr Damen f\u00fcr Herbst und Winter"},"content":{"rendered":"<table style=\"border-collapse: collapse; width: 585.02pt;\" border=\"0\" width=\"780\" cellspacing=\"0\" cellpadding=\"0\">\n<tbody>\n<tr style=\"height: 33.00pt;\">\n<td class=\"et2\" style=\"height: 33.00pt; width: 204.00pt;\" width=\"272\" height=\"44\">Material<\/td>\n<td class=\"et3\" style=\"width: 381.00pt;\" width=\"508\">100% Polyester<\/td>\n<\/tr>\n<tr style=\"height: 33.00pt;\">\n<td class=\"et2\" style=\"height: 33.00pt;\" height=\"44\">Mustertyp<\/td>\n<td class=\"et3\" style=\"width: 381.00pt;\" width=\"508\">Gestreift<\/td>\n<\/tr>\n<tr style=\"height: 33.00pt;\">\n<td class=\"et2\" style=\"height: 33.00pt;\" height=\"44\">Stil<\/td>\n<td class=\"et3\" style=\"width: 381.00pt;\" width=\"508\">Bild<\/td>\n<\/tr>\n<tr style=\"height: 33.00pt;\">\n<td class=\"et2\" style=\"height: 33.00pt;\" height=\"44\">Anwendbare Szene<\/td>\n<td class=\"et3\" style=\"width: 381.00pt;\" width=\"508\">Im Freien, Einkaufen gehen, T\u00e4glich usw.<\/td>\n<\/tr>\n<tr style=\"height: 33.00pt;\">\n<td class=\"et2\" style=\"height: 33.00pt;\" height=\"44\">Kopfumfang<\/td>\n<td class=\"et3\" style=\"width: 381.00pt;\" width=\"508\">56\u201358 cm<\/td>\n<\/tr>\n<tr style=\"height: 33.00pt;\">\n<td class=\"et2\" style=\"height: 33.00pt;\" height=\"44\">Altersgruppe<\/td>\n<td class=\"et3\" style=\"width: 381.00pt;\" width=\"508\">Erwachsene<\/td>\n<\/tr>\n<tr style=\"height: 33.00pt;\">\n<td class=\"et2\" style=\"height: 33.00pt;\" height=\"44\">Geschlecht<\/td>\n<td class=\"et3\" style=\"width: 381.00pt;\" width=\"508\">Weiblich<\/td>\n<\/tr>\n<tr style=\"height: 33.00pt;\">\n<td class=\"et2\" style=\"height: 33.00pt;\" height=\"44\">Techniken<\/td>\n<td class=\"et3\" style=\"width: 381.00pt;\" width=\"508\">Handstickerei<\/td>\n<\/tr>\n<tr style=\"height: 33.00pt;\">\n<td class=\"et2\" style=\"height: 33.00pt;\" height=\"44\">Dekoration<\/td>\n<td class=\"et3\" style=\"width: 381.00pt;\" width=\"508\">Keine<\/td>\n<\/tr>\n<tr style=\"height: 33.00pt;\">\n<td class=\"et2\" style=\"height: 33.00pt;\" height=\"44\">Stoffmerkmale<\/td>\n<td class=\"et3\" style=\"width: 381.00pt;\" width=\"508\">GEMEINSAM<\/td>\n<\/tr>\n<tr style=\"height: 33.00pt;\">\n<td class=\"et2\" style=\"height: 33.00pt;\" height=\"44\">Nadelerkennung<\/td>\n<td class=\"et3\" style=\"width: 381.00pt;\" width=\"508\">Ja<\/td>\n<\/tr>\n<tr style=\"height: 33.00pt;\">\n<td class=\"et2\" style=\"height: 33.00pt;\" height=\"44\">Druckverfahren<\/td>\n<td class=\"et3\" style=\"width: 381.00pt;\" width=\"508\">Gepr\u00e4gt<\/td>\n<\/tr>\n<tr style=\"height: 33.00pt;\">\n<td class=\"et2\" style=\"height: 33.00pt;\" height=\"44\">Modellnummer<\/td>\n<td class=\"et3\" style=\"width: 381.00pt;\" width=\"508\">AWH-7139<\/td>\n<\/tr>\n<tr style=\"height: 33.00pt;\">\n<td class=\"et2\" style=\"height: 33.00pt;\" height=\"44\">Herkunftsort<\/td>\n<td class=\"et3\" style=\"width: 381.00pt;\" width=\"508\">Guangdong, China<\/td>\n<\/tr>\n<\/tbody>\n<\/table>","protected":false},"excerpt":{"rendered":"<p>Diese handgefertigte Damenm\u00fctze f\u00fcr Herbst und Winter besteht aus weichem, gepr\u00e4gtem Polyesterstrick mit Streifenmuster und ist warm, bequem und stilvoll f\u00fcr den Alltag.<\/p>","protected":false},"featured_media":16120,"template":"","meta":{"_seopress_robots_primary_cat":"","_seopress_titles_title":"","_seopress_titles_desc":"","_seopress_robots_index":"","_gspb_post_css":"","_jf_limit_responses":"","_jet_sm_ready_style":"","_jet_sm_style":"","_jet_sm_controls_values":"","_jet_sm_fonts_collection":"","_jet_sm_fonts_links":""},"product_brand":[],"product_cat":[65],"product_tag":[],"hf_cat_product":[],"class_list":{"0":"post-16112","1":"product","2":"type-product","3":"status-publish","4":"has-post-thumbnail","6":"product_cat-cuffed-beanies","8":"first","9":"instock","10":"shipping-taxable","11":"product-type-simple"},"_links":{"self":[{"href":"https:\/\/www.aungwinter.com\/de\/wp-json\/wp\/v2\/product\/16112","targetHints":{"allow":["GET"]}}],"collection":[{"href":"https:\/\/www.aungwinter.com\/de\/wp-json\/wp\/v2\/product"}],"about":[{"href":"https:\/\/www.aungwinter.com\/de\/wp-json\/wp\/v2\/types\/product"}],"wp:featuredmedia":[{"embeddable":true,"href":"https:\/\/www.aungwinter.com\/de\/wp-json\/wp\/v2\/media\/16120"}],"wp:attachment":[{"href":"https:\/\/www.aungwinter.com\/de\/wp-json\/wp\/v2\/media?parent=16112"}],"wp:term":[{"taxonomy":"product_brand","embeddable":true,"href":"https:\/\/www.aungwinter.com\/de\/wp-json\/wp\/v2\/product_brand?post=16112"},{"taxonomy":"product_cat","embeddable":true,"href":"https:\/\/www.aungwinter.com\/de\/wp-json\/wp\/v2\/product_cat?post=16112"},{"taxonomy":"product_tag","embeddable":true,"href":"https:\/\/www.aungwinter.com\/de\/wp-json\/wp\/v2\/product_tag?post=16112"},{"taxonomy":"hf_cat_product","embeddable":true,"href":"https:\/\/www.aungwinter.com\/de\/wp-json\/wp\/v2\/hf_cat_product?post=16112"}],"curies":[{"name":"wp","href":"https:\/\/api.w.org\/{rel}","templated":true}]}}