{"id":2119,"date":"2025-08-14T02:12:56","date_gmt":"2025-08-14T02:12:56","guid":{"rendered":"https:\/\/www.aungwinter.com\/?post_type=product&#038;p=2119"},"modified":"2025-09-03T00:39:59","modified_gmt":"2025-09-03T00:39:59","slug":"individuell-gestaltete-acryl-strickmutze-mit-umschlag-und-niedlichen-hornern","status":"publish","type":"product","link":"https:\/\/www.aungwinter.com\/de\/product\/custom-acrylic-embroidery-cuffed-beanie-with-cute-horns\/","title":{"rendered":"Individuell gestaltete Acryl-Strickm\u00fctze mit Umschlag und niedlichen H\u00f6rnern"},"content":{"rendered":"<table width=\"651\">\n<tbody>\n<tr>\n<td width=\"234\">ID<\/td>\n<td width=\"417\">CB01<\/td>\n<\/tr>\n<tr>\n<td>Gr\u00f6\u00dfe<\/td>\n<td width=\"417\">Erwachsener<\/td>\n<\/tr>\n<tr>\n<td>Stil<\/td>\n<td width=\"417\">L\u00e4ssig &amp; modisch<\/td>\n<\/tr>\n<tr>\n<td>Farbe<\/td>\n<td width=\"417\">\u00a0Mehrfarbig<\/td>\n<\/tr>\n<tr>\n<td>Mindestbestellmenge<\/td>\n<td width=\"417\">25 St\u00fcck\/Modell\/Farbe<\/td>\n<\/tr>\n<tr>\n<td>Material<\/td>\n<td width=\"417\">100% Acrylgewebe<\/td>\n<\/tr>\n<tr>\n<td>Logo-Gestaltung<\/td>\n<td width=\"417\">Stickerei<\/td>\n<\/tr>\n<tr>\n<td>Beispielzeit<\/td>\n<td width=\"417\">3-7 Tage f\u00fcr klassische oder Standardausf\u00fchrung<\/td>\n<\/tr>\n<tr>\n<td>Markenname<\/td>\n<td width=\"417\">Aungwinter<\/td>\n<\/tr>\n<tr>\n<td>Logo<\/td>\n<td width=\"417\">Individuelles Logo<\/td>\n<\/tr>\n<tr>\n<td>Stoff<\/td>\n<td width=\"417\">Acryl<\/td>\n<\/tr>\n<tr>\n<td>Manschette<\/td>\n<td width=\"417\">5\u20137 cm<\/td>\n<\/tr>\n<tr>\n<td>Probenahmezeit<\/td>\n<td width=\"417\">5\u20137 Tage<\/td>\n<\/tr>\n<tr>\n<td>Zahlung<\/td>\n<td width=\"417\">30 Tonnen\/Tonne<\/td>\n<\/tr>\n<tr>\n<td>Design<\/td>\n<td width=\"417\">ODM-Designs<\/td>\n<\/tr>\n<tr>\n<td>Mindestbestellmenge<\/td>\n<td width=\"417\">50 St\u00fcck<\/td>\n<\/tr>\n<tr>\n<td>Muster<\/td>\n<td width=\"417\">gestrickt<\/td>\n<\/tr>\n<\/tbody>\n<\/table>","protected":false},"excerpt":{"rendered":"<p>Die Cuffed Beanie verf\u00fcgt \u00fcber verspielte 3D-Hornakzente, ein warmes Design mit Umschlag und eine personalisierte Stickerei f\u00fcr einen stilvollen und gem\u00fctlichen Look.<\/p>","protected":false},"featured_media":2120,"template":"","meta":{"_seopress_robots_primary_cat":"none","_seopress_titles_title":"","_seopress_titles_desc":"","_seopress_robots_index":"","_gspb_post_css":"","_jf_limit_responses":"","_jet_sm_ready_style":"","_jet_sm_style":"","_jet_sm_controls_values":"","_jet_sm_fonts_collection":"","_jet_sm_fonts_links":""},"product_brand":[],"product_cat":[65],"product_tag":[],"hf_cat_product":[],"class_list":{"0":"post-2119","1":"product","2":"type-product","3":"status-publish","4":"has-post-thumbnail","6":"product_cat-cuffed-beanies","8":"first","9":"instock","10":"shipping-taxable","11":"product-type-simple"},"_links":{"self":[{"href":"https:\/\/www.aungwinter.com\/de\/wp-json\/wp\/v2\/product\/2119","targetHints":{"allow":["GET"]}}],"collection":[{"href":"https:\/\/www.aungwinter.com\/de\/wp-json\/wp\/v2\/product"}],"about":[{"href":"https:\/\/www.aungwinter.com\/de\/wp-json\/wp\/v2\/types\/product"}],"wp:featuredmedia":[{"embeddable":true,"href":"https:\/\/www.aungwinter.com\/de\/wp-json\/wp\/v2\/media\/2120"}],"wp:attachment":[{"href":"https:\/\/www.aungwinter.com\/de\/wp-json\/wp\/v2\/media?parent=2119"}],"wp:term":[{"taxonomy":"product_brand","embeddable":true,"href":"https:\/\/www.aungwinter.com\/de\/wp-json\/wp\/v2\/product_brand?post=2119"},{"taxonomy":"product_cat","embeddable":true,"href":"https:\/\/www.aungwinter.com\/de\/wp-json\/wp\/v2\/product_cat?post=2119"},{"taxonomy":"product_tag","embeddable":true,"href":"https:\/\/www.aungwinter.com\/de\/wp-json\/wp\/v2\/product_tag?post=2119"},{"taxonomy":"hf_cat_product","embeddable":true,"href":"https:\/\/www.aungwinter.com\/de\/wp-json\/wp\/v2\/hf_cat_product?post=2119"}],"curies":[{"name":"wp","href":"https:\/\/api.w.org\/{rel}","templated":true}]}}